{"id":48085,"date":"2021-02-21T17:19:57","date_gmt":"2021-02-21T17:19:57","guid":{"rendered":"https:\/\/www.autonvaraosahaku.fi\/?product=febi-bilstein-13441-sytytystulpat"},"modified":"2021-02-21T17:19:59","modified_gmt":"2021-02-21T17:19:59","slug":"febi-bilstein-13441-sytytystulpat","status":"publish","type":"product","link":"https:\/\/www.autonvaraosahaku.fi\/?product=febi-bilstein-13441-sytytystulpat","title":{"rendered":"FEBI BILSTEIN 13441 Sytytystulpat"},"content":{"rendered":"<p>Ulkokierre [mm]: M14 x 1,25; Kierteen pituus (mm): 17,5; Avainv\u00e4li: 16; K\u00e4rkiv\u00e4li (mm): 0,7; Sytytystulppa: kartioistukalla, 1-maaelektroodi, 1-maaelektroodi; Huomioi tekniset tiedot: ; MERCEDES-BENZ: 190 W201,Stufenheck W124,SL R129,SL R107,S-CLASS W126,KOMBI Kombi S124,E-CLASS W124,G-CLASS W463,COUPE C124,E-CLASS Kombi S124,G-CLASS Cabrio W463; 0001629401, 0021595403, 0021595703, 0021595803, 0021597603, 0021597803, 0031590403, 0031590503, 0031592403, 0031592803, 0031593603, 1021590203, 1021590303, 1021590503, 1021590603, 1021591003, 1021591103, A0001629401, A0021595403, A0021595703, A0021595803, A0021597603, A0021597803, A0031590403, A0031590503, A0031592403, A0031592803, A0031593603, A1021590203, A1021590303, A1021590503, A1021590603, A1021591003, A1021591103, 101000010AC; Tulpat,Sytytystulppa<\/p>\n","protected":false},"excerpt":{"rendered":"<p>FEBI BILSTEIN Sytytystulpat 13441 Tulpat,Sytytystulppa MERCEDES-BENZ,190 W201,Stufenheck W124,SL R129,SL R107,S-CLASS W126,KOMBI Kombi S124<\/p>\n","protected":false},"featured_media":0,"template":"","meta":{"site-sidebar-layout":"default","site-content-layout":"default","ast-global-header-display":"","ast-main-header-display":"","ast-hfb-above-header-display":"","ast-hfb-below-header-display":"","ast-hfb-mobile-header-display":"","site-post-title":"","ast-breadcrumbs-content":"","ast-featured-img":"","footer-sml-layout":"","theme-transparent-header-meta":"","adv-header-id-meta":"","stick-header-meta":"","header-above-stick-meta":"","header-main-stick-meta":"","header-below-stick-meta":""},"pwb-brand":[50],"product_cat":[165],"product_tag":[],"class_list":{"0":"post-48085","1":"product","2":"type-product","3":"status-publish","5":"pwb-brand-febi-bilstein","6":"product_cat-sytytystulpat","7":"desktop-align-left","8":"tablet-align-left","9":"mobile-align-left","11":"first","12":"instock","13":"product-type-external"},"brands":[{"id":50,"name":"FEBI BILSTEIN","slug":"febi-bilstein"}],"_links":{"self":[{"href":"https:\/\/www.autonvaraosahaku.fi\/index.php?rest_route=\/wp\/v2\/product\/48085","targetHints":{"allow":["GET"]}}],"collection":[{"href":"https:\/\/www.autonvaraosahaku.fi\/index.php?rest_route=\/wp\/v2\/product"}],"about":[{"href":"https:\/\/www.autonvaraosahaku.fi\/index.php?rest_route=\/wp\/v2\/types\/product"}],"wp:attachment":[{"href":"https:\/\/www.autonvaraosahaku.fi\/index.php?rest_route=%2Fwp%2Fv2%2Fmedia&parent=48085"}],"wp:term":[{"taxonomy":"pwb-brand","embeddable":true,"href":"https:\/\/www.autonvaraosahaku.fi\/index.php?rest_route=%2Fwp%2Fv2%2Fpwb-brand&post=48085"},{"taxonomy":"product_cat","embeddable":true,"href":"https:\/\/www.autonvaraosahaku.fi\/index.php?rest_route=%2Fwp%2Fv2%2Fproduct_cat&post=48085"},{"taxonomy":"product_tag","embeddable":true,"href":"https:\/\/www.autonvaraosahaku.fi\/index.php?rest_route=%2Fwp%2Fv2%2Fproduct_tag&post=48085"}],"curies":[{"name":"wp","href":"https:\/\/api.w.org\/{rel}","templated":true}]}}