{"id":48097,"date":"2021-02-21T17:19:57","date_gmt":"2021-02-21T17:19:57","guid":{"rendered":"https:\/\/www.autonvaraosahaku.fi\/?product=mapco-19784-raidetanko"},"modified":"2021-02-21T17:20:01","modified_gmt":"2021-02-21T17:20:01","slug":"mapco-19784-raidetanko","status":"publish","type":"product","link":"https:\/\/www.autonvaraosahaku.fi\/?product=mapco-19784-raidetanko","title":{"rendered":"MAPCO 19784 Raidetanko"},"content":{"rendered":"<p>Asennuspuoli: Etuakseli, vasen; Ulkokierre [mm]: M18x1,5, M12x1,5; Tarvittava kappalem\u00e4\u00e4r\u00e4: 1; parilliset tuotenumerot: 19785; Valmistusvuosi alkaen: 09\/1998; BMW: 3 E46,3 Touring E46,3 Compact E46,3 Coupe E46,3 Cabriolet E46,Z4 E85,Z4 Coupe E86; 1096897, 32106774222, 32106777503, 32111096897, 32211095955, 32211096897, 6774222<\/p>\n","protected":false},"excerpt":{"rendered":"<p>MAPCO Raidetanko 19784  BMW,3 E46,3 Touring E46,3 Compact E46,3 Coupe E46,3 Cabriolet E46,Z4 E85,Z4 Coupe E86<\/p>\n","protected":false},"featured_media":0,"template":"","meta":{"site-sidebar-layout":"default","site-content-layout":"default","ast-global-header-display":"","ast-main-header-display":"","ast-hfb-above-header-display":"","ast-hfb-below-header-display":"","ast-hfb-mobile-header-display":"","site-post-title":"","ast-breadcrumbs-content":"","ast-featured-img":"","footer-sml-layout":"","theme-transparent-header-meta":"","adv-header-id-meta":"","stick-header-meta":"","header-above-stick-meta":"","header-main-stick-meta":"","header-below-stick-meta":""},"pwb-brand":[36],"product_cat":[258],"product_tag":[],"class_list":{"0":"post-48097","1":"product","2":"type-product","3":"status-publish","5":"pwb-brand-mapco","6":"product_cat-raidetanko","7":"desktop-align-left","8":"tablet-align-left","9":"mobile-align-left","11":"first","12":"instock","13":"product-type-external"},"brands":[{"id":36,"name":"MAPCO","slug":"mapco"}],"_links":{"self":[{"href":"https:\/\/www.autonvaraosahaku.fi\/index.php?rest_route=\/wp\/v2\/product\/48097","targetHints":{"allow":["GET"]}}],"collection":[{"href":"https:\/\/www.autonvaraosahaku.fi\/index.php?rest_route=\/wp\/v2\/product"}],"about":[{"href":"https:\/\/www.autonvaraosahaku.fi\/index.php?rest_route=\/wp\/v2\/types\/product"}],"wp:attachment":[{"href":"https:\/\/www.autonvaraosahaku.fi\/index.php?rest_route=%2Fwp%2Fv2%2Fmedia&parent=48097"}],"wp:term":[{"taxonomy":"pwb-brand","embeddable":true,"href":"https:\/\/www.autonvaraosahaku.fi\/index.php?rest_route=%2Fwp%2Fv2%2Fpwb-brand&post=48097"},{"taxonomy":"product_cat","embeddable":true,"href":"https:\/\/www.autonvaraosahaku.fi\/index.php?rest_route=%2Fwp%2Fv2%2Fproduct_cat&post=48097"},{"taxonomy":"product_tag","embeddable":true,"href":"https:\/\/www.autonvaraosahaku.fi\/index.php?rest_route=%2Fwp%2Fv2%2Fproduct_tag&post=48097"}],"curies":[{"name":"wp","href":"https:\/\/api.w.org\/{rel}","templated":true}]}}