{"id":48113,"date":"2021-02-21T17:20:03","date_gmt":"2021-02-21T17:20:03","guid":{"rendered":"https:\/\/www.autonvaraosahaku.fi\/?product=facet-7-8486-termostaatti"},"modified":"2021-02-21T17:20:06","modified_gmt":"2021-02-21T17:20:06","slug":"facet-7-8486-termostaatti","status":"publish","type":"product","link":"https:\/\/www.autonvaraosahaku.fi\/?product=facet-7-8486-termostaatti","title":{"rendered":"FACET 7.8486 Termostaatti"},"content":{"rendered":"<p>Avausl\u00e4mp\u00f6tila [\u00b0C]: 83; Kotelomalli: Integroitu koppi; lis\u00e4tieto: Made in Italy &#8211; OE Equivalent; Moottorinumero: 8HX (DV4TD); MAZDA: 2 DY,2 DE; FORD: FIESTA V JH_, JD_,FIESTA VI,FUSION JU_,FIESTA V Van,FIESTA VI Van; CITRO\u00cbN: C1 PM_, PN_,C2 JM_,C3 I FC_,XSARA N1,C3 Pluriel HB_,XSARA Break N2,XSARA Coupe N0,NEMO Kasten AA_,NEMO Kombi,C2 ENTERPRISE; PEUGEOT: 206 Schr\u00e4gheck 2A\/C,207 WA_, WC_,307 3A\/C,107,206 SW 2E\/K,307 Break 3E,1007 KM_,206 Stufenheck,BIPPER AA_,BIPPER Tepee,206 Van,207 Van; 1336V6, 9654393880, 9671565980, 1148098, 1348620, 1485768, 1516694, 1633908, 2S6Q8A586AA, 2S6Q8A586AB, 2S6Q8A586AC, 2S6Q8A586AD, 8M5Q8A586AA, Y401151H0, Y401151H0A, Y401151H0B, Y401151H0C, 1336V6, 1769073J01, 1769073J01000, SU00100713; Termostaatti, J\u00e4\u00e4hdytysneste<\/p>\n","protected":false},"excerpt":{"rendered":"<p>FACET Termostaatti 7.8486 Termostaatti, J\u00e4\u00e4hdytysneste MAZDA,FORD,CITRO\u00cbN,2 DY,2 DE,FIESTA V JH_, JD_,FIESTA VI,FUSION JU_,FIESTA V Van,FIESTA VI Van<\/p>\n","protected":false},"featured_media":0,"template":"","meta":{"site-sidebar-layout":"default","site-content-layout":"default","ast-global-header-display":"","ast-main-header-display":"","ast-hfb-above-header-display":"","ast-hfb-below-header-display":"","ast-hfb-mobile-header-display":"","site-post-title":"","ast-breadcrumbs-content":"","ast-featured-img":"","footer-sml-layout":"","theme-transparent-header-meta":"","adv-header-id-meta":"","stick-header-meta":"","header-above-stick-meta":"","header-main-stick-meta":"","header-below-stick-meta":""},"pwb-brand":[263],"product_cat":[174],"product_tag":[],"class_list":{"0":"post-48113","1":"product","2":"type-product","3":"status-publish","5":"pwb-brand-facet","6":"product_cat-termostaatti","7":"desktop-align-left","8":"tablet-align-left","9":"mobile-align-left","11":"first","12":"instock","13":"product-type-external"},"brands":[{"id":263,"name":"FACET","slug":"facet"}],"_links":{"self":[{"href":"https:\/\/www.autonvaraosahaku.fi\/index.php?rest_route=\/wp\/v2\/product\/48113","targetHints":{"allow":["GET"]}}],"collection":[{"href":"https:\/\/www.autonvaraosahaku.fi\/index.php?rest_route=\/wp\/v2\/product"}],"about":[{"href":"https:\/\/www.autonvaraosahaku.fi\/index.php?rest_route=\/wp\/v2\/types\/product"}],"wp:attachment":[{"href":"https:\/\/www.autonvaraosahaku.fi\/index.php?rest_route=%2Fwp%2Fv2%2Fmedia&parent=48113"}],"wp:term":[{"taxonomy":"pwb-brand","embeddable":true,"href":"https:\/\/www.autonvaraosahaku.fi\/index.php?rest_route=%2Fwp%2Fv2%2Fpwb-brand&post=48113"},{"taxonomy":"product_cat","embeddable":true,"href":"https:\/\/www.autonvaraosahaku.fi\/index.php?rest_route=%2Fwp%2Fv2%2Fproduct_cat&post=48113"},{"taxonomy":"product_tag","embeddable":true,"href":"https:\/\/www.autonvaraosahaku.fi\/index.php?rest_route=%2Fwp%2Fv2%2Fproduct_tag&post=48113"}],"curies":[{"name":"wp","href":"https:\/\/api.w.org\/{rel}","templated":true}]}}