{"id":48160,"date":"2021-02-21T17:20:20","date_gmt":"2021-02-21T17:20:20","guid":{"rendered":"https:\/\/www.autonvaraosahaku.fi\/?product=janmor-abu49-sytytysjohto"},"modified":"2021-02-21T17:20:21","modified_gmt":"2021-02-21T17:20:21","slug":"janmor-abu49-sytytysjohto","status":"publish","type":"product","link":"https:\/\/www.autonvaraosahaku.fi\/?product=janmor-abu49-sytytysjohto","title":{"rendered":"JANMOR ABU49 Sytytysjohto"},"content":{"rendered":"<p>Materiaali: EPDM (eteenipropeeni-dieeni-kumi); Kennon mitat: KEVLAR; Ulkol\u00e4pimitta [mm]: 7; Virranjakaja: Liit\u00e4nt\u00e4 M4; Sytytysjohto: Liit\u00e4nt\u00e4 SAE; Pituus 1 (mm): 600; Pituus 2 (mm): 640; Pituus 3 [mm]: 780; Pituus 4 [mm]: 860; VW: GOLF IV 1J1,TOURAN 1T1, 1T2,GOLF IV Variant 1J5,CADDY III Kombi 2KB, 2KJ, 2CB, 2CJ,CADDY III Kasten 2KA, 2KH, 2CA, 2CH,BORA 1J2,NEW BEETLE 9C1, 1C1,BORA Kombi 1J6,NEW BEETLE Cabriolet 1Y7; AUDI: A3 8L1; 06A905409A, 06A905409E, 06A905409F, 06A905409H, 06A905430AH, 06A905430AJ, 06A905430AP, 06A905430AQ; Sytytysjohtosarja,Sytytyskaapeli<\/p>\n","protected":false},"excerpt":{"rendered":"<p>JANMOR Sytytysjohto ABU49 Sytytysjohtosarja,Sytytyskaapeli VW,AUDI,GOLF IV 1J1,TOURAN 1T1, 1T2,GOLF IV Variant 1J5,CADDY III Kombi 2KB, 2KJ, 2CB, 2CJ<\/p>\n","protected":false},"featured_media":0,"template":"","meta":{"site-sidebar-layout":"default","site-content-layout":"default","ast-global-header-display":"","ast-main-header-display":"","ast-hfb-above-header-display":"","ast-hfb-below-header-display":"","ast-hfb-mobile-header-display":"","site-post-title":"","ast-breadcrumbs-content":"","ast-featured-img":"","footer-sml-layout":"","theme-transparent-header-meta":"","adv-header-id-meta":"","stick-header-meta":"","header-above-stick-meta":"","header-main-stick-meta":"","header-below-stick-meta":""},"pwb-brand":[455],"product_cat":[198],"product_tag":[],"class_list":{"0":"post-48160","1":"product","2":"type-product","3":"status-publish","5":"pwb-brand-janmor","6":"product_cat-sytytysjohto","7":"desktop-align-left","8":"tablet-align-left","9":"mobile-align-left","11":"first","12":"instock","13":"product-type-external"},"brands":[{"id":455,"name":"JANMOR","slug":"janmor"}],"_links":{"self":[{"href":"https:\/\/www.autonvaraosahaku.fi\/index.php?rest_route=\/wp\/v2\/product\/48160","targetHints":{"allow":["GET"]}}],"collection":[{"href":"https:\/\/www.autonvaraosahaku.fi\/index.php?rest_route=\/wp\/v2\/product"}],"about":[{"href":"https:\/\/www.autonvaraosahaku.fi\/index.php?rest_route=\/wp\/v2\/types\/product"}],"wp:attachment":[{"href":"https:\/\/www.autonvaraosahaku.fi\/index.php?rest_route=%2Fwp%2Fv2%2Fmedia&parent=48160"}],"wp:term":[{"taxonomy":"pwb-brand","embeddable":true,"href":"https:\/\/www.autonvaraosahaku.fi\/index.php?rest_route=%2Fwp%2Fv2%2Fpwb-brand&post=48160"},{"taxonomy":"product_cat","embeddable":true,"href":"https:\/\/www.autonvaraosahaku.fi\/index.php?rest_route=%2Fwp%2Fv2%2Fproduct_cat&post=48160"},{"taxonomy":"product_tag","embeddable":true,"href":"https:\/\/www.autonvaraosahaku.fi\/index.php?rest_route=%2Fwp%2Fv2%2Fproduct_tag&post=48160"}],"curies":[{"name":"wp","href":"https:\/\/api.w.org\/{rel}","templated":true}]}}