{"id":48161,"date":"2021-02-21T17:20:20","date_gmt":"2021-02-21T17:20:20","guid":{"rendered":"https:\/\/www.autonvaraosahaku.fi\/?product=janmor-abu12-sytytysjohto"},"modified":"2021-02-21T17:20:21","modified_gmt":"2021-02-21T17:20:21","slug":"janmor-abu12-sytytysjohto","status":"publish","type":"product","link":"https:\/\/www.autonvaraosahaku.fi\/?product=janmor-abu12-sytytysjohto","title":{"rendered":"JANMOR ABU12 Sytytysjohto"},"content":{"rendered":"<p>Materiaali: EPDM (eteenipropeeni-dieeni-kumi); Kennon mitat: KEVLAR; Ulkol\u00e4pimitta [mm]: 7; Sytytyspuola: Liit\u00e4nt\u00e4 M4; Virranjakaja: Liit\u00e4nt\u00e4 M4; Sytytysjohto: Liit\u00e4nt\u00e4 M4; Pituus (cm): 60; Pituus 1 (mm): 300; Pituus 2 (mm): 400; Pituus 3 [mm]: 500; Pituus 4 [mm]: 600; VW: POLO 6N1,GOLF II 19E, 1G1,PASSAT Variant 3A5, 35I,GOLF I Cabriolet 155,PASSAT 3A2, 35I,CORRADO 53I,POLO CLASSIC 6KV2,SCIROCCO 53B,CADDY I 14,JETTA II 19E, 1G2, 165,PASSAT Variant 32B,PASSAT 32B,PASSAT Stufenheck 32B,SANTANA 32B; SEAT: IBIZA II 6K1,CORDOBA 6K1, 6K2,CORDOBA Vario 6K1,TOLEDO I 1L; Sytytysjohtosarja,Sytytyskaapeli<\/p>\n","protected":false},"excerpt":{"rendered":"<p>JANMOR Sytytysjohto ABU12 Sytytysjohtosarja,Sytytyskaapeli VW,SEAT,POLO 6N1,GOLF II 19E, 1G1,PASSAT Variant 3A5, 35I,GOLF I Cabriolet 155<\/p>\n","protected":false},"featured_media":0,"template":"","meta":{"site-sidebar-layout":"default","site-content-layout":"default","ast-global-header-display":"","ast-main-header-display":"","ast-hfb-above-header-display":"","ast-hfb-below-header-display":"","ast-hfb-mobile-header-display":"","site-post-title":"","ast-breadcrumbs-content":"","ast-featured-img":"","footer-sml-layout":"","theme-transparent-header-meta":"","adv-header-id-meta":"","stick-header-meta":"","header-above-stick-meta":"","header-main-stick-meta":"","header-below-stick-meta":""},"pwb-brand":[455],"product_cat":[198],"product_tag":[],"class_list":{"0":"post-48161","1":"product","2":"type-product","3":"status-publish","5":"pwb-brand-janmor","6":"product_cat-sytytysjohto","7":"desktop-align-left","8":"tablet-align-left","9":"mobile-align-left","11":"first","12":"instock","13":"product-type-external"},"brands":[{"id":455,"name":"JANMOR","slug":"janmor"}],"_links":{"self":[{"href":"https:\/\/www.autonvaraosahaku.fi\/index.php?rest_route=\/wp\/v2\/product\/48161","targetHints":{"allow":["GET"]}}],"collection":[{"href":"https:\/\/www.autonvaraosahaku.fi\/index.php?rest_route=\/wp\/v2\/product"}],"about":[{"href":"https:\/\/www.autonvaraosahaku.fi\/index.php?rest_route=\/wp\/v2\/types\/product"}],"wp:attachment":[{"href":"https:\/\/www.autonvaraosahaku.fi\/index.php?rest_route=%2Fwp%2Fv2%2Fmedia&parent=48161"}],"wp:term":[{"taxonomy":"pwb-brand","embeddable":true,"href":"https:\/\/www.autonvaraosahaku.fi\/index.php?rest_route=%2Fwp%2Fv2%2Fpwb-brand&post=48161"},{"taxonomy":"product_cat","embeddable":true,"href":"https:\/\/www.autonvaraosahaku.fi\/index.php?rest_route=%2Fwp%2Fv2%2Fproduct_cat&post=48161"},{"taxonomy":"product_tag","embeddable":true,"href":"https:\/\/www.autonvaraosahaku.fi\/index.php?rest_route=%2Fwp%2Fv2%2Fproduct_tag&post=48161"}],"curies":[{"name":"wp","href":"https:\/\/api.w.org\/{rel}","templated":true}]}}