{"id":48176,"date":"2021-02-21T17:20:20","date_gmt":"2021-02-21T17:20:20","guid":{"rendered":"https:\/\/www.autonvaraosahaku.fi\/?product=fa1-765-901-pakoputken-asennussarja"},"modified":"2021-02-21T17:20:24","modified_gmt":"2021-02-21T17:20:24","slug":"fa1-765-901-pakoputken-asennussarja","status":"publish","type":"product","link":"https:\/\/www.autonvaraosahaku.fi\/?product=fa1-765-901-pakoputken-asennussarja","title":{"rendered":"FA1 765-901 Pakoputken asennussarja"},"content":{"rendered":"<p>Tarvittava kappalem\u00e4\u00e4r\u00e4: 4; NISSAN: QASHQAI \/ QASHQAI +2 J10, JJ10,MICRA III K12,X-TRAIL T30,MICRA II K11,NOTE E11,ALMERA TINO V10,JUKE F15,MICRA IV K13,PRIMERA P12,NV200 EVALIA,MICRA C+C K12,NOTE E12,PRIMERA Hatchback P12,TIIDA Schr\u00e4gheck,NV200 Kasten,ALMERA Mk II N16,PULSAR Schr\u00e4gheck C13; DAIHATSU: SIRION M1,TERIOS J1; SUZUKI: SWIFT III MZ, EZ,GRAND VITARA II JT,SX4 EY, GY,SAMURAI SJ,GRAND VITARA I FT,WAGON R+ MM,LIANA ER,WAGON R+ EM,SAMURAI Gel\u00e4ndewagen offen SJ; TOYOTA: AVENSIS _T22_,AVENSIS Station Wagon _T22_,AVENSIS Liftback _T22_; FIAT: SEDICI; 1715287201, 1715287201000, 1715287702, 1715287702000, 1715297201000, 1715297401, 1715297401000, 1715297503, 1715297503000, 17152B1010, 17152B1010000, 2007441B10, 200744M400, 1449282600, 1449267D00, 1449267D00000, 1449282001, 1449282001000, 1449282600, 1449282600000, 1449282610, 1449282610000, 1449285C00, 1449285C00000, 3452563<\/p>\n","protected":false},"excerpt":{"rendered":"<p>FA1 Jousi, Vaimennin 765-901  NISSAN,DAIHATSU,SUZUKI,QASHQAI \/ QASHQAI +2 J10, JJ10,MICRA III K12,X-TRAIL T30,MICRA II K11,NOTE E11,ALMERA TINO V10<\/p>\n","protected":false},"featured_media":0,"template":"","meta":{"site-sidebar-layout":"default","site-content-layout":"default","ast-global-header-display":"","ast-main-header-display":"","ast-hfb-above-header-display":"","ast-hfb-below-header-display":"","ast-hfb-mobile-header-display":"","site-post-title":"","ast-breadcrumbs-content":"","ast-featured-img":"","footer-sml-layout":"","theme-transparent-header-meta":"","adv-header-id-meta":"","stick-header-meta":"","header-above-stick-meta":"","header-main-stick-meta":"","header-below-stick-meta":""},"pwb-brand":[39],"product_cat":[101],"product_tag":[],"class_list":{"0":"post-48176","1":"product","2":"type-product","3":"status-publish","5":"pwb-brand-fa1","6":"product_cat-pakoputken-asennussarja","7":"desktop-align-left","8":"tablet-align-left","9":"mobile-align-left","11":"first","12":"instock","13":"product-type-external"},"brands":[{"id":39,"name":"FA1","slug":"fa1"}],"_links":{"self":[{"href":"https:\/\/www.autonvaraosahaku.fi\/index.php?rest_route=\/wp\/v2\/product\/48176","targetHints":{"allow":["GET"]}}],"collection":[{"href":"https:\/\/www.autonvaraosahaku.fi\/index.php?rest_route=\/wp\/v2\/product"}],"about":[{"href":"https:\/\/www.autonvaraosahaku.fi\/index.php?rest_route=\/wp\/v2\/types\/product"}],"wp:attachment":[{"href":"https:\/\/www.autonvaraosahaku.fi\/index.php?rest_route=%2Fwp%2Fv2%2Fmedia&parent=48176"}],"wp:term":[{"taxonomy":"pwb-brand","embeddable":true,"href":"https:\/\/www.autonvaraosahaku.fi\/index.php?rest_route=%2Fwp%2Fv2%2Fpwb-brand&post=48176"},{"taxonomy":"product_cat","embeddable":true,"href":"https:\/\/www.autonvaraosahaku.fi\/index.php?rest_route=%2Fwp%2Fv2%2Fproduct_cat&post=48176"},{"taxonomy":"product_tag","embeddable":true,"href":"https:\/\/www.autonvaraosahaku.fi\/index.php?rest_route=%2Fwp%2Fv2%2Fproduct_tag&post=48176"}],"curies":[{"name":"wp","href":"https:\/\/api.w.org\/{rel}","templated":true}]}}