{"id":48212,"date":"2021-02-21T17:20:31","date_gmt":"2021-02-21T17:20:31","guid":{"rendered":"https:\/\/www.autonvaraosahaku.fi\/?product=luk-600-0171-00-kytkinpaketti"},"modified":"2021-02-21T17:20:34","modified_gmt":"2021-02-21T17:20:34","slug":"luk-600-0171-00-kytkinpaketti","status":"publish","type":"product","link":"https:\/\/www.autonvaraosahaku.fi\/?product=luk-600-0171-00-kytkinpaketti","title":{"rendered":"LuK 600 0171 00 Kytkinpaketti"},"content":{"rendered":"<p>Lis\u00e4tarvike\/lis\u00e4tieto: Irroitusmekanismilla, ilman ohjauslaakeria; Korvaava tuote\/korvaava tiedote 2: Vauhtipy\u00f6r\u00e4ll\u00e4, Ruuvisarjalla, Ruuvisarjalla, Erikoisty\u00f6kalu tarpeen asennuksessa, Kaksoismassavauhtipy\u00f6r\u00e4 ilman kitka-ohjauslevy\u00e4; J\u00e4lkis\u00e4\u00e4t\u00f6: Automaattisella s\u00e4\u00e4d\u00f6ll\u00e4, Automaattisella s\u00e4\u00e4d\u00f6ll\u00e4; Kiinnitysreikien lukum\u00e4\u00e4r\u00e4: 8, 8; suurin p\u00e4\u00e4st\u00f6kulma [Grad]: 19; Hammaslukum\u00e4\u00e4r\u00e4 (suurimman p\u00e4\u00e4st\u00f6kulman ilmoitus): 6; suurin heitto [mm]: 2,9; Tuotelinja: BR 0241; Valmistusvuoteen: 01\/2007; FORD: FOCUS II Kombi DA_,FOCUS II DA_,S-MAX WA6,FOCUS C-MAX,GALAXY WA6,C-MAX DM2,FOCUS II Stufenheck DA_; 1352798, 1352894, 1352895, 1352896, 1355873, 1363710, 1364232, 1364233, 1364234, 1364236, 1376338, 1376339, 1376342, 1383693, 1387086, 1387087, 1405847, 1405848, 1423914, 1435146, 1447101, 1458254, 1468699, 1480013, 1495801, 1495802, 1498312, 1506751, 1516688, 1524558, 1536110, 1672435, 1677271, 1692280, 3M516477L, 3M516477LB, 3M516477LC, 3M516477LD, 3M517540L1B, 3M517540L1C, 3M517540L1D, 3M517540L1E, 3M517540L1F, 3M517540L2B, 3M517540L2D, 3M517540L3D, 6G916477BA, 6G916477BB, 6G916477EB, 6G916477EC, 6G916477FA, 6G917540B1B, 6G917540B1C, 6G917540B1D, 6G917540B1E, 6G917540B1F, 6G917540B1G, 6G917540B2C, RM3M517540LD, RM3M517540LE, RM3M517540LF, RM6G917540BE, RM6G917540BF, RM6G917540BG; Kytkinsarja<\/p>\n","protected":false},"excerpt":{"rendered":"<p>LuK Kytkinpaketti 600 0171 00 Kytkinsarja FORD,FOCUS II Kombi DA_,FOCUS II DA_,S-MAX WA6,FOCUS C-MAX,GALAXY WA6,C-MAX DM2,FOCUS II Stufenheck DA_<\/p>\n","protected":false},"featured_media":0,"template":"","meta":{"site-sidebar-layout":"default","site-content-layout":"default","ast-global-header-display":"","ast-main-header-display":"","ast-hfb-above-header-display":"","ast-hfb-below-header-display":"","ast-hfb-mobile-header-display":"","site-post-title":"","ast-breadcrumbs-content":"","ast-featured-img":"","footer-sml-layout":"","theme-transparent-header-meta":"","adv-header-id-meta":"","stick-header-meta":"","header-above-stick-meta":"","header-main-stick-meta":"","header-below-stick-meta":""},"pwb-brand":[20],"product_cat":[21],"product_tag":[],"class_list":{"0":"post-48212","1":"product","2":"type-product","3":"status-publish","5":"pwb-brand-luk","6":"product_cat-kytkinpaketti","7":"desktop-align-left","8":"tablet-align-left","9":"mobile-align-left","11":"first","12":"instock","13":"product-type-external"},"brands":[{"id":20,"name":"LuK","slug":"luk"}],"_links":{"self":[{"href":"https:\/\/www.autonvaraosahaku.fi\/index.php?rest_route=\/wp\/v2\/product\/48212","targetHints":{"allow":["GET"]}}],"collection":[{"href":"https:\/\/www.autonvaraosahaku.fi\/index.php?rest_route=\/wp\/v2\/product"}],"about":[{"href":"https:\/\/www.autonvaraosahaku.fi\/index.php?rest_route=\/wp\/v2\/types\/product"}],"wp:attachment":[{"href":"https:\/\/www.autonvaraosahaku.fi\/index.php?rest_route=%2Fwp%2Fv2%2Fmedia&parent=48212"}],"wp:term":[{"taxonomy":"pwb-brand","embeddable":true,"href":"https:\/\/www.autonvaraosahaku.fi\/index.php?rest_route=%2Fwp%2Fv2%2Fpwb-brand&post=48212"},{"taxonomy":"product_cat","embeddable":true,"href":"https:\/\/www.autonvaraosahaku.fi\/index.php?rest_route=%2Fwp%2Fv2%2Fproduct_cat&post=48212"},{"taxonomy":"product_tag","embeddable":true,"href":"https:\/\/www.autonvaraosahaku.fi\/index.php?rest_route=%2Fwp%2Fv2%2Fproduct_tag&post=48212"}],"curies":[{"name":"wp","href":"https:\/\/api.w.org\/{rel}","templated":true}]}}