{"id":48226,"date":"2021-02-21T17:20:37","date_gmt":"2021-02-21T17:20:37","guid":{"rendered":"https:\/\/www.autonvaraosahaku.fi\/?product=mahle-original-008-65-n0-mannanrenkaat"},"modified":"2021-02-21T17:20:39","modified_gmt":"2021-02-21T17:20:39","slug":"mahle-original-008-65-n0-mannanrenkaat","status":"publish","type":"product","link":"https:\/\/www.autonvaraosahaku.fi\/?product=mahle-original-008-65-n0-mannanrenkaat","title":{"rendered":"MAHLE ORIGINAL 008 65 N0 M\u00e4nn\u00e4nrenkaat"},"content":{"rendered":"<p>Sylinterin halkaisija [mm]: 84,0; Komponenttinumero: 1. R 1,5 Cr, 2. NM 2,0 P, 3. GSF 3,94 P; Moottorinumeroon: 1542400; SEAT: 131; LANCIA: DELTA I 831AB0,THEMA 834,BETA Spider 828BS,BETA Coupe 828BC,DEDRA 835,BETA MONTE CARLO 137AS, 137BS,BETA  H.P.E. 828BF,THEMA SW 834,BETA 828_B_,PRISMA 831AB0,TREVI 828DB; ALFA ROMEO: 164 164; FIAT: 124 Spider,TIPO 160,CROMA 154,TEMPRA 159,131,RITMO I 138A,TEMPRA S.W. 159,132,REGATA 138,ARGENTA 132A,RITMO Cabriolet,131 Familiare\/Panorama,REGATA Weekend 138; MORGAN: PLUS FOUR; 0000001901065, 0000005881629, 0000005881832, 05881626, 05881832, 1901065, 5881626, 5881629; M\u00e4nn\u00e4nrengassarja<\/p>\n","protected":false},"excerpt":{"rendered":"<p>MAHLE ORIGINAL M\u00e4nn\u00e4nrenkaat 008 65 N0 M\u00e4nn\u00e4nrengassarja SEAT,LANCIA,ALFA ROMEO,131,DELTA I 831AB0,THEMA 834,BETA Spider 828BS,BETA Coupe 828BC<\/p>\n","protected":false},"featured_media":0,"template":"","meta":{"site-sidebar-layout":"default","site-content-layout":"default","ast-global-header-display":"","ast-main-header-display":"","ast-hfb-above-header-display":"","ast-hfb-below-header-display":"","ast-hfb-mobile-header-display":"","site-post-title":"","ast-breadcrumbs-content":"","ast-featured-img":"","footer-sml-layout":"","theme-transparent-header-meta":"","adv-header-id-meta":"","stick-header-meta":"","header-above-stick-meta":"","header-main-stick-meta":"","header-below-stick-meta":""},"pwb-brand":[153],"product_cat":[154],"product_tag":[],"class_list":{"0":"post-48226","1":"product","2":"type-product","3":"status-publish","5":"pwb-brand-mahle-original","6":"product_cat-mannanrenkaat","7":"desktop-align-left","8":"tablet-align-left","9":"mobile-align-left","11":"first","12":"instock","13":"product-type-external"},"brands":[{"id":153,"name":"MAHLE ORIGINAL","slug":"mahle-original"}],"_links":{"self":[{"href":"https:\/\/www.autonvaraosahaku.fi\/index.php?rest_route=\/wp\/v2\/product\/48226","targetHints":{"allow":["GET"]}}],"collection":[{"href":"https:\/\/www.autonvaraosahaku.fi\/index.php?rest_route=\/wp\/v2\/product"}],"about":[{"href":"https:\/\/www.autonvaraosahaku.fi\/index.php?rest_route=\/wp\/v2\/types\/product"}],"wp:attachment":[{"href":"https:\/\/www.autonvaraosahaku.fi\/index.php?rest_route=%2Fwp%2Fv2%2Fmedia&parent=48226"}],"wp:term":[{"taxonomy":"pwb-brand","embeddable":true,"href":"https:\/\/www.autonvaraosahaku.fi\/index.php?rest_route=%2Fwp%2Fv2%2Fpwb-brand&post=48226"},{"taxonomy":"product_cat","embeddable":true,"href":"https:\/\/www.autonvaraosahaku.fi\/index.php?rest_route=%2Fwp%2Fv2%2Fproduct_cat&post=48226"},{"taxonomy":"product_tag","embeddable":true,"href":"https:\/\/www.autonvaraosahaku.fi\/index.php?rest_route=%2Fwp%2Fv2%2Fproduct_tag&post=48226"}],"curies":[{"name":"wp","href":"https:\/\/api.w.org\/{rel}","templated":true}]}}