{"id":48242,"date":"2021-02-21T17:20:42","date_gmt":"2021-02-21T17:20:42","guid":{"rendered":"https:\/\/www.autonvaraosahaku.fi\/?product=febi-bilstein-37584-jousijalan-tukilaakeri"},"modified":"2021-02-21T17:20:43","modified_gmt":"2021-02-21T17:20:43","slug":"febi-bilstein-37584-jousijalan-tukilaakeri","status":"publish","type":"product","link":"https:\/\/www.autonvaraosahaku.fi\/?product=febi-bilstein-37584-jousijalan-tukilaakeri","title":{"rendered":"FEBI BILSTEIN 37584 Jousijalan tukilaakeri"},"content":{"rendered":"<p>Paksuus [mm]: 44,5; Sis\u00e4l\u00e4pimitta [mm]: 12,0; Materiaali: Kumi-metalli; Asennuspuoli: etuakseli molemminpuoleinen, etuakseli molemminpuoleinen; Paino [kg]: 0,53, 0,53; Valmistusvuoteen: 12\/2008; FIAT: PUNTO 188,PANDA 169,500 312,500 C 312,PANDA Van 169,PUNTO Van 188AX; 46746544, 46746544S1, 51807101, 51807101S1, 51876262, 51876262S1; Iskarin Yl\u00e4p\u00e4\u00e4,Iskunvaimentimen Yl\u00e4p\u00e4\u00e4<\/p>\n","protected":false},"excerpt":{"rendered":"<p>FEBI BILSTEIN Jousijalan Tukilaakeri 37584 Iskarin Yl\u00e4p\u00e4\u00e4,Iskunvaimentimen Yl\u00e4p\u00e4\u00e4 FIAT,PUNTO 188,PANDA 169,500 312,500 C 312,PANDA Van 169<\/p>\n","protected":false},"featured_media":0,"template":"","meta":{"site-sidebar-layout":"default","site-content-layout":"default","ast-global-header-display":"","ast-main-header-display":"","ast-hfb-above-header-display":"","ast-hfb-below-header-display":"","ast-hfb-mobile-header-display":"","site-post-title":"","ast-breadcrumbs-content":"","ast-featured-img":"","footer-sml-layout":"","theme-transparent-header-meta":"","adv-header-id-meta":"","stick-header-meta":"","header-above-stick-meta":"","header-main-stick-meta":"","header-below-stick-meta":""},"pwb-brand":[50],"product_cat":[45],"product_tag":[],"class_list":{"0":"post-48242","1":"product","2":"type-product","3":"status-publish","5":"pwb-brand-febi-bilstein","6":"product_cat-jousijalan-tukilaakeri","7":"desktop-align-left","8":"tablet-align-left","9":"mobile-align-left","11":"first","12":"instock","13":"product-type-external"},"brands":[{"id":50,"name":"FEBI BILSTEIN","slug":"febi-bilstein"}],"_links":{"self":[{"href":"https:\/\/www.autonvaraosahaku.fi\/index.php?rest_route=\/wp\/v2\/product\/48242","targetHints":{"allow":["GET"]}}],"collection":[{"href":"https:\/\/www.autonvaraosahaku.fi\/index.php?rest_route=\/wp\/v2\/product"}],"about":[{"href":"https:\/\/www.autonvaraosahaku.fi\/index.php?rest_route=\/wp\/v2\/types\/product"}],"wp:attachment":[{"href":"https:\/\/www.autonvaraosahaku.fi\/index.php?rest_route=%2Fwp%2Fv2%2Fmedia&parent=48242"}],"wp:term":[{"taxonomy":"pwb-brand","embeddable":true,"href":"https:\/\/www.autonvaraosahaku.fi\/index.php?rest_route=%2Fwp%2Fv2%2Fpwb-brand&post=48242"},{"taxonomy":"product_cat","embeddable":true,"href":"https:\/\/www.autonvaraosahaku.fi\/index.php?rest_route=%2Fwp%2Fv2%2Fproduct_cat&post=48242"},{"taxonomy":"product_tag","embeddable":true,"href":"https:\/\/www.autonvaraosahaku.fi\/index.php?rest_route=%2Fwp%2Fv2%2Fproduct_tag&post=48242"}],"curies":[{"name":"wp","href":"https:\/\/api.w.org\/{rel}","templated":true}]}}