{"id":48244,"date":"2021-02-21T17:20:42","date_gmt":"2021-02-21T17:20:42","guid":{"rendered":"https:\/\/www.autonvaraosahaku.fi\/?product=mahle-original-kl-416-1-polttoainesuodatin"},"modified":"2021-02-21T17:20:44","modified_gmt":"2021-02-21T17:20:44","slug":"mahle-original-kl-416-1-polttoainesuodatin","status":"publish","type":"product","link":"https:\/\/www.autonvaraosahaku.fi\/?product=mahle-original-kl-416-1-polttoainesuodatin","title":{"rendered":"MAHLE ORIGINAL KL 416\/1 Polttoainesuodatin"},"content":{"rendered":"<p>Suodatintyyppi: Letkusuodatin, Vorfilter; L\u00e4pimitta [mm]: 62,5; Kopan l\u00e4pimitta (mm): 55,4; Korkeus 1 (mm): 84,4; Korkeus (mm): 141,9; L\u00e4pimitta 2 [mm]: 8,0; L\u00e4pimitta 3 [mm]: 8,0; NISSAN: NAVARA D40,PATHFINDER R51,NAVARA Pritsche\/Fahrgestell D40,PRIMASTAR Bus X83,PRIMASTAR Kasten X83; DACIA: SANDERO,LOGAN MCV KS_,LOGAN LS_,LOGAN EXPRESS FS_,LOGAN Pick-up US_,SOLENZA; RENAULT: TWINGO I C06_,CLIO II BB0\/1\/2_, CB0\/1\/2_,CLIO III BR0\/1, CR0\/1,SC\u00c9NIC II JM0\/1_,KANGOO KC0\/1_,TWINGO II CN0_,MEGANE III Grandtour KZ0\/1,ESPACE IV JK0\/1_,MODUS \/ GRAND MODUS F\/JP0_,LAGUNA II Grandtour KG0\/1_,MEGANE II Kombi KM0\/1_,SC\u00c9NIC I JA0\/1_,MEGANE II Coup\u00e9-Cabriolet EM0\/1_,SC\u00c9NIC III JZ0\/1_,ESPACE III JE0_,LAGUNA III Grandtour KT0\/1,MEGANE Scenic JA0\/1_,MEGANE III Schr\u00e4gheck BZ0_,LAGUNA II BG0\/1_,MEGANE II BM0\/1_, CM0\/1_,TRAFIC II Bus JL,GRAND SC\u00c9NIC III JZ0\/1_,MEGANE I BA0\/1_,TRAFIC II Kasten FL,MEGANE III Coupe DZ0\/1_,KANGOO \/ GRAND KANGOO KW0\/1_,KANGOO Express FC0\/1_,CLIO Grandtour KR0\/1_,GRAND SC\u00c9NIC II JM0\/1_,MEGANE I Grandtour KA0\/1_,MEGANE I Cabriolet EA0\/1_,LAGUNA I B56_, 556_,CLIO I B\/C57_, 5\/357_,LAGUNA I Grandtour K56_,LAGUNA III BT0\/1,KANGOO Express FW0\/1_,MEGANE II Stufenheck LM0\/1_,TWINGO I Kasten S06_,MEGANE I Classic LA0\/1_,MEGANE I Coach DA0\/1_,MEGANE CC EZ0\/1_,VEL SATIS BJ0_,CLIO II Kasten SB0\/1\/2_,LAGUNA Coupe DT0\/1,FLUENCE L30_,AVANT; 6001546326, 7700845961, 7701068107, 8200386495, 9673849, 91159804, 16400JD51A, 1640000QAA, 16400JD51A, 4408101, 91159804, 6001543138, 6001546326, 7700845961, 7700845973, 7701068107, 8200386495, 91159804<\/p>\n","protected":false},"excerpt":{"rendered":"<p>MAHLE ORIGINAL Polttoainesuodatin KL 416\/1  NISSAN,DACIA,RENAULT,NAVARA D40,PATHFINDER R51,NAVARA Pritsche\/Fahrgestell D40,PRIMASTAR Bus X83<\/p>\n","protected":false},"featured_media":0,"template":"","meta":{"site-sidebar-layout":"default","site-content-layout":"default","ast-global-header-display":"","ast-main-header-display":"","ast-hfb-above-header-display":"","ast-hfb-below-header-display":"","ast-hfb-mobile-header-display":"","site-post-title":"","ast-breadcrumbs-content":"","ast-featured-img":"","footer-sml-layout":"","theme-transparent-header-meta":"","adv-header-id-meta":"","stick-header-meta":"","header-above-stick-meta":"","header-main-stick-meta":"","header-below-stick-meta":""},"pwb-brand":[153],"product_cat":[29],"product_tag":[],"class_list":{"0":"post-48244","1":"product","2":"type-product","3":"status-publish","5":"pwb-brand-mahle-original","6":"product_cat-polttoainesuodatin","7":"desktop-align-left","8":"tablet-align-left","9":"mobile-align-left","11":"first","12":"instock","13":"product-type-external"},"brands":[{"id":153,"name":"MAHLE ORIGINAL","slug":"mahle-original"}],"_links":{"self":[{"href":"https:\/\/www.autonvaraosahaku.fi\/index.php?rest_route=\/wp\/v2\/product\/48244","targetHints":{"allow":["GET"]}}],"collection":[{"href":"https:\/\/www.autonvaraosahaku.fi\/index.php?rest_route=\/wp\/v2\/product"}],"about":[{"href":"https:\/\/www.autonvaraosahaku.fi\/index.php?rest_route=\/wp\/v2\/types\/product"}],"wp:attachment":[{"href":"https:\/\/www.autonvaraosahaku.fi\/index.php?rest_route=%2Fwp%2Fv2%2Fmedia&parent=48244"}],"wp:term":[{"taxonomy":"pwb-brand","embeddable":true,"href":"https:\/\/www.autonvaraosahaku.fi\/index.php?rest_route=%2Fwp%2Fv2%2Fpwb-brand&post=48244"},{"taxonomy":"product_cat","embeddable":true,"href":"https:\/\/www.autonvaraosahaku.fi\/index.php?rest_route=%2Fwp%2Fv2%2Fproduct_cat&post=48244"},{"taxonomy":"product_tag","embeddable":true,"href":"https:\/\/www.autonvaraosahaku.fi\/index.php?rest_route=%2Fwp%2Fv2%2Fproduct_tag&post=48244"}],"curies":[{"name":"wp","href":"https:\/\/api.w.org\/{rel}","templated":true}]}}