{"id":48250,"date":"2021-02-21T17:20:42","date_gmt":"2021-02-21T17:20:42","guid":{"rendered":"https:\/\/www.autonvaraosahaku.fi\/?product=mapco-36628-tukivarren-hela"},"modified":"2021-02-21T17:20:45","modified_gmt":"2021-02-21T17:20:45","slug":"mapco-36628-tukivarren-hela","status":"publish","type":"product","link":"https:\/\/www.autonvaraosahaku.fi\/?product=mapco-36628-tukivarren-hela","title":{"rendered":"MAPCO 36628 Tukivarren hela"},"content":{"rendered":"<p>Kiinnitysmalli: Kumimetallilaakeri; Ohjausmalli: Poikittaistukivarrelle; Asennuspuoli: etuakseli molemminpuoleinen, Alla, Takana; Tarvittava kappalem\u00e4\u00e4r\u00e4: 2; MAZDA: 5 CR19,3 BK,3 Stufenheck BK; VOLVO: V50 MW,S40 II MS,C70 II Cabriolet; FORD: FOCUS II Kombi DA_,FOCUS II DA_,FOCUS C-MAX,KUGA I,C-MAX DM2,FOCUS II Stufenheck DA_,FOCUS II Cabriolet; 1477858, 30678440<\/p>\n","protected":false},"excerpt":{"rendered":"<p>MAPCO Tukivarren Hela 36628  MAZDA,VOLVO,FORD,5 CR19,3 BK,3 Stufenheck BK,V50 MW,S40 II MS,C70 II Cabriolet,FOCUS II Kombi DA_,FOCUS II DA_<\/p>\n","protected":false},"featured_media":0,"template":"","meta":{"site-sidebar-layout":"default","site-content-layout":"default","ast-global-header-display":"","ast-main-header-display":"","ast-hfb-above-header-display":"","ast-hfb-below-header-display":"","ast-hfb-mobile-header-display":"","site-post-title":"","ast-breadcrumbs-content":"","ast-featured-img":"","footer-sml-layout":"","theme-transparent-header-meta":"","adv-header-id-meta":"","stick-header-meta":"","header-above-stick-meta":"","header-main-stick-meta":"","header-below-stick-meta":""},"pwb-brand":[36],"product_cat":[115],"product_tag":[],"class_list":{"0":"post-48250","1":"product","2":"type-product","3":"status-publish","5":"pwb-brand-mapco","6":"product_cat-tukivarren-hela","7":"desktop-align-left","8":"tablet-align-left","9":"mobile-align-left","11":"first","12":"instock","13":"product-type-external"},"brands":[{"id":36,"name":"MAPCO","slug":"mapco"}],"_links":{"self":[{"href":"https:\/\/www.autonvaraosahaku.fi\/index.php?rest_route=\/wp\/v2\/product\/48250","targetHints":{"allow":["GET"]}}],"collection":[{"href":"https:\/\/www.autonvaraosahaku.fi\/index.php?rest_route=\/wp\/v2\/product"}],"about":[{"href":"https:\/\/www.autonvaraosahaku.fi\/index.php?rest_route=\/wp\/v2\/types\/product"}],"wp:attachment":[{"href":"https:\/\/www.autonvaraosahaku.fi\/index.php?rest_route=%2Fwp%2Fv2%2Fmedia&parent=48250"}],"wp:term":[{"taxonomy":"pwb-brand","embeddable":true,"href":"https:\/\/www.autonvaraosahaku.fi\/index.php?rest_route=%2Fwp%2Fv2%2Fpwb-brand&post=48250"},{"taxonomy":"product_cat","embeddable":true,"href":"https:\/\/www.autonvaraosahaku.fi\/index.php?rest_route=%2Fwp%2Fv2%2Fproduct_cat&post=48250"},{"taxonomy":"product_tag","embeddable":true,"href":"https:\/\/www.autonvaraosahaku.fi\/index.php?rest_route=%2Fwp%2Fv2%2Fproduct_tag&post=48250"}],"curies":[{"name":"wp","href":"https:\/\/api.w.org\/{rel}","templated":true}]}}