{"id":48260,"date":"2021-02-21T17:20:48","date_gmt":"2021-02-21T17:20:48","guid":{"rendered":"https:\/\/www.autonvaraosahaku.fi\/?product=autofren-seinsa-d41661c-jarrusatula-korjaussarja"},"modified":"2021-02-21T17:20:48","modified_gmt":"2021-02-21T17:20:48","slug":"autofren-seinsa-d41661c-jarrusatula-korjaussarja","status":"publish","type":"product","link":"https:\/\/www.autonvaraosahaku.fi\/?product=autofren-seinsa-d41661c-jarrusatula-korjaussarja","title":{"rendered":"AUTOFREN SEINSA D41661C Jarrusatula korjaussarja"},"content":{"rendered":"<p>Asennuspuoli: Etuakseli; L\u00e4pimitta [mm]: 60; T\u00e4yssarja: ; Jarruj\u00e4rjestelm\u00e4: ATE; OE-numerolle: C2C27282; Jarrulevyl\u00e4pimitalle [mm]: 326; VW: PASSAT 3B3; AUDI: A6 Avant 4F5, C6,A4 Avant 8ED, B7,A4 Avant 8E5, B6,A6 Avant 4B5, C5,A4 8E2, B6,A6 4F2, C6,A6 4B2, C5,A4 Cabriolet 8H7, B6, 8HE, B7,A4 8EC, B7,A8 4E_,A6 Allroad 4FH, C6,ALLROAD 4BH, C5; SEAT: EXEO ST 3R5,EXEO 3R2; MERCEDES-BENZ: ACTROS MP4 \/ MP5; LAND ROVER: FREELANDER 2 FA_,RANGE ROVER EVOQUE LV,RANGE ROVER EVOQUE Cabriolet LV_; JAGUAR: S-TYPE CCX,XF _J05_, CC9,XJ X350, X358,XF SPORTBRAKE CC9,XK Coupe QQ6_, _J43_,XK Cabriolet _J43_,XE X760; OPEL: VECTRA C Caravan,SIGNUM,VECTRA C,VECTRA C GTS,REKORD E 17_-19_, 11_, 14_, 16_; BMW: 5 E39,5 E60,5 Touring E61,5 Touring E39,5 Touring F11,5 F10, F18,X5 E70,7 F01, F02, F03, F04,5 Gran Turismo F07,X6 E71, E72,X5 F15, F85,6 Gran Coupe F06,6 Coupe F13,6 Cabriolet F12,X6 F16, F86; VOLVO: V70 II SW,V70 I LV,S60 I,V70 III BW,S80 I TS, XY,V60,XC70 CROSS COUNTRY,XC70 II,S80 II AS,S60 II,S70 LS; SAAB: 9-3 YS3F,9-3 Kombi YS3F,9-3 Cabriolet YS3F; 77363587, 77363686, 34111163385, 34111163386, 34116763023, 34116763024, 34116776783, 34116776784, 34116791919, 34116791920, 34116792689, 34116792690, 4400T4, 4400T5, 4400V3, 4400V4, 4400V7, 4400V8, 4401R6, 4401R7, C2C27282, C2C27284, 1379932, 1379933, 1405502, 1405504, 1432361, 1432362, 1435001, 1435002, 5181341, 5181342, 5303800, 5303801, DG9C2B294AB, DG9C2B294BA, DG9C2B302AB, DG9C2B302BA, C2C27282, C2C27284, T4N9758, LR000568, LR000569, LR007201, LR015386, LR015387, 542469, 542470, 93176375, 93176376, 93190663, 93190665, 4400V7, 4400V8, 4401R7, 410110004R, 7701049762, 7701049763, 8253965, 8253966, 12802160, 12802161, 93176375, 93176376, 4E0615123A, 4E0615124A, 4F0615123, 4F0615124, 8E0615123B, 8E0615124B, 4E0615123A, 4E0615124A, 4F0615123, 4F0615124, 8E0615123B, 8E0615124B, 36000150, 36000151, 36000375, 36000376, 8251315, 8251317, 8601556, 8601557, 8601558, 8601559, 8602676, 8602677, 8603444, 8603753, 8603754, 8603755, 8603756; Korjaussarja, Jarrusatula<\/p>\n","protected":false},"excerpt":{"rendered":"<p>AUTOFREN SEINSA Jarrusatula Korjaussarja D41661C Korjaussarja, Jarrusatula VW,AUDI,SEAT,PASSAT 3B3,A6 Avant 4F5, C6,A4 Avant 8ED, B7,A4 Avant 8E5, B6<\/p>\n","protected":false},"featured_media":0,"template":"","meta":{"site-sidebar-layout":"default","site-content-layout":"default","ast-global-header-display":"","ast-main-header-display":"","ast-hfb-above-header-display":"","ast-hfb-below-header-display":"","ast-hfb-mobile-header-display":"","site-post-title":"","ast-breadcrumbs-content":"","ast-featured-img":"","footer-sml-layout":"","theme-transparent-header-meta":"","adv-header-id-meta":"","stick-header-meta":"","header-above-stick-meta":"","header-main-stick-meta":"","header-below-stick-meta":""},"pwb-brand":[243],"product_cat":[57],"product_tag":[],"class_list":{"0":"post-48260","1":"product","2":"type-product","3":"status-publish","5":"pwb-brand-autofren-seinsa","6":"product_cat-jarrusatula-korjaussarja","7":"desktop-align-left","8":"tablet-align-left","9":"mobile-align-left","11":"first","12":"instock","13":"product-type-external"},"brands":[{"id":243,"name":"AUTOFREN SEINSA","slug":"autofren-seinsa"}],"_links":{"self":[{"href":"https:\/\/www.autonvaraosahaku.fi\/index.php?rest_route=\/wp\/v2\/product\/48260","targetHints":{"allow":["GET"]}}],"collection":[{"href":"https:\/\/www.autonvaraosahaku.fi\/index.php?rest_route=\/wp\/v2\/product"}],"about":[{"href":"https:\/\/www.autonvaraosahaku.fi\/index.php?rest_route=\/wp\/v2\/types\/product"}],"wp:attachment":[{"href":"https:\/\/www.autonvaraosahaku.fi\/index.php?rest_route=%2Fwp%2Fv2%2Fmedia&parent=48260"}],"wp:term":[{"taxonomy":"pwb-brand","embeddable":true,"href":"https:\/\/www.autonvaraosahaku.fi\/index.php?rest_route=%2Fwp%2Fv2%2Fpwb-brand&post=48260"},{"taxonomy":"product_cat","embeddable":true,"href":"https:\/\/www.autonvaraosahaku.fi\/index.php?rest_route=%2Fwp%2Fv2%2Fproduct_cat&post=48260"},{"taxonomy":"product_tag","embeddable":true,"href":"https:\/\/www.autonvaraosahaku.fi\/index.php?rest_route=%2Fwp%2Fv2%2Fproduct_tag&post=48260"}],"curies":[{"name":"wp","href":"https:\/\/api.w.org\/{rel}","templated":true}]}}