{"id":48265,"date":"2021-02-21T17:20:48","date_gmt":"2021-02-21T17:20:48","guid":{"rendered":"https:\/\/www.autonvaraosahaku.fi\/?product=jp-group-1593100100-jaahdytysnesteen-lampotila-anturi"},"modified":"2021-02-21T17:20:49","modified_gmt":"2021-02-21T17:20:49","slug":"jp-group-1593100100-jaahdytysnesteen-lampotila-anturi","status":"publish","type":"product","link":"https:\/\/www.autonvaraosahaku.fi\/?product=jp-group-1593100100-jaahdytysnesteen-lampotila-anturi","title":{"rendered":"JP GROUP 1593100100 J\u00e4\u00e4hdytysnesteen l\u00e4mp\u00f6tila anturi"},"content":{"rendered":"<p>Liittimi\u00e4: 2; V\u00e4ri: Vihre\u00e4; Paino [kg]: 0,02; Tarvittava kappalem\u00e4\u00e4r\u00e4: 1; FORD: FIESTA V JH_, JD_,FOCUS II Kombi DA_,FIESTA VI,MONDEO IV Turnier BA7,FOCUS II DA_,S-MAX WA6,FOCUS III Turnier,FOCUS C-MAX,GALAXY WA6,KUGA I,FUSION JU_,C-MAX DM2,FOCUS III,C-MAX II,MONDEO IV BA7,KUGA II DM2,GRAND C-MAX,FOCUS II Stufenheck DA_,B-MAX JK,FOCUS II Cabriolet,ECOSPORT,FOCUS III Stufenheck,MONDEO IV Stufenheck BA7,TOURNEO CONNECT \/ GRAND TOURNEO CONNECT Kombi,FIESTA V Van,FIESTA VI Van,TRANSIT CONNECT Kasten,GRAND C-MAX Van,C-MAX II Van,TOURNEO COURIER Kombi,B-MAX Van,TRANSIT CONNECT Kombi,TRANSIT COURIER Kasten,FOCUS III Kasten\/Schr\u00e4gheck,TRANSIT COURIER Kombi; FIAT: SCUDO 270_,ULYSSE 179AX,SCUDO Kasten 270_,SCUDO Kasten 220L,SCUDO Combinato 220P,SCUDO Pritsche\/Fahrgestell 270_,SCUDO Pritsche\/Fahrgestell 220_; PEUGEOT: 206 Schr\u00e4gheck 2A\/C,206 CC 2D,207 WA_, WC_,307 SW 3H,207 CC WD_,307 CC 3B,407 SW 6E_,307 3A\/C,207 SW WK_,107,308 SW,206 SW 2E\/K,208,807 E,206+ T3E,308 4A_, 4C_,5008,307 Break 3E,508 SW,607 9D, 9U,407 6D_,3008,406 Break 8E\/F,PARTNER Tepee,RCZ,308 CC,1007 KM_,PARTNER Combispace 5F,4007 GP_,2008,PARTNER Kasten 5,406 Coupe 8C,406 8B,508,407 Coupe 6C_,EXPERT Tepee VF3V_,EXPERT Kasten VF3A_, VF3U_, VF3X_,PARTNER Kasten,EXPERT Kasten 222,206 Stufenheck,BIPPER AA_,308 II,BIPPER Tepee,206 Van,EXPERT 224,4008,301,EXPERT Pritsche\/Fahrgestell 223,308 SW II,207 Van,EXPERT Pritsche\/Fahrgestell,PARTNER Pritsche\/Fahrgestell; TOYOTA: AYGO WNB1_, KGB1_; CITRO\u00cbN: C1 PM_, PN_,BERLINGO MF,XSARA PICASSO N68,C2 JM_,C3 I FC_,BERLINGO B9,C5 III Break TD_,C4 Picasso I UD_,C4 Grand Picasso I UA_,C8 EA_, EB_,C4 I LC_,DS3,BERLINGO Kasten M_,C5 II Break RE_,C3 Picasso,C5 I DC_,C5 I Break DE_,C5 III RD_,C3 II,XSARA N1,C4 Coupe LA_,C3 Pluriel HB_,C4 II B7,C5 II RC_,C-CROSSER EP_,XSARA Break N2,JUMPY,BERLINGO Kasten B9,C6 TD_,JUMPY Kasten,C4 Grand Picasso II,C4 Picasso II,DS4,XSARA Coupe N0,NEMO Kasten AA_,DS5,C4 Stufenheck L,C4 AIRCROSS,JUMPY U6U,JUMPY Kasten BS_, BT_, BY_, BZ_,C-CROSSER ENTERPRISE,DS3 Cabriolet,C2 ENTERPRISE,BERLINGO Pritsche\/Fahrgestell B9,JUMPY Pritsche\/Fahrgestell BU_, BV_, BW_, BX_,C-ELYSEE,XSARA Kasten,JUMPY Pritsche\/Fahrgestell; MAZDA: 3 BK,2 DY,2 DE,3 BL,5 CW,3 Stufenheck BK,3 Stufenheck BL; VOLVO: V50 MW,V70 III BW,C30,V60,S40 II MS,V40 Schr\u00e4gheck,S80 II AS,S60 II; SUZUKI: SX4 EY, GY,GRAND VITARA I FT,LIANA Schr\u00e4gheck,LIANA ER; MINI: MINI R56,MINI CLUBMAN R55,MINI CLUBVAN R55; LAND ROVER: FREELANDER 2 FA_,RANGE ROVER EVOQUE LV; 1338C1, 1338E2, 9632562080, 1204700, 1231943, 1342631, 1427774, 2S6Q12A648AA, 2S6Q12A648AB, 6G9Q12A648AA, C2S44029, 9632562080, LR001207, LR006857, Y40218840, Y40218840A, 13627805003, 7805003, MN982202, 1338C1, 1338E2, 1338G5, 1338G8, 1365073J00000, SU00100639, 30711088, 30757235, 8653683<\/p>\n","protected":false},"excerpt":{"rendered":"<p>JP GROUP Tunnistin, J\u00e4\u00e4hdytysnesteen L\u00e4mp\u00f6tila JP Group 1593100100  FORD,FIAT,PEUGEOT,FIESTA V JH_, JD_,FOCUS II Kombi DA_,FIESTA VI<\/p>\n","protected":false},"featured_media":0,"template":"","meta":{"site-sidebar-layout":"default","site-content-layout":"default","ast-global-header-display":"","ast-main-header-display":"","ast-hfb-above-header-display":"","ast-hfb-below-header-display":"","ast-hfb-mobile-header-display":"","site-post-title":"","ast-breadcrumbs-content":"","ast-featured-img":"","footer-sml-layout":"","theme-transparent-header-meta":"","adv-header-id-meta":"","stick-header-meta":"","header-above-stick-meta":"","header-main-stick-meta":"","header-below-stick-meta":""},"pwb-brand":[131],"product_cat":[200],"product_tag":[],"class_list":{"0":"post-48265","1":"product","2":"type-product","3":"status-publish","5":"pwb-brand-jp-group","6":"product_cat-jaahdytysnesteen-lampotila-anturi","7":"desktop-align-left","8":"tablet-align-left","9":"mobile-align-left","11":"first","12":"instock","13":"product-type-external"},"brands":[{"id":131,"name":"JP GROUP","slug":"jp-group"}],"_links":{"self":[{"href":"https:\/\/www.autonvaraosahaku.fi\/index.php?rest_route=\/wp\/v2\/product\/48265","targetHints":{"allow":["GET"]}}],"collection":[{"href":"https:\/\/www.autonvaraosahaku.fi\/index.php?rest_route=\/wp\/v2\/product"}],"about":[{"href":"https:\/\/www.autonvaraosahaku.fi\/index.php?rest_route=\/wp\/v2\/types\/product"}],"wp:attachment":[{"href":"https:\/\/www.autonvaraosahaku.fi\/index.php?rest_route=%2Fwp%2Fv2%2Fmedia&parent=48265"}],"wp:term":[{"taxonomy":"pwb-brand","embeddable":true,"href":"https:\/\/www.autonvaraosahaku.fi\/index.php?rest_route=%2Fwp%2Fv2%2Fpwb-brand&post=48265"},{"taxonomy":"product_cat","embeddable":true,"href":"https:\/\/www.autonvaraosahaku.fi\/index.php?rest_route=%2Fwp%2Fv2%2Fproduct_cat&post=48265"},{"taxonomy":"product_tag","embeddable":true,"href":"https:\/\/www.autonvaraosahaku.fi\/index.php?rest_route=%2Fwp%2Fv2%2Fproduct_tag&post=48265"}],"curies":[{"name":"wp","href":"https:\/\/api.w.org\/{rel}","templated":true}]}}