{"id":48285,"date":"2021-02-21T17:20:53","date_gmt":"2021-02-21T17:20:53","guid":{"rendered":"https:\/\/www.autonvaraosahaku.fi\/?product=ridex-402b0731-jarrupalat"},"modified":"2021-02-21T17:20:55","modified_gmt":"2021-02-21T17:20:55","slug":"ridex-402b0731-jarrupalat","status":"publish","type":"product","link":"https:\/\/www.autonvaraosahaku.fi\/?product=ridex-402b0731-jarrupalat","title":{"rendered":"RIDEX 402B0731 Jarrupalat"},"content":{"rendered":"<p>Leveys (mm): 117,5; Korkeus (mm): 58,5; Paksuus [mm]: 17; Kulumisenilmaisimen liitos: Ilman kulumisenilmaisinta; WVA-numero: 23864; Jarruj\u00e4rjestelm\u00e4: Akebono; M\u00e4\u00e4r\u00e4yksikk\u00f6: Akselisarja; Asennuspuoli: Etuakseli, Vorderachse; TOYOTA: COROLLA Kombi _E12J_, _E12T_,COROLLA Verso ZDE12_, CDE12_,CELICA ZZT23_,MATRIX ZZE13_; 0446521030, 0446513030, 044651A010, 0446520500, 0446520540, 0446520570, 044652B010, 044652B030, 044652B040, 0446530330, 0446530480, 044653048079, 0446532191, 0446532220, 04465YZZDF; Jarrupalasarja,Jarrupala, Levyjarru<\/p>\n","protected":false},"excerpt":{"rendered":"<p>RIDEX Jarrupalat 402B0731 Jarrupalasarja,Jarrupala, Levyjarru TOYOTA,COROLLA Kombi _E12J_, _E12T_,COROLLA Verso ZDE12_, CDE12_,CELICA ZZT23_<\/p>\n","protected":false},"featured_media":0,"template":"","meta":{"site-sidebar-layout":"default","site-content-layout":"default","ast-global-header-display":"","ast-main-header-display":"","ast-hfb-above-header-display":"","ast-hfb-below-header-display":"","ast-hfb-mobile-header-display":"","site-post-title":"","ast-breadcrumbs-content":"","ast-featured-img":"","footer-sml-layout":"","theme-transparent-header-meta":"","adv-header-id-meta":"","stick-header-meta":"","header-above-stick-meta":"","header-main-stick-meta":"","header-below-stick-meta":""},"pwb-brand":[157],"product_cat":[100],"product_tag":[],"class_list":{"0":"post-48285","1":"product","2":"type-product","3":"status-publish","5":"pwb-brand-ridex","6":"product_cat-jarrupalat","7":"desktop-align-left","8":"tablet-align-left","9":"mobile-align-left","11":"first","12":"instock","13":"product-type-external"},"brands":[{"id":157,"name":"RIDEX","slug":"ridex"}],"_links":{"self":[{"href":"https:\/\/www.autonvaraosahaku.fi\/index.php?rest_route=\/wp\/v2\/product\/48285","targetHints":{"allow":["GET"]}}],"collection":[{"href":"https:\/\/www.autonvaraosahaku.fi\/index.php?rest_route=\/wp\/v2\/product"}],"about":[{"href":"https:\/\/www.autonvaraosahaku.fi\/index.php?rest_route=\/wp\/v2\/types\/product"}],"wp:attachment":[{"href":"https:\/\/www.autonvaraosahaku.fi\/index.php?rest_route=%2Fwp%2Fv2%2Fmedia&parent=48285"}],"wp:term":[{"taxonomy":"pwb-brand","embeddable":true,"href":"https:\/\/www.autonvaraosahaku.fi\/index.php?rest_route=%2Fwp%2Fv2%2Fpwb-brand&post=48285"},{"taxonomy":"product_cat","embeddable":true,"href":"https:\/\/www.autonvaraosahaku.fi\/index.php?rest_route=%2Fwp%2Fv2%2Fproduct_cat&post=48285"},{"taxonomy":"product_tag","embeddable":true,"href":"https:\/\/www.autonvaraosahaku.fi\/index.php?rest_route=%2Fwp%2Fv2%2Fproduct_tag&post=48285"}],"curies":[{"name":"wp","href":"https:\/\/api.w.org\/{rel}","templated":true}]}}