{"id":48293,"date":"2021-02-21T17:20:53","date_gmt":"2021-02-21T17:20:53","guid":{"rendered":"https:\/\/www.autonvaraosahaku.fi\/?product=ridex-51t0061-raidetangon-sisapaa"},"modified":"2021-02-21T17:20:56","modified_gmt":"2021-02-21T17:20:56","slug":"ridex-51t0061-raidetangon-sisapaa","status":"publish","type":"product","link":"https:\/\/www.autonvaraosahaku.fi\/?product=ridex-51t0061-raidetangon-sisapaa","title":{"rendered":"RIDEX 51T0061 Raidetangon sis\u00e4p\u00e4\u00e4"},"content":{"rendered":"<p>Kierre 1: M12x1,25 A; kierre 2: M16x1 A; Pituus (mm): 282; Asennuspuoli: etuakseli molemminpuoleinen, Vorderachse; NISSAN: MICRA II K11,200 SX S13,MICRA I K10,SUNNY II Coupe B12,SUNNY II Hatchback N13,BLUEBIRD T72 , T12,BLUEBIRD Hatchback T72, T12,SUNNY II N13,BLUEBIRD Station Wagon WU11,PRAIRIE PRO M11,BLUEBIRD U11,PRAIRIE M10, NM10,SUNNY II Traveller B12,CHERRY III N12,SUNNY I B11,SUNNY I Coupe B11,SUNNY I Traveller B11,STANZA Hatchback T11,STANZA T11; 4852135F00, 4852170A00, 4852170A06, 4852170A16, 48521D0100; Raidetangon P\u00e4\u00e4 Sisempi,Raidetangon P\u00e4\u00e4, Suora<\/p>\n","protected":false},"excerpt":{"rendered":"<p>RIDEX Raidetangon Sis\u00e4p\u00e4\u00e4 51T0061 Raidetangon P\u00e4\u00e4 Sisempi,Raidetangon P\u00e4\u00e4, Suora NISSAN,MICRA II K11,200 SX S13,MICRA I K10,SUNNY II Coupe B12<\/p>\n","protected":false},"featured_media":0,"template":"","meta":{"site-sidebar-layout":"default","site-content-layout":"default","ast-global-header-display":"","ast-main-header-display":"","ast-hfb-above-header-display":"","ast-hfb-below-header-display":"","ast-hfb-mobile-header-display":"","site-post-title":"","ast-breadcrumbs-content":"","ast-featured-img":"","footer-sml-layout":"","theme-transparent-header-meta":"","adv-header-id-meta":"","stick-header-meta":"","header-above-stick-meta":"","header-main-stick-meta":"","header-below-stick-meta":""},"pwb-brand":[157],"product_cat":[208],"product_tag":[],"class_list":{"0":"post-48293","1":"product","2":"type-product","3":"status-publish","5":"pwb-brand-ridex","6":"product_cat-raidetangon-sisapaa","7":"desktop-align-left","8":"tablet-align-left","9":"mobile-align-left","11":"first","12":"instock","13":"product-type-external"},"brands":[{"id":157,"name":"RIDEX","slug":"ridex"}],"_links":{"self":[{"href":"https:\/\/www.autonvaraosahaku.fi\/index.php?rest_route=\/wp\/v2\/product\/48293","targetHints":{"allow":["GET"]}}],"collection":[{"href":"https:\/\/www.autonvaraosahaku.fi\/index.php?rest_route=\/wp\/v2\/product"}],"about":[{"href":"https:\/\/www.autonvaraosahaku.fi\/index.php?rest_route=\/wp\/v2\/types\/product"}],"wp:attachment":[{"href":"https:\/\/www.autonvaraosahaku.fi\/index.php?rest_route=%2Fwp%2Fv2%2Fmedia&parent=48293"}],"wp:term":[{"taxonomy":"pwb-brand","embeddable":true,"href":"https:\/\/www.autonvaraosahaku.fi\/index.php?rest_route=%2Fwp%2Fv2%2Fpwb-brand&post=48293"},{"taxonomy":"product_cat","embeddable":true,"href":"https:\/\/www.autonvaraosahaku.fi\/index.php?rest_route=%2Fwp%2Fv2%2Fproduct_cat&post=48293"},{"taxonomy":"product_tag","embeddable":true,"href":"https:\/\/www.autonvaraosahaku.fi\/index.php?rest_route=%2Fwp%2Fv2%2Fproduct_tag&post=48293"}],"curies":[{"name":"wp","href":"https:\/\/api.w.org\/{rel}","templated":true}]}}