{"id":48294,"date":"2021-02-21T17:20:53","date_gmt":"2021-02-21T17:20:53","guid":{"rendered":"https:\/\/www.autonvaraosahaku.fi\/?product=kolbenschmidt-800044510000-mannanrenkaat"},"modified":"2021-02-21T17:20:56","modified_gmt":"2021-02-21T17:20:56","slug":"kolbenschmidt-800044510000-mannanrenkaat","status":"publish","type":"product","link":"https:\/\/www.autonvaraosahaku.fi\/?product=kolbenschmidt-800044510000-mannanrenkaat","title":{"rendered":"KOLBENSCHMIDT 800044510000 M\u00e4nn\u00e4nrenkaat"},"content":{"rendered":"<p>Komponenttinumero: 61824, 61826, 61828; M\u00e4\u00e4r\u00e4: 3; Vakiomitta (STD): ; TECDOC-moottorinumero: 22179; NISSAN: MICRA III K12,NOTE E11,ALMERA II Hatchback N16,MICRA IV K13,ALMERA Mk II N16,KUBISTAR Kasten X80; SUZUKI: JIMNY FJ; DACIA: DUSTER,SANDERO,LOGAN MCV KS_,LOGAN LS_,LOGAN EXPRESS FS_,LOGAN Pick-up US_; RENAULT: CLIO II BB0\/1\/2_, CB0\/1\/2_,CLIO III BR0\/1, CR0\/1,SC\u00c9NIC II JM0\/1_,KANGOO KC0\/1_,MODUS \/ GRAND MODUS F\/JP0_,MEGANE II Kombi KM0\/1_,MEGANE II BM0\/1_, CM0\/1_,KANGOO \/ GRAND KANGOO KW0\/1_,KANGOO Express FC0\/1_,CLIO Grandtour KR0\/1_,KANGOO Express FW0\/1_,MEGANE II Stufenheck LM0\/1_,KANGOO BE BOP KW0\/1_,CLIO II Kasten SB0\/1\/2_,THALIA I LB0\/1\/2_,CLIO III Kasten SB_, SR_,SANDERO\/STEPWAY I,LOGAN I Kombi KS_,LOGAN I LS_,THALIA II LU1\/2_,LOGAN EXPRESS,MEGANE II Kasten\/Kombi KM_,MEGANE II Hatchback Van KM0\/2_; 0040437400; M\u00e4nn\u00e4nrengassarja<\/p>\n","protected":false},"excerpt":{"rendered":"<p>KOLBENSCHMIDT M\u00e4nn\u00e4nrenkaat 800044510000 M\u00e4nn\u00e4nrengassarja NISSAN,SUZUKI,DACIA,MICRA III K12,NOTE E11,ALMERA II Hatchback N16,MICRA IV K13<\/p>\n","protected":false},"featured_media":0,"template":"","meta":{"site-sidebar-layout":"default","site-content-layout":"default","ast-global-header-display":"","ast-main-header-display":"","ast-hfb-above-header-display":"","ast-hfb-below-header-display":"","ast-hfb-mobile-header-display":"","site-post-title":"","ast-breadcrumbs-content":"","ast-featured-img":"","footer-sml-layout":"","theme-transparent-header-meta":"","adv-header-id-meta":"","stick-header-meta":"","header-above-stick-meta":"","header-main-stick-meta":"","header-below-stick-meta":""},"pwb-brand":[293],"product_cat":[154],"product_tag":[],"class_list":{"0":"post-48294","1":"product","2":"type-product","3":"status-publish","5":"pwb-brand-kolbenschmidt","6":"product_cat-mannanrenkaat","7":"desktop-align-left","8":"tablet-align-left","9":"mobile-align-left","11":"first","12":"instock","13":"product-type-external"},"brands":[{"id":293,"name":"KOLBENSCHMIDT","slug":"kolbenschmidt"}],"_links":{"self":[{"href":"https:\/\/www.autonvaraosahaku.fi\/index.php?rest_route=\/wp\/v2\/product\/48294","targetHints":{"allow":["GET"]}}],"collection":[{"href":"https:\/\/www.autonvaraosahaku.fi\/index.php?rest_route=\/wp\/v2\/product"}],"about":[{"href":"https:\/\/www.autonvaraosahaku.fi\/index.php?rest_route=\/wp\/v2\/types\/product"}],"wp:attachment":[{"href":"https:\/\/www.autonvaraosahaku.fi\/index.php?rest_route=%2Fwp%2Fv2%2Fmedia&parent=48294"}],"wp:term":[{"taxonomy":"pwb-brand","embeddable":true,"href":"https:\/\/www.autonvaraosahaku.fi\/index.php?rest_route=%2Fwp%2Fv2%2Fpwb-brand&post=48294"},{"taxonomy":"product_cat","embeddable":true,"href":"https:\/\/www.autonvaraosahaku.fi\/index.php?rest_route=%2Fwp%2Fv2%2Fproduct_cat&post=48294"},{"taxonomy":"product_tag","embeddable":true,"href":"https:\/\/www.autonvaraosahaku.fi\/index.php?rest_route=%2Fwp%2Fv2%2Fproduct_tag&post=48294"}],"curies":[{"name":"wp","href":"https:\/\/api.w.org\/{rel}","templated":true}]}}