{"id":48296,"date":"2021-02-21T17:20:53","date_gmt":"2021-02-21T17:20:53","guid":{"rendered":"https:\/\/www.autonvaraosahaku.fi\/?product=ridex-13d0128-vetoakseli"},"modified":"2021-02-21T17:20:57","modified_gmt":"2021-02-21T17:20:57","slug":"ridex-13d0128-vetoakseli","status":"publish","type":"product","link":"https:\/\/www.autonvaraosahaku.fi\/?product=ridex-13d0128-vetoakseli","title":{"rendered":"RIDEX 13D0128 Vetoakseli"},"content":{"rendered":"<p>Pituus (mm): 613; Kierremitta: M20x1.5; Ulkohammastus, py\u00f6r\u00e4npuoli: 38; Sis\u00e4hammastus, vaiht. kiinn.: 26; Tiivisteen l\u00e4pimitta [mm]: 63; Nivelen l\u00e4pimitta py\u00f6r\u00e4puoli [mm]: 106; Nivelen l\u00e4pimitta vaihteistopuoli [mm]: 108; Vaihteistomalli: Schaltgetriebe; VW: TRANSPORTER V Bus 7HB, 7HJ, 7EB, 7EJ, 7EF,MULTIVAN V 7HM, 7HN, 7HF, 7EF, 7EM, 7EN,TRANSPORTER V Kasten 7HA, 7HH, 7EA, 7EH,TRANSPORTER V Pritsche\/Fahrgestell 7JD, 7JE, 7JL, 7JY, 7JZ,,TRANSPORTER VI Pritsche\/Fahrgestell SFD, SFE, SFL, SFZ; 7E0407271AC, 7E0407271R, 7E0407271S, 7E0407271SX, 7E0407451CX, 7E0407451MX, 7H0407271A, 7H0407271AA, 7H0407271AB, 7H0407271AC, 7H0407271AD, 7H0407271AF, 7H0407271AG, 7H0407271AH, 7H0407271AJ, 7H0407271AL, 7H0407271AM, 7H0407271AS, 7H0407271AT, 7H0407271J, 7H0407271L, 7H0407271M, 7H0407271Q, 7H0407271R, 7H0407271S, 7H0407272BF, 7H0407451AX, 7H0407451BV, 7H0407451BX, 7H0407451CV, 7H0407451CX, 7H0407451DV, 7H0407451DX, 7H0407451EV, 7H0407451EX, 7H0407451FX, 7H0407451GX, 7H0407451HX, 7H0407451TX, 7H0407453X, JZW407451CX<\/p>\n","protected":false},"excerpt":{"rendered":"<p>RIDEX Vetoakseli 13D0128  VW,TRANSPORTER V Bus 7HB, 7HJ, 7EB, 7EJ, 7EF,MULTIVAN V 7HM, 7HN, 7HF, 7EF, 7EM, 7EN,TRANSPORTER V Kasten 7HA, 7HH, 7EA, 7EH<\/p>\n","protected":false},"featured_media":0,"template":"","meta":{"site-sidebar-layout":"default","site-content-layout":"default","ast-global-header-display":"","ast-main-header-display":"","ast-hfb-above-header-display":"","ast-hfb-below-header-display":"","ast-hfb-mobile-header-display":"","site-post-title":"","ast-breadcrumbs-content":"","ast-featured-img":"","footer-sml-layout":"","theme-transparent-header-meta":"","adv-header-id-meta":"","stick-header-meta":"","header-above-stick-meta":"","header-main-stick-meta":"","header-below-stick-meta":""},"pwb-brand":[157],"product_cat":[215],"product_tag":[],"class_list":{"0":"post-48296","1":"product","2":"type-product","3":"status-publish","5":"pwb-brand-ridex","6":"product_cat-vetoakseli","7":"desktop-align-left","8":"tablet-align-left","9":"mobile-align-left","11":"first","12":"instock","13":"product-type-external"},"brands":[{"id":157,"name":"RIDEX","slug":"ridex"}],"_links":{"self":[{"href":"https:\/\/www.autonvaraosahaku.fi\/index.php?rest_route=\/wp\/v2\/product\/48296","targetHints":{"allow":["GET"]}}],"collection":[{"href":"https:\/\/www.autonvaraosahaku.fi\/index.php?rest_route=\/wp\/v2\/product"}],"about":[{"href":"https:\/\/www.autonvaraosahaku.fi\/index.php?rest_route=\/wp\/v2\/types\/product"}],"wp:attachment":[{"href":"https:\/\/www.autonvaraosahaku.fi\/index.php?rest_route=%2Fwp%2Fv2%2Fmedia&parent=48296"}],"wp:term":[{"taxonomy":"pwb-brand","embeddable":true,"href":"https:\/\/www.autonvaraosahaku.fi\/index.php?rest_route=%2Fwp%2Fv2%2Fpwb-brand&post=48296"},{"taxonomy":"product_cat","embeddable":true,"href":"https:\/\/www.autonvaraosahaku.fi\/index.php?rest_route=%2Fwp%2Fv2%2Fproduct_cat&post=48296"},{"taxonomy":"product_tag","embeddable":true,"href":"https:\/\/www.autonvaraosahaku.fi\/index.php?rest_route=%2Fwp%2Fv2%2Fproduct_tag&post=48296"}],"curies":[{"name":"wp","href":"https:\/\/api.w.org\/{rel}","templated":true}]}}