{"id":48313,"date":"2021-02-21T17:20:58","date_gmt":"2021-02-21T17:20:58","guid":{"rendered":"https:\/\/www.autonvaraosahaku.fi\/?product=purflux-fcs812-polttoainesuodatin"},"modified":"2021-02-21T17:21:02","modified_gmt":"2021-02-21T17:21:02","slug":"purflux-fcs812-polttoainesuodatin","status":"publish","type":"product","link":"https:\/\/www.autonvaraosahaku.fi\/?product=purflux-fcs812-polttoainesuodatin","title":{"rendered":"PURFLUX FCS812 Polttoainesuodatin"},"content":{"rendered":"<p>Ulkol\u00e4pimitta [mm]: 80; Sis\u00e4l\u00e4pimitta [mm]: 8; Korkeus (mm): 134; Valmistusvuosi alkaen: 06\/2012; VW: POLO 6R, 6C,POLO Van 6R; AUDI: A1 8X1, 8XF,A1 Sportback 8XA, 8XK; SKODA: FABIA,FABIA Combi,ROOMSTER 5J,ROOMSTER Praktik 5J,FABIA NJ3,FABIA Kombi NJ5; SEAT: IBIZA V 6J5, 6P5,IBIZA V ST 6J8, 6P8,IBIZA V SPORTCOUPE 6J1, 6P1,TOLEDO IV KG3<\/p>\n","protected":false},"excerpt":{"rendered":"<p>PURFLUX Polttoainesuodatin FCS812  VW,AUDI,SKODA,POLO 6R, 6C,POLO Van 6R,A1 8X1, 8XF,A1 Sportback 8XA, 8XK,FABIA,FABIA Combi,ROOMSTER 5J<\/p>\n","protected":false},"featured_media":0,"template":"","meta":{"site-sidebar-layout":"default","site-content-layout":"default","ast-global-header-display":"","ast-main-header-display":"","ast-hfb-above-header-display":"","ast-hfb-below-header-display":"","ast-hfb-mobile-header-display":"","site-post-title":"","ast-breadcrumbs-content":"","ast-featured-img":"","footer-sml-layout":"","theme-transparent-header-meta":"","adv-header-id-meta":"","stick-header-meta":"","header-above-stick-meta":"","header-main-stick-meta":"","header-below-stick-meta":""},"pwb-brand":[303],"product_cat":[29],"product_tag":[],"class_list":{"0":"post-48313","1":"product","2":"type-product","3":"status-publish","5":"pwb-brand-purflux","6":"product_cat-polttoainesuodatin","7":"desktop-align-left","8":"tablet-align-left","9":"mobile-align-left","11":"first","12":"instock","13":"product-type-external"},"brands":[{"id":303,"name":"PURFLUX","slug":"purflux"}],"_links":{"self":[{"href":"https:\/\/www.autonvaraosahaku.fi\/index.php?rest_route=\/wp\/v2\/product\/48313","targetHints":{"allow":["GET"]}}],"collection":[{"href":"https:\/\/www.autonvaraosahaku.fi\/index.php?rest_route=\/wp\/v2\/product"}],"about":[{"href":"https:\/\/www.autonvaraosahaku.fi\/index.php?rest_route=\/wp\/v2\/types\/product"}],"wp:attachment":[{"href":"https:\/\/www.autonvaraosahaku.fi\/index.php?rest_route=%2Fwp%2Fv2%2Fmedia&parent=48313"}],"wp:term":[{"taxonomy":"pwb-brand","embeddable":true,"href":"https:\/\/www.autonvaraosahaku.fi\/index.php?rest_route=%2Fwp%2Fv2%2Fpwb-brand&post=48313"},{"taxonomy":"product_cat","embeddable":true,"href":"https:\/\/www.autonvaraosahaku.fi\/index.php?rest_route=%2Fwp%2Fv2%2Fproduct_cat&post=48313"},{"taxonomy":"product_tag","embeddable":true,"href":"https:\/\/www.autonvaraosahaku.fi\/index.php?rest_route=%2Fwp%2Fv2%2Fproduct_tag&post=48313"}],"curies":[{"name":"wp","href":"https:\/\/api.w.org\/{rel}","templated":true}]}}