{"id":48318,"date":"2021-02-21T17:20:58","date_gmt":"2021-02-21T17:20:58","guid":{"rendered":"https:\/\/www.autonvaraosahaku.fi\/?product=purflux-cs700-polttoainesuodatin"},"modified":"2021-02-21T17:21:03","modified_gmt":"2021-02-21T17:21:03","slug":"purflux-cs700-polttoainesuodatin","status":"publish","type":"product","link":"https:\/\/www.autonvaraosahaku.fi\/?product=purflux-cs700-polttoainesuodatin","title":{"rendered":"PURFLUX CS700 Polttoainesuodatin"},"content":{"rendered":"<p>Ulkol\u00e4pimitta [mm]: 91; Sis\u00e4l\u00e4pimitta [mm]: 10; Korkeus (mm): 127; Valmistusvuosi alkaen: 04\/2000; MERCEDES-BENZ: C-CLASS W203,C-CLASS T-Model S203,C-CLASS Coupe CL203,M-CLASS W163,CLK C209,G-CLASS W463,G-CLASS W461; XD9030E, 6110920001, 6110920701, A6110920001, A6110920701<\/p>\n","protected":false},"excerpt":{"rendered":"<p>PURFLUX Polttoainesuodatin CS700  MERCEDES-BENZ,C-CLASS W203,C-CLASS T-Model S203,C-CLASS Coupe CL203,M-CLASS W163,CLK C209,G-CLASS W463,G-CLASS W461<\/p>\n","protected":false},"featured_media":0,"template":"","meta":{"site-sidebar-layout":"default","site-content-layout":"default","ast-global-header-display":"","ast-main-header-display":"","ast-hfb-above-header-display":"","ast-hfb-below-header-display":"","ast-hfb-mobile-header-display":"","site-post-title":"","ast-breadcrumbs-content":"","ast-featured-img":"","footer-sml-layout":"","theme-transparent-header-meta":"","adv-header-id-meta":"","stick-header-meta":"","header-above-stick-meta":"","header-main-stick-meta":"","header-below-stick-meta":""},"pwb-brand":[303],"product_cat":[29],"product_tag":[],"class_list":{"0":"post-48318","1":"product","2":"type-product","3":"status-publish","5":"pwb-brand-purflux","6":"product_cat-polttoainesuodatin","7":"desktop-align-left","8":"tablet-align-left","9":"mobile-align-left","11":"first","12":"instock","13":"product-type-external"},"brands":[{"id":303,"name":"PURFLUX","slug":"purflux"}],"_links":{"self":[{"href":"https:\/\/www.autonvaraosahaku.fi\/index.php?rest_route=\/wp\/v2\/product\/48318","targetHints":{"allow":["GET"]}}],"collection":[{"href":"https:\/\/www.autonvaraosahaku.fi\/index.php?rest_route=\/wp\/v2\/product"}],"about":[{"href":"https:\/\/www.autonvaraosahaku.fi\/index.php?rest_route=\/wp\/v2\/types\/product"}],"wp:attachment":[{"href":"https:\/\/www.autonvaraosahaku.fi\/index.php?rest_route=%2Fwp%2Fv2%2Fmedia&parent=48318"}],"wp:term":[{"taxonomy":"pwb-brand","embeddable":true,"href":"https:\/\/www.autonvaraosahaku.fi\/index.php?rest_route=%2Fwp%2Fv2%2Fpwb-brand&post=48318"},{"taxonomy":"product_cat","embeddable":true,"href":"https:\/\/www.autonvaraosahaku.fi\/index.php?rest_route=%2Fwp%2Fv2%2Fproduct_cat&post=48318"},{"taxonomy":"product_tag","embeddable":true,"href":"https:\/\/www.autonvaraosahaku.fi\/index.php?rest_route=%2Fwp%2Fv2%2Fproduct_tag&post=48318"}],"curies":[{"name":"wp","href":"https:\/\/api.w.org\/{rel}","templated":true}]}}