{"id":48424,"date":"2021-02-21T17:21:33","date_gmt":"2021-02-21T17:21:33","guid":{"rendered":"https:\/\/www.autonvaraosahaku.fi\/?product=denso-dg-137-hehkutulppa"},"modified":"2021-02-21T17:21:34","modified_gmt":"2021-02-21T17:21:34","slug":"denso-dg-137-hehkutulppa","status":"publish","type":"product","link":"https:\/\/www.autonvaraosahaku.fi\/?product=denso-dg-137-hehkutulppa","title":{"rendered":"DENSO DG-137 Hehkutulppa"},"content":{"rendered":"<p>J\u00e4nnite (V): 11; Kierremitta: M10x1.25; Vastus [Ohm]: 0,5; Kokonaispituus (mm): 85; Avainv\u00e4li: 12; Paino [g]: 28,6; Kiristysmomentti > [Nm]: 1; Kiristysmomentti enint\u00e4\u00e4n [Nm]: 1,5; Erittely: Double Coil(LPH); NISSAN: TERRANO II R20,SERENA C23M,TERRANO I WD21,VANETTE CARGO Kasten HC 23,TRADE Kasten\/Kombi,VANETTE CARGO Bus HC 23,TRADE Pritsche\/Fahrgestell; 1952464, 1106531N00, 110657C000, 110659C600, 11065G2400, 11065G2460<\/p>\n","protected":false},"excerpt":{"rendered":"<p>DENSO Hehkutulppa DG-137  NISSAN,TERRANO II R20,SERENA C23M,TERRANO I WD21,VANETTE CARGO Kasten HC 23,TRADE Kasten\/Kombi,VANETTE CARGO Bus HC 23<\/p>\n","protected":false},"featured_media":0,"template":"","meta":{"site-sidebar-layout":"default","site-content-layout":"default","ast-global-header-display":"","ast-main-header-display":"","ast-hfb-above-header-display":"","ast-hfb-below-header-display":"","ast-hfb-mobile-header-display":"","site-post-title":"","ast-breadcrumbs-content":"","ast-featured-img":"","footer-sml-layout":"","theme-transparent-header-meta":"","adv-header-id-meta":"","stick-header-meta":"","header-above-stick-meta":"","header-main-stick-meta":"","header-below-stick-meta":""},"pwb-brand":[278],"product_cat":[52],"product_tag":[],"class_list":{"0":"post-48424","1":"product","2":"type-product","3":"status-publish","5":"pwb-brand-denso","6":"product_cat-hehkutulppa","7":"desktop-align-left","8":"tablet-align-left","9":"mobile-align-left","11":"first","12":"instock","13":"product-type-external"},"brands":[{"id":278,"name":"DENSO","slug":"denso"}],"_links":{"self":[{"href":"https:\/\/www.autonvaraosahaku.fi\/index.php?rest_route=\/wp\/v2\/product\/48424","targetHints":{"allow":["GET"]}}],"collection":[{"href":"https:\/\/www.autonvaraosahaku.fi\/index.php?rest_route=\/wp\/v2\/product"}],"about":[{"href":"https:\/\/www.autonvaraosahaku.fi\/index.php?rest_route=\/wp\/v2\/types\/product"}],"wp:attachment":[{"href":"https:\/\/www.autonvaraosahaku.fi\/index.php?rest_route=%2Fwp%2Fv2%2Fmedia&parent=48424"}],"wp:term":[{"taxonomy":"pwb-brand","embeddable":true,"href":"https:\/\/www.autonvaraosahaku.fi\/index.php?rest_route=%2Fwp%2Fv2%2Fpwb-brand&post=48424"},{"taxonomy":"product_cat","embeddable":true,"href":"https:\/\/www.autonvaraosahaku.fi\/index.php?rest_route=%2Fwp%2Fv2%2Fproduct_cat&post=48424"},{"taxonomy":"product_tag","embeddable":true,"href":"https:\/\/www.autonvaraosahaku.fi\/index.php?rest_route=%2Fwp%2Fv2%2Fproduct_tag&post=48424"}],"curies":[{"name":"wp","href":"https:\/\/api.w.org\/{rel}","templated":true}]}}