{"id":48458,"date":"2021-02-21T17:21:38","date_gmt":"2021-02-21T17:21:38","guid":{"rendered":"https:\/\/www.autonvaraosahaku.fi\/?product=meyle-300-334-1105-pyoranlaakerit"},"modified":"2021-02-21T17:21:43","modified_gmt":"2021-02-21T17:21:43","slug":"meyle-300-334-1105-pyoranlaakerit","status":"publish","type":"product","link":"https:\/\/www.autonvaraosahaku.fi\/?product=meyle-300-334-1105-pyoranlaakerit","title":{"rendered":"MEYLE 300 334 1105 Py\u00f6r\u00e4nlaakerit"},"content":{"rendered":"<p>Asennuspuoli: Taka-akseli, molemminpuolinen; Lis\u00e4tarvike\/lis\u00e4tieto: Asennusmateriaalilla; Korvaava tuote\/korvaava tiedote 2: ABS-sensorirenkaalla; Sis\u00e4l\u00e4pimitta [mm]: 45; Ulkol\u00e4pimitta [mm]: 85; Korkeus (mm): 41; Jarru-\/ajodynamiikka: Autoihin, joissa ABS; Laakerityyppi: Kuulalaakeri; lis\u00e4tieto: ORIGINAL Quality; Valmistusvuosi alkaen: 09\/2008; BMW: 3 E46,3 Touring E46,X3 E83,3 Coupe E46,3 E36,3 Cabriolet E46,7 E38,3 Coupe E36,Z3 E36,Z4 E85,3 Cabriolet E36,8 E31,Z3 Coupe E36,Z4 Coupe E86,Z8 E52; 33411090505, 33411137685, 33411468904, 33412295519; Py\u00f6r\u00e4nlaakerisarja<\/p>\n","protected":false},"excerpt":{"rendered":"<p>MEYLE Py\u00f6r\u00e4nlaakerit 300 334 1105 Py\u00f6r\u00e4nlaakerisarja BMW,3 E46,3 Touring E46,X3 E83,3 Coupe E46,3 E36,3 Cabriolet E46,7 E38,3 Coupe E36,Z3 E36,Z4 E85<\/p>\n","protected":false},"featured_media":0,"template":"","meta":{"site-sidebar-layout":"default","site-content-layout":"default","ast-global-header-display":"","ast-main-header-display":"","ast-hfb-above-header-display":"","ast-hfb-below-header-display":"","ast-hfb-mobile-header-display":"","site-post-title":"","ast-breadcrumbs-content":"","ast-featured-img":"","footer-sml-layout":"","theme-transparent-header-meta":"","adv-header-id-meta":"","stick-header-meta":"","header-above-stick-meta":"","header-main-stick-meta":"","header-below-stick-meta":""},"pwb-brand":[84],"product_cat":[83],"product_tag":[],"class_list":{"0":"post-48458","1":"product","2":"type-product","3":"status-publish","5":"pwb-brand-meyle","6":"product_cat-pyoranlaakerit","7":"desktop-align-left","8":"tablet-align-left","9":"mobile-align-left","11":"first","12":"instock","13":"product-type-external"},"brands":[{"id":84,"name":"MEYLE","slug":"meyle"}],"_links":{"self":[{"href":"https:\/\/www.autonvaraosahaku.fi\/index.php?rest_route=\/wp\/v2\/product\/48458","targetHints":{"allow":["GET"]}}],"collection":[{"href":"https:\/\/www.autonvaraosahaku.fi\/index.php?rest_route=\/wp\/v2\/product"}],"about":[{"href":"https:\/\/www.autonvaraosahaku.fi\/index.php?rest_route=\/wp\/v2\/types\/product"}],"wp:attachment":[{"href":"https:\/\/www.autonvaraosahaku.fi\/index.php?rest_route=%2Fwp%2Fv2%2Fmedia&parent=48458"}],"wp:term":[{"taxonomy":"pwb-brand","embeddable":true,"href":"https:\/\/www.autonvaraosahaku.fi\/index.php?rest_route=%2Fwp%2Fv2%2Fpwb-brand&post=48458"},{"taxonomy":"product_cat","embeddable":true,"href":"https:\/\/www.autonvaraosahaku.fi\/index.php?rest_route=%2Fwp%2Fv2%2Fproduct_cat&post=48458"},{"taxonomy":"product_tag","embeddable":true,"href":"https:\/\/www.autonvaraosahaku.fi\/index.php?rest_route=%2Fwp%2Fv2%2Fproduct_tag&post=48458"}],"curies":[{"name":"wp","href":"https:\/\/api.w.org\/{rel}","templated":true}]}}