{"id":48496,"date":"2021-02-21T17:21:49","date_gmt":"2021-02-21T17:21:49","guid":{"rendered":"https:\/\/www.autonvaraosahaku.fi\/?product=vaico-v42-40013-jarrulevyt"},"modified":"2021-02-21T17:21:53","modified_gmt":"2021-02-21T17:21:53","slug":"vaico-v42-40013-jarrulevyt","status":"publish","type":"product","link":"https:\/\/www.autonvaraosahaku.fi\/?product=vaico-v42-40013-jarrulevyt","title":{"rendered":"VAICO V42-40013 Jarrulevyt"},"content":{"rendered":"<p>Asennuspuoli: Taka-akseli; Vanne, aukkoja: 4; Korkeus (mm): 35; Jarrulevytyyppi: Vakiomalli; Jarrulevyn paksuus (mm): 9; V\u00e4himm\u00e4ispaksuus (mm): 8; Ulkol\u00e4pimitta [mm]: 247; keskitt\u00e4misl\u00e4pimitta [mm]: 71,1; Reik\u00e4ympyr\u00e4-\u00d8 [mm]: 108; Jarrulevyn navan korkeus [mm]: 26; Pakkausleveys [cm]: 26, 26; Pakkauskorkeus [mm]: 7, 7; Pakkaussyvyys [cm]: 26, 26; lis\u00e4tieto: CST99; Jarrut: f\u00fcr Fahrzeuge mit Scheibenbremse an der Hinterachse; CITRO\u00cbN: BERLINGO MF,XSARA PICASSO N68,C2 JM_,C3 I FC_,C4 I LC_,BERLINGO Kasten M_,C4 Coupe LA_,C3 Pluriel HB_,C4 Stufenheck L,C2 ENTERPRISE; PEUGEOT: 307 SW 3H,307 CC 3B,307 3A\/C,307 Break 3E,1007 KM_,PARTNER Combispace 5F,PARTNER Kasten 5,PARTNER Kasten; 4246W9, 4246X8, 4246XB, 424952, 424953, 424990, E169198, 4246W9, 4246X8, 424952, 424953, 424990, E169198; Jarrulevy<\/p>\n","protected":false},"excerpt":{"rendered":"<p>VAICO Jarrulevyt V42-40013 Jarrulevy CITRO\u00cbN,PEUGEOT,BERLINGO MF,XSARA PICASSO N68,C2 JM_,C3 I FC_,C4 I LC_,BERLINGO Kasten M_,C4 Coupe LA_<\/p>\n","protected":false},"featured_media":0,"template":"","meta":{"site-sidebar-layout":"default","site-content-layout":"default","ast-global-header-display":"","ast-main-header-display":"","ast-hfb-above-header-display":"","ast-hfb-below-header-display":"","ast-hfb-mobile-header-display":"","site-post-title":"","ast-breadcrumbs-content":"","ast-featured-img":"","footer-sml-layout":"","theme-transparent-header-meta":"","adv-header-id-meta":"","stick-header-meta":"","header-above-stick-meta":"","header-main-stick-meta":"","header-below-stick-meta":""},"pwb-brand":[330],"product_cat":[66],"product_tag":[],"class_list":{"0":"post-48496","1":"product","2":"type-product","3":"status-publish","5":"pwb-brand-vaico","6":"product_cat-jarrulevyt","7":"desktop-align-left","8":"tablet-align-left","9":"mobile-align-left","11":"first","12":"instock","13":"product-type-external"},"brands":[{"id":330,"name":"VAICO","slug":"vaico"}],"_links":{"self":[{"href":"https:\/\/www.autonvaraosahaku.fi\/index.php?rest_route=\/wp\/v2\/product\/48496","targetHints":{"allow":["GET"]}}],"collection":[{"href":"https:\/\/www.autonvaraosahaku.fi\/index.php?rest_route=\/wp\/v2\/product"}],"about":[{"href":"https:\/\/www.autonvaraosahaku.fi\/index.php?rest_route=\/wp\/v2\/types\/product"}],"wp:attachment":[{"href":"https:\/\/www.autonvaraosahaku.fi\/index.php?rest_route=%2Fwp%2Fv2%2Fmedia&parent=48496"}],"wp:term":[{"taxonomy":"pwb-brand","embeddable":true,"href":"https:\/\/www.autonvaraosahaku.fi\/index.php?rest_route=%2Fwp%2Fv2%2Fpwb-brand&post=48496"},{"taxonomy":"product_cat","embeddable":true,"href":"https:\/\/www.autonvaraosahaku.fi\/index.php?rest_route=%2Fwp%2Fv2%2Fproduct_cat&post=48496"},{"taxonomy":"product_tag","embeddable":true,"href":"https:\/\/www.autonvaraosahaku.fi\/index.php?rest_route=%2Fwp%2Fv2%2Fproduct_tag&post=48496"}],"curies":[{"name":"wp","href":"https:\/\/api.w.org\/{rel}","templated":true}]}}