{"id":48517,"date":"2021-02-21T17:21:55","date_gmt":"2021-02-21T17:21:55","guid":{"rendered":"https:\/\/www.autonvaraosahaku.fi\/?product=trw-jgt201t-iskunvaimennin"},"modified":"2021-02-21T17:21:59","modified_gmt":"2021-02-21T17:21:59","slug":"trw-jgt201t-iskunvaimennin","status":"publish","type":"product","link":"https:\/\/www.autonvaraosahaku.fi\/?product=trw-jgt201t-iskunvaimennin","title":{"rendered":"TRW JGT201T Iskunvaimennin"},"content":{"rendered":"<p>Lukum\u00e4\u00e4r\u00e4 akselille: 1; Asennuspuoli: Taka-akseli; Iskunvaimennin tyyppi: Kaasupaine; Iskunvaimennin malli: Teleskooppi-iskunvaimentaja; Iskunvaimennusj\u00e4rjestelm\u00e4: Kaksiputki; Iskunvaimennin asennustapa: Tappi ylh\u00e4\u00e4ll\u00e4, Silmukka alhaalla; L\u00e4pimitta [mm]: 39; Kierremitta: M10x1,0; Pituus 1 (mm): 452; Pituus 2 (mm): 345; M\u00e4nn\u00e4nvarren l\u00e4pimitta [mm]: 10; Huomioi tekniset tiedot: ; Tuotelinja: TWIN; Alustanumeroon: F4000000; OPEL: CORSA B 73_, 78_, 79_,CORSA CLASSIC Stufenheck,TIGRA 95_,COMBO 71_; VAUXHALL: CORSA Mk I B,TIGRA Mk I F07,NOVA,NOVA CC; 436037, 436068, 436094, 436103, 436111, 436156, 436157, 436203, 436204, 436210, 436216, 436222, 436230, 436250, 436264, 436265, 436576, 72118261, 72118262, 72118761, 72118769, 72118770, 72118796, 72119028, 72119029, 72119074, 72119075, 90009107, 90223843, 90297156, 90305927, 90345931, 90345932, 90442882, 90442883, 90445381, 90445382, 90445383, 90445384, 90497728, 72118261, 72118262, 72118761, 72118769, 72118770, 72118796, 72119028, 72119029, 72119074, 72119075, 90442882, 90445381, 90445384, 90497728; Iskarit,Iskunvaimennin<\/p>\n","protected":false},"excerpt":{"rendered":"<p>TRW Iskunvaimentimet JGT201T Iskarit,Iskunvaimennin OPEL,VAUXHALL,CORSA B 73_, 78_, 79_,CORSA CLASSIC Stufenheck,TIGRA 95_,COMBO 71_,CORSA Mk I B<\/p>\n","protected":false},"featured_media":0,"template":"","meta":{"site-sidebar-layout":"default","site-content-layout":"default","ast-global-header-display":"","ast-main-header-display":"","ast-hfb-above-header-display":"","ast-hfb-below-header-display":"","ast-hfb-mobile-header-display":"","site-post-title":"","ast-breadcrumbs-content":"","ast-featured-img":"","footer-sml-layout":"","theme-transparent-header-meta":"","adv-header-id-meta":"","stick-header-meta":"","header-above-stick-meta":"","header-main-stick-meta":"","header-below-stick-meta":""},"pwb-brand":[332],"product_cat":[80],"product_tag":[],"class_list":{"0":"post-48517","1":"product","2":"type-product","3":"status-publish","5":"pwb-brand-trw","6":"product_cat-iskunvaimennin","7":"desktop-align-left","8":"tablet-align-left","9":"mobile-align-left","11":"first","12":"instock","13":"product-type-external"},"brands":[{"id":332,"name":"TRW","slug":"trw"}],"_links":{"self":[{"href":"https:\/\/www.autonvaraosahaku.fi\/index.php?rest_route=\/wp\/v2\/product\/48517","targetHints":{"allow":["GET"]}}],"collection":[{"href":"https:\/\/www.autonvaraosahaku.fi\/index.php?rest_route=\/wp\/v2\/product"}],"about":[{"href":"https:\/\/www.autonvaraosahaku.fi\/index.php?rest_route=\/wp\/v2\/types\/product"}],"wp:attachment":[{"href":"https:\/\/www.autonvaraosahaku.fi\/index.php?rest_route=%2Fwp%2Fv2%2Fmedia&parent=48517"}],"wp:term":[{"taxonomy":"pwb-brand","embeddable":true,"href":"https:\/\/www.autonvaraosahaku.fi\/index.php?rest_route=%2Fwp%2Fv2%2Fpwb-brand&post=48517"},{"taxonomy":"product_cat","embeddable":true,"href":"https:\/\/www.autonvaraosahaku.fi\/index.php?rest_route=%2Fwp%2Fv2%2Fproduct_cat&post=48517"},{"taxonomy":"product_tag","embeddable":true,"href":"https:\/\/www.autonvaraosahaku.fi\/index.php?rest_route=%2Fwp%2Fv2%2Fproduct_tag&post=48517"}],"curies":[{"name":"wp","href":"https:\/\/api.w.org\/{rel}","templated":true}]}}