{"id":48519,"date":"2021-02-21T17:22:00","date_gmt":"2021-02-21T17:22:00","guid":{"rendered":"https:\/\/www.autonvaraosahaku.fi\/?product=trw-jgs130t-iskunvaimennin"},"modified":"2021-02-21T17:22:01","modified_gmt":"2021-02-21T17:22:01","slug":"trw-jgs130t-iskunvaimennin","status":"publish","type":"product","link":"https:\/\/www.autonvaraosahaku.fi\/?product=trw-jgs130t-iskunvaimennin","title":{"rendered":"TRW JGS130T Iskunvaimennin"},"content":{"rendered":"<p>Lukum\u00e4\u00e4r\u00e4 akselille: 1; Asennuspuoli: Taka-akseli; Iskunvaimennin tyyppi: Kaasupaine; Iskunvaimennin malli: Vaimennin, jousituella; Iskunvaimennusj\u00e4rjestelm\u00e4: Kaksiputki; Iskunvaimennin asennustapa: Tappi ylh\u00e4\u00e4ll\u00e4, Silmukka alhaalla; L\u00e4pimitta [mm]: 39; Kierremitta: M10x1,0; Pituus 1 (mm): 533; Pituus 2 (mm): 359; M\u00e4nn\u00e4nvarren l\u00e4pimitta [mm]: 11; Huomioi tekniset tiedot: ; Tuotelinja: TWIN; Alustanumeroon: 6NW098090; VW: POLO 6N2,POLO 6N1,POLO CLASSIC 6KV2,POLO Kasten 6NF; 6K0513031F, 6N0513031A, 6N0513031G, 6N0513031P, 6K0513031F, 6K0513031R, 6N0513031A, 6N0513031G, 6N0513031P, 6K0513031F, 6N0513031A, 6N0513031G, 6N0513031P, 6K0513031F, 6K0513031M, 6K0513031R, 6N0513031A, 6N0513031E, 6N0513031G, 6N0513031H, 6N0513031L, 6N0513031P, 6N0513031T; Iskarit,Iskunvaimennin<\/p>\n","protected":false},"excerpt":{"rendered":"<p>TRW Iskunvaimentimet JGS130T Iskarit,Iskunvaimennin VW,POLO 6N2,POLO 6N1,POLO CLASSIC 6KV2,POLO Kasten 6NF<\/p>\n","protected":false},"featured_media":0,"template":"","meta":{"site-sidebar-layout":"default","site-content-layout":"default","ast-global-header-display":"","ast-main-header-display":"","ast-hfb-above-header-display":"","ast-hfb-below-header-display":"","ast-hfb-mobile-header-display":"","site-post-title":"","ast-breadcrumbs-content":"","ast-featured-img":"","footer-sml-layout":"","theme-transparent-header-meta":"","adv-header-id-meta":"","stick-header-meta":"","header-above-stick-meta":"","header-main-stick-meta":"","header-below-stick-meta":""},"pwb-brand":[332],"product_cat":[80],"product_tag":[],"class_list":{"0":"post-48519","1":"product","2":"type-product","3":"status-publish","5":"pwb-brand-trw","6":"product_cat-iskunvaimennin","7":"desktop-align-left","8":"tablet-align-left","9":"mobile-align-left","11":"first","12":"instock","13":"product-type-external"},"brands":[{"id":332,"name":"TRW","slug":"trw"}],"_links":{"self":[{"href":"https:\/\/www.autonvaraosahaku.fi\/index.php?rest_route=\/wp\/v2\/product\/48519","targetHints":{"allow":["GET"]}}],"collection":[{"href":"https:\/\/www.autonvaraosahaku.fi\/index.php?rest_route=\/wp\/v2\/product"}],"about":[{"href":"https:\/\/www.autonvaraosahaku.fi\/index.php?rest_route=\/wp\/v2\/types\/product"}],"wp:attachment":[{"href":"https:\/\/www.autonvaraosahaku.fi\/index.php?rest_route=%2Fwp%2Fv2%2Fmedia&parent=48519"}],"wp:term":[{"taxonomy":"pwb-brand","embeddable":true,"href":"https:\/\/www.autonvaraosahaku.fi\/index.php?rest_route=%2Fwp%2Fv2%2Fpwb-brand&post=48519"},{"taxonomy":"product_cat","embeddable":true,"href":"https:\/\/www.autonvaraosahaku.fi\/index.php?rest_route=%2Fwp%2Fv2%2Fproduct_cat&post=48519"},{"taxonomy":"product_tag","embeddable":true,"href":"https:\/\/www.autonvaraosahaku.fi\/index.php?rest_route=%2Fwp%2Fv2%2Fproduct_tag&post=48519"}],"curies":[{"name":"wp","href":"https:\/\/api.w.org\/{rel}","templated":true}]}}