{"id":48525,"date":"2021-02-21T17:22:00","date_gmt":"2021-02-21T17:22:00","guid":{"rendered":"https:\/\/www.autonvaraosahaku.fi\/?product=ajusa-01115300-kierretulppa"},"modified":"2021-02-21T17:22:02","modified_gmt":"2021-02-21T17:22:02","slug":"ajusa-01115300-kierretulppa","status":"publish","type":"product","link":"https:\/\/www.autonvaraosahaku.fi\/?product=ajusa-01115300-kierretulppa","title":{"rendered":"AJUSA 01115300 Kierretulppa"},"content":{"rendered":"<p>Paksuus [mm]: 3; Sis\u00e4l\u00e4pimitta [mm]: 12,5; Ulkol\u00e4pimitta [mm]: 22,8; TECDOC-moottorinumero: 25875; MAZDA: 2 DY,BT-50 Pick-up B22, B32, UP; JEEP: GRAND CHEROKEE III WH, WK; FORD USA: EXPLORER U2,MUSTANG Coupe,MUSTANG Convertible,EXPLORER UN46,ESCAPE; LAND ROVER: DEFENDER Station Wagon LD,RANGE ROVER SPORT LS,RANGE ROVER III LM,DISCOVERY III TAA,DISCOVERY IV LA,DEFENDER Pick-up LD_,DEFENDER Cabrio LD,RANGE ROVER SPORT LW,RANGE ROVER IV LG,DEFENDER Pritsche\/Fahrgestell LD,DISCOVERY V LR_; VOLVO: V50 MW,XC60,V70 III BW,C30,V60,S40 II MS,V40 Schr\u00e4gheck,S80 II AS,S60 II; CHRYSLER: SEBRING Cabriolet JS; JAGUAR: XF _J05_, CC9,XF SPORTBRAKE CC9,XJ X35_, _J12_, _J24_,XF X260,F-PACE X761_,XF SPORTBRAKE X260; FORD: FIESTA V JH_, JD_,MONDEO III Kombi BWY,FOCUS II Kombi DA_,FIESTA VI,MONDEO IV Turnier BA7,FOCUS Kombi DNW,FOCUS II DA_,FOCUS DAW, DBW,S-MAX WA6,FOCUS III Turnier,FOCUS C-MAX,FIESTA IV JA_, JB_,GALAXY WA6,FUSION JU_,KA RB_,MONDEO III B5Y,C-MAX DM2,FOCUS III,MAVERICK,TRANSIT MK-7 Kasten,C-MAX II,RANGER TKE,MONDEO IV BA7,MONDEO III Stufenheck B4Y,KUGA II DM2,FIESTA Stufenheck JA8 JR8,GRAND C-MAX,FOCUS Stufenheck DFW,TRANSIT MK-7 Bus,STREET KA RL2,MONDEO II Kombi BNP,FIESTA III GFJ,TRANSIT Kasten FA_ _,TRANSIT CONNECT P65_, P70_, P80_,FOCUS II Stufenheck DA_,TRANSIT Bus FD_ _, FB_ _, FS_ _, FZ_ _, FC_ _,B-MAX JK,FOCUS II Cabriolet,COUGAR EC_,MONDEO II BAP,TOURNEO CONNECT,RANGER ER, EQ,ECOSPORT,TRANSIT MK-7 Pritsche\/Fahrgestell,PUMA EC_,TRANSIT Pritsche\/Fahrgestell FM_ _, FN_ _,FOCUS III Stufenheck,TRANSIT CUSTOM Kasten,TOURNEO CUSTOM Bus,MONDEO IV Stufenheck BA7,TRANSIT TOURNEO FB,MONDEO II Stufenheck BFP,TRANSIT CUSTOM Bus,TOURNEO CONNECT \/ GRAND TOURNEO CONNE; FIAT: DUCATO Kasten 250,DUCATO Pritsche\/Fahrgestell 250,DUCATO Bus 250; CITRO\u00cbN: JUMPER Kasten,JUMPER Bus,JUMPER Pritsche\/Fahrgestell; 1005593, 1013938, YF09104J5; Tiiviste, \u00d6ljynlaskutulppa<\/p>\n","protected":false},"excerpt":{"rendered":"<p>AJUSA \u00d6ljytulpan Tiiviste 01115300 Tiiviste, \u00d6ljynlaskutulppa MAZDA,JEEP,FORD USA,2 DY,BT-50 Pick-up B22, B32, UP,GRAND CHEROKEE III WH, WK<\/p>\n","protected":false},"featured_media":0,"template":"","meta":{"site-sidebar-layout":"default","site-content-layout":"default","ast-global-header-display":"","ast-main-header-display":"","ast-hfb-above-header-display":"","ast-hfb-below-header-display":"","ast-hfb-mobile-header-display":"","site-post-title":"","ast-breadcrumbs-content":"","ast-featured-img":"","footer-sml-layout":"","theme-transparent-header-meta":"","adv-header-id-meta":"","stick-header-meta":"","header-above-stick-meta":"","header-main-stick-meta":"","header-below-stick-meta":""},"pwb-brand":[211],"product_cat":[40],"product_tag":[],"class_list":{"0":"post-48525","1":"product","2":"type-product","3":"status-publish","5":"pwb-brand-ajusa","6":"product_cat-kierretulppa","7":"desktop-align-left","8":"tablet-align-left","9":"mobile-align-left","11":"first","12":"instock","13":"product-type-external"},"brands":[{"id":211,"name":"AJUSA","slug":"ajusa"}],"_links":{"self":[{"href":"https:\/\/www.autonvaraosahaku.fi\/index.php?rest_route=\/wp\/v2\/product\/48525","targetHints":{"allow":["GET"]}}],"collection":[{"href":"https:\/\/www.autonvaraosahaku.fi\/index.php?rest_route=\/wp\/v2\/product"}],"about":[{"href":"https:\/\/www.autonvaraosahaku.fi\/index.php?rest_route=\/wp\/v2\/types\/product"}],"wp:attachment":[{"href":"https:\/\/www.autonvaraosahaku.fi\/index.php?rest_route=%2Fwp%2Fv2%2Fmedia&parent=48525"}],"wp:term":[{"taxonomy":"pwb-brand","embeddable":true,"href":"https:\/\/www.autonvaraosahaku.fi\/index.php?rest_route=%2Fwp%2Fv2%2Fpwb-brand&post=48525"},{"taxonomy":"product_cat","embeddable":true,"href":"https:\/\/www.autonvaraosahaku.fi\/index.php?rest_route=%2Fwp%2Fv2%2Fproduct_cat&post=48525"},{"taxonomy":"product_tag","embeddable":true,"href":"https:\/\/www.autonvaraosahaku.fi\/index.php?rest_route=%2Fwp%2Fv2%2Fproduct_tag&post=48525"}],"curies":[{"name":"wp","href":"https:\/\/api.w.org\/{rel}","templated":true}]}}