{"id":48541,"date":"2021-02-21T17:22:06","date_gmt":"2021-02-21T17:22:06","guid":{"rendered":"https:\/\/www.autonvaraosahaku.fi\/?product=autofren-seinsa-d4020-jarrusatula-korjaussarja"},"modified":"2021-02-21T17:22:07","modified_gmt":"2021-02-21T17:22:07","slug":"autofren-seinsa-d4020-jarrusatula-korjaussarja","status":"publish","type":"product","link":"https:\/\/www.autonvaraosahaku.fi\/?product=autofren-seinsa-d4020-jarrusatula-korjaussarja","title":{"rendered":"AUTOFREN SEINSA D4020 Jarrusatula korjaussarja"},"content":{"rendered":"<p>Asennuspuoli: Etuakseli; L\u00e4pimitta [mm]: 54; Jarruj\u00e4rjestelm\u00e4: LUCAS; Jarrusatulatyyppi: Bremssattel(2-Kolben); VW: TRANSPORTER III Bus,TRANSPORTER III Kasten,TRANSPORTER II Bus,TRANSPORTER III Pritsche\/Fahrgestell,TRANSPORTER II Kasten,TRANSPORTER II Pritsche\/Fahrgestell; MERCEDES-BENZ: NG; FORD: ESCORT IV Cabriolet ALF,ESCORT IV GAF, AWF, ABFT,CAPRI III GECP,ESCORT II ATH,ESCORT III GAA,ESCORT I AFH, ATH,GRANADA GU,ESCORT III Cabriolet ALD,CAPRI II GECP,ORION II AFF,GRANADA Kombi GNU,ESCORT IV Kombi AWF, AVF,ESCORT &#8217;86 Express AVF,GRANADA GGTL, GGFL,GRANADA Coupe GGCL,ORION III GAL,ESCORT II Kombi,ESCORT III Kombi AWA,ORION I AFD,ESCORT I Kombi ADH,GRANADA Kombi GGNL,ESCORT &#8217;81 Express AVA,TAUNUS GBFK; PEUGEOT: 504 A_, M_,504 Cabriolet,505 551A,504 Coupe,504 Break D_, F_,504 Pick-up E_; TOYOTA: CROWN Stufenheck _S1_,HILUX I Pick-up LN3_, RN2_, LN4_, RN3_,CRESSIDA Stufenheck RX3_,CORONA Station Wagon RT118,CORONA RT1_,CRESSIDA Station Wagon RX3_,CORONA Liftback _T13_,CROWN Station Wagon _S1_,CORONA XT1_, TT1_, RT1_; NISSAN: 200 SX S13,PICK UP 720,LAUREL HLC230,BLUEBIRD B610,SILVIA S110; ROVER: 2000-3500 P6,2000-3500 Hatchback SD1; TRIUMPH: TR 6,TR 4A; 41120U3425, 41120Y4025, 444820, 0447930021; Korjaussarja, Jarrusatula<\/p>\n","protected":false},"excerpt":{"rendered":"<p>AUTOFREN SEINSA Jarrusatula Korjaussarja D4020 Korjaussarja, Jarrusatula VW,MERCEDES-BENZ,FORD,TRANSPORTER III Bus,TRANSPORTER III Kasten<\/p>\n","protected":false},"featured_media":0,"template":"","meta":{"site-sidebar-layout":"default","site-content-layout":"default","ast-global-header-display":"","ast-main-header-display":"","ast-hfb-above-header-display":"","ast-hfb-below-header-display":"","ast-hfb-mobile-header-display":"","site-post-title":"","ast-breadcrumbs-content":"","ast-featured-img":"","footer-sml-layout":"","theme-transparent-header-meta":"","adv-header-id-meta":"","stick-header-meta":"","header-above-stick-meta":"","header-main-stick-meta":"","header-below-stick-meta":""},"pwb-brand":[243],"product_cat":[57],"product_tag":[],"class_list":{"0":"post-48541","1":"product","2":"type-product","3":"status-publish","5":"pwb-brand-autofren-seinsa","6":"product_cat-jarrusatula-korjaussarja","7":"desktop-align-left","8":"tablet-align-left","9":"mobile-align-left","11":"first","12":"instock","13":"product-type-external"},"brands":[{"id":243,"name":"AUTOFREN SEINSA","slug":"autofren-seinsa"}],"_links":{"self":[{"href":"https:\/\/www.autonvaraosahaku.fi\/index.php?rest_route=\/wp\/v2\/product\/48541","targetHints":{"allow":["GET"]}}],"collection":[{"href":"https:\/\/www.autonvaraosahaku.fi\/index.php?rest_route=\/wp\/v2\/product"}],"about":[{"href":"https:\/\/www.autonvaraosahaku.fi\/index.php?rest_route=\/wp\/v2\/types\/product"}],"wp:attachment":[{"href":"https:\/\/www.autonvaraosahaku.fi\/index.php?rest_route=%2Fwp%2Fv2%2Fmedia&parent=48541"}],"wp:term":[{"taxonomy":"pwb-brand","embeddable":true,"href":"https:\/\/www.autonvaraosahaku.fi\/index.php?rest_route=%2Fwp%2Fv2%2Fpwb-brand&post=48541"},{"taxonomy":"product_cat","embeddable":true,"href":"https:\/\/www.autonvaraosahaku.fi\/index.php?rest_route=%2Fwp%2Fv2%2Fproduct_cat&post=48541"},{"taxonomy":"product_tag","embeddable":true,"href":"https:\/\/www.autonvaraosahaku.fi\/index.php?rest_route=%2Fwp%2Fv2%2Fproduct_tag&post=48541"}],"curies":[{"name":"wp","href":"https:\/\/api.w.org\/{rel}","templated":true}]}}