{"id":48542,"date":"2021-02-21T17:22:06","date_gmt":"2021-02-21T17:22:06","guid":{"rendered":"https:\/\/www.autonvaraosahaku.fi\/?product=calorstat-by-vernet-os3522-oljynpaineanturi"},"modified":"2021-02-21T17:22:07","modified_gmt":"2021-02-21T17:22:07","slug":"calorstat-by-vernet-os3522-oljynpaineanturi","status":"publish","type":"product","link":"https:\/\/www.autonvaraosahaku.fi\/?product=calorstat-by-vernet-os3522-oljynpaineanturi","title":{"rendered":"CALORSTAT by Vernet OS3522 \u00d6ljynpaineanturi"},"content":{"rendered":"<p>Kytkent\u00e4paine (bar): 0,4; Kierremitta: M12x1.5; Yhdistelm\u00e4kytkintoiminto: Avaaja; Valmistusvuosi alkaen: 10\/1983; VW: LT 28-46 II Kasten 2DA, 2DD, 2DH,LT 28-35 II Bus 2DB, 2DE, 2DK,LT 28-46 II Pritsche\/Fahrgestell 2DC, 2DF, 2DG, 2DL, 2DM; SEAT: MARBELLA 28,IBIZA I 021A,MARBELLA Kasten 028A,TERRA 24,FURA 025A; MERCEDES-BENZ: G-CLASS W463,VITO Bus 638,SPRINTER 3-t Kasten 903,SPRINTER 2-t Bus 901, 902,V-CLASS 638\/2,SPRINTER 2-t Kasten 901, 902,SPRINTER 3-t Bus 903,SPRINTER 3-t Pritsche\/Fahrgestell 903,VITO Kasten 638,SPRINTER 4-t Pritsche\/Fahrgestell 904,SPRINTER 2-t Pritsche\/Fahrgestell 901, 902,SPRINTER 4-t Kasten 904,G-CLASS Cabrio W463,SPRINTER 4-t Bus 904; CHRYSLER: PT CRUISER PT_; LANCIA: A 112; SMART: FORTWO Coupe 451,CITY-COUPE 450,FORTWO Cabrio 451,CABRIO 450,FORTWO Coupe 450,ROADSTER 452,FORTWO Cabrio 450,ROADSTER Coupe 452,CROSSBLADE 450; BMW: 3 E30,3 Cabriolet E30,5 E28,3 E21,3 Touring E30,7 E23,5 E12; FIAT: PANDA 141A_,126,500,UNO 146A\/E,127,600,PANDA Van 141_; PUCH: G-MODELL W 463; 5107683, 61311243414, 61311354272, 61311354273, 61311354274, 012579, 5107683, 0045452414, 0045452614, 287887, GPS140, 3933681, 4431182, 4473333, CA94200004, EA94200004, HB94200030, SE020942000A, 0003043V002000000, 1601500079, 3043V002000000; \u00d6ljynpainekytkin<\/p>\n","protected":false},"excerpt":{"rendered":"<p>CALORSTAT by Vernet \u00d6ljynpaineanturi OS3522 \u00d6ljynpainekytkin VW,SEAT,MERCEDES-BENZ,LT 28-46 II Kasten 2DA, 2DD, 2DH,LT 28-35 II Bus 2DB, 2DE, 2DK<\/p>\n","protected":false},"featured_media":0,"template":"","meta":{"site-sidebar-layout":"default","site-content-layout":"default","ast-global-header-display":"","ast-main-header-display":"","ast-hfb-above-header-display":"","ast-hfb-below-header-display":"","ast-hfb-mobile-header-display":"","site-post-title":"","ast-breadcrumbs-content":"","ast-featured-img":"","footer-sml-layout":"","theme-transparent-header-meta":"","adv-header-id-meta":"","stick-header-meta":"","header-above-stick-meta":"","header-main-stick-meta":"","header-below-stick-meta":""},"pwb-brand":[343],"product_cat":[235],"product_tag":[],"class_list":{"0":"post-48542","1":"product","2":"type-product","3":"status-publish","5":"pwb-brand-calorstat-by-vernet","6":"product_cat-oljynpaineanturi","7":"desktop-align-left","8":"tablet-align-left","9":"mobile-align-left","11":"first","12":"instock","13":"product-type-external"},"brands":[{"id":343,"name":"CALORSTAT by Vernet","slug":"calorstat-by-vernet"}],"_links":{"self":[{"href":"https:\/\/www.autonvaraosahaku.fi\/index.php?rest_route=\/wp\/v2\/product\/48542","targetHints":{"allow":["GET"]}}],"collection":[{"href":"https:\/\/www.autonvaraosahaku.fi\/index.php?rest_route=\/wp\/v2\/product"}],"about":[{"href":"https:\/\/www.autonvaraosahaku.fi\/index.php?rest_route=\/wp\/v2\/types\/product"}],"wp:attachment":[{"href":"https:\/\/www.autonvaraosahaku.fi\/index.php?rest_route=%2Fwp%2Fv2%2Fmedia&parent=48542"}],"wp:term":[{"taxonomy":"pwb-brand","embeddable":true,"href":"https:\/\/www.autonvaraosahaku.fi\/index.php?rest_route=%2Fwp%2Fv2%2Fpwb-brand&post=48542"},{"taxonomy":"product_cat","embeddable":true,"href":"https:\/\/www.autonvaraosahaku.fi\/index.php?rest_route=%2Fwp%2Fv2%2Fproduct_cat&post=48542"},{"taxonomy":"product_tag","embeddable":true,"href":"https:\/\/www.autonvaraosahaku.fi\/index.php?rest_route=%2Fwp%2Fv2%2Fproduct_tag&post=48542"}],"curies":[{"name":"wp","href":"https:\/\/api.w.org\/{rel}","templated":true}]}}