{"id":48559,"date":"2021-02-21T17:22:11","date_gmt":"2021-02-21T17:22:11","guid":{"rendered":"https:\/\/www.autonvaraosahaku.fi\/?product=hella-9xw-197-765-221-pyyhkijansulat"},"modified":"2021-02-21T17:22:12","modified_gmt":"2021-02-21T17:22:12","slug":"hella-9xw-197-765-221-pyyhkijansulat","status":"publish","type":"product","link":"https:\/\/www.autonvaraosahaku.fi\/?product=hella-9xw-197-765-221-pyyhkijansulat","title":{"rendered":"HELLA 9XW 197 765-221 Pyyhkij\u00e4nsulat"},"content":{"rendered":"<p>Asennuspuoli: Edess\u00e4, fahrerseitig; Pituus (mm): 550; Lis\u00e4adapteri: Adapter 1)2)3)4)5)7); Pituus (tuumaa): 22; Vasen \/ oikea liikenne: Oikean-\/vasemmanpuolinen ohjaus; M\u00e4\u00e4r\u00e4: 1; Tuotelinja: Dyna Blade; Pyyhkij\u00e4nsulkatyyppi: Rungottomat; AUDI: A6 Avant 4B5, C5,A6 4B2, C5,CABRIOLET 8G7, B4,TT 8J3,100 4A, C4,A8 4D2, 4D8,A6 Avant 4A, C4,A6 4A, C4,COUPE 89, 8B,100 Avant 4A, C4,TT Roadster 8J9,ALLROAD 4BH, C5; MERCEDES-BENZ: A-CLASS W168,SLK R170,M-CLASS W163,GLK-CLASS X204,SLK R171,VANEO 414,SLK R172,CITAN Kasten 415,CITAN Kombi 415,CITAN Mixto 415; BMW: 5 E60,5 Touring E61,X3 E83,1 F20,1 F21,6 E63,6 Cabriolet E64; OPEL: ZAFIRA B A05,ASTRA H Caravan L35,ASTRA H L48,ASTRA H GTC L08,ASTRA H TwinTop L67,ZAFIRA B Van,AGILA B H08,GT Cabriolet,ASTRA H Stufenheck L69,ASTRA H Kasten L70,ASTRA CLASSIC Caravan,ASTRA CLASSIC L48,ASTRA CLASSIC Stufenheck; FORD: FIESTA V JH_, JD_,MONDEO III Kombi BWY,FOCUS Kombi DNW,FOCUS DAW, DBW,FUSION JU_,MONDEO III B5Y,TRANSIT MK-7 Kasten,MONDEO III Stufenheck B4Y,FOCUS Stufenheck DFW,TRANSIT MK-7 Bus,TRANSIT Kasten FA_ _,TRANSIT CONNECT P65_, P70_, P80_,TRANSIT Bus FD_ _, FB_ _, FS_ _, FZ_ _, FC_ _,COUGAR EC_,TOURNEO CONNECT,TRANSIT MK-7 Pritsche\/Fahrgestell,TRANSIT Pritsche\/Fahrgestell FM_ _, FN_ _,TRANSIT TOURNEO FB,TRANSIT  MK-5 Bus E_ _,TRANSIT MK-5 Pritsche\/Fahrgestell E_ _,TRANSIT Bus MK-4 E_ _,TRANSIT MK-5 Kasten E_ _,TRANSIT MK-4 Pritsche\/Fahrgestell E_ _,TRANSIT MK-4 Kasten E_ _,TRANSIT TOURNEO E_,TRANSIT Custom Pritsche\/Fahrgestell; RENAULT: SC\u00c9NIC II JM0\/1_,MEGANE I BA0\/1_,KANGOO \/ GRAND KANGOO KW0\/1_,GRAND SC\u00c9NIC II JM0\/1_,MEGANE I Grandtour KA0\/1_,MEGANE I Cabriolet EA0\/1_,KANGOO Express FW0\/1_,MEGANE I Classic LA0\/1_,MEGANE I Coach DA0\/1_,KANGOO BE BOP KW0\/1_,LOGAN II; FIAT: DUCATO Kasten 250,STILO 192,DUCATO Pritsche\/Fahrgestell 250,DUCATO Pritsche\/Fahrgestell 230,DUCATO Bus 250,DUCATO Bus 230,DUCATO Kasten 244,DOBLO Cargo 223,STILO Multi Wagon 192,DOBLO 119,DUCATO Pritsche\/Fahrgestell 244,DUCATO Kasten 230L,DUCATO Bus 244, Z_,MULTIPLA 186,DOBLO Gro\u00dfraumlimousine 152, 263,BRAVO I 182,BRAVA 182,MAREA Weekend 185,FIORINO Kasten 146,MAREA 185; PEUGEOT: BOXER Kasten,306 Schr\u00e4gheck 7A, 7C, N3, N5,306 Cabriolet 7D, N3, N5,PARTNER Combispace 5F,PARTNER Kasten 5,306 Break 7E, N3, N5,BOXER Kasten 230L,BOXER Kasten 244,306 7B, N3, N5,BOXER Bus,BOXER Pritsche\/Fahrgestell,BOXER Bus 230P,BOXER Bus 244, Z_,BOXER Pritsche\/Fahrgestell ZCT_,306 Van N_, 7_,BOXER Pritsche\/Fahrgestell 244,PARTNER Pritsche\/Fahrgestell; TOYOTA: COROLLA ZZE12_, NDE12_, ZDE12_,YARIS VERSO _NLP2_, _NCP2_,GT 86 Coupe ZN6_,LAND CRUISER KDJ12_, GRJ12_,COROLLA Stufenheck _E12J_, _E12T_,CAMRY MCV3_, ACV3_, _XV3_,LAND CRUISER VDJ20_, UZJ20_; HYUNDAI: GETZ TB,i10 PA,SANTA F\u00c9 I SM,MATRIX FC,TERRACAN HP,TRAJET FO,SONATA IV EF,ACCENT II LC,ACCENT III MC,ACCENT III Stufenheck MC,ACCENT II Stufenheck LC,XG XG; Tuulilasinpyyhkimet,Pyyhkij\u00e4t,Pyyhkij\u00e4nsulka<\/p>\n","protected":false},"excerpt":{"rendered":"<p>HELLA Pyyhkij\u00e4nsulat 9XW 197 765-221 Tuulilasinpyyhkimet,Pyyhkij\u00e4t AUDI,MERCEDES-BENZ,BMW,A6 Avant 4B5, C5,A6 4B2, C5,CABRIOLET 8G7, B4,TT 8J3<\/p>\n","protected":false},"featured_media":0,"template":"","meta":{"site-sidebar-layout":"default","site-content-layout":"default","ast-global-header-display":"","ast-main-header-display":"","ast-hfb-above-header-display":"","ast-hfb-below-header-display":"","ast-hfb-mobile-header-display":"","site-post-title":"","ast-breadcrumbs-content":"","ast-featured-img":"","footer-sml-layout":"","theme-transparent-header-meta":"","adv-header-id-meta":"","stick-header-meta":"","header-above-stick-meta":"","header-main-stick-meta":"","header-below-stick-meta":""},"pwb-brand":[24],"product_cat":[33],"product_tag":[],"class_list":{"0":"post-48559","1":"product","2":"type-product","3":"status-publish","5":"pwb-brand-hella","6":"product_cat-pyyhkijansulat","7":"desktop-align-left","8":"tablet-align-left","9":"mobile-align-left","11":"first","12":"instock","13":"product-type-external"},"brands":[{"id":24,"name":"HELLA","slug":"hella"}],"_links":{"self":[{"href":"https:\/\/www.autonvaraosahaku.fi\/index.php?rest_route=\/wp\/v2\/product\/48559","targetHints":{"allow":["GET"]}}],"collection":[{"href":"https:\/\/www.autonvaraosahaku.fi\/index.php?rest_route=\/wp\/v2\/product"}],"about":[{"href":"https:\/\/www.autonvaraosahaku.fi\/index.php?rest_route=\/wp\/v2\/types\/product"}],"wp:attachment":[{"href":"https:\/\/www.autonvaraosahaku.fi\/index.php?rest_route=%2Fwp%2Fv2%2Fmedia&parent=48559"}],"wp:term":[{"taxonomy":"pwb-brand","embeddable":true,"href":"https:\/\/www.autonvaraosahaku.fi\/index.php?rest_route=%2Fwp%2Fv2%2Fpwb-brand&post=48559"},{"taxonomy":"product_cat","embeddable":true,"href":"https:\/\/www.autonvaraosahaku.fi\/index.php?rest_route=%2Fwp%2Fv2%2Fproduct_cat&post=48559"},{"taxonomy":"product_tag","embeddable":true,"href":"https:\/\/www.autonvaraosahaku.fi\/index.php?rest_route=%2Fwp%2Fv2%2Fproduct_tag&post=48559"}],"curies":[{"name":"wp","href":"https:\/\/api.w.org\/{rel}","templated":true}]}}