{"id":48583,"date":"2021-02-21T17:22:17","date_gmt":"2021-02-21T17:22:17","guid":{"rendered":"https:\/\/www.autonvaraosahaku.fi\/?product=ernst-499958-pakoputken-asennussarja"},"modified":"2021-02-21T17:22:18","modified_gmt":"2021-02-21T17:22:18","slug":"ernst-499958-pakoputken-asennussarja","status":"publish","type":"product","link":"https:\/\/www.autonvaraosahaku.fi\/?product=ernst-499958-pakoputken-asennussarja","title":{"rendered":"ERNST 499958 Pakoputken asennussarja"},"content":{"rendered":"<p>L\u00e4pimitta [mm]: 60,0; Putkiliitokset: U-kiristin; Kierremitta: M10; Putki-\u00d8 (mm): 55,0; Pakoputkisto: f\u00fcr Mittelschalld\u00e4mpfer; MERCEDES-BENZ: C-CLASS W203,C-CLASS T-Model S203,C-CLASS W202,190 W201,E-CLASS W210,E-CLASS Kombi S210,CLK C208,C-CLASS Kombi S202,CLK Cabriolet A208,COUPE C124,E-CLASS Cabriolet A124,E-CLASS Coupe C124; OPEL: ZAFIRA B A05,ZAFIRA A F75_,ASTRA G CC F48_, F08_,ASTRA G Caravan F35_,VECTRA C,VECTRA B 36_,VECTRA C GTS,VECTRA B Caravan 31_,ASTRA G Stufenheck F69_,VECTRA B CC 38_; FORD: FIESTA V JH_, JD_,MONDEO III Kombi BWY,MONDEO III B5Y,MONDEO III Stufenheck B4Y,SIERRA GBG, GB4,SIERRA Schr\u00e4gheck GBC, GBG,ESCORT V Cabriolet ALL,ESCORT V GAL,SIERRA Kombi BNG,ESCORT VI Kombi GAL,ESCORT V Kombi GAL, AVL; FIAT: BARCHETTA 183,ULYSSE 220,SCUDO Kasten 220L,SCUDO Combinato 220P; PEUGEOT: 806 221,EXPERT Kasten 222,EXPERT 224,EXPERT Pritsche\/Fahrgestell 223; CITRO\u00cbN: EVASION 22, U6,JUMPY U6U,JUMPY Kasten BS_, BT_, BY_, BZ_,JUMPY Pritsche\/Fahrgestell BU_, BV_, BW_, BX_; NISSAN: TERRANO II R20; ALFA ROMEO: 156 Sportwagon 932,156 932; CHRYSLER: PT CRUISER PT_; LANCIA: ZETA 220; 856044, 856053, 856069, 856296; Putkenliitin, Pakoputkisto<\/p>\n","protected":false},"excerpt":{"rendered":"<p>ERNST Pakoputken Kiristin 499958 Putkenliitin, Pakoputkisto MERCEDES-BENZ,OPEL,FORD,C-CLASS W203,C-CLASS T-Model S203,C-CLASS W202,190 W201<\/p>\n","protected":false},"featured_media":0,"template":"","meta":{"site-sidebar-layout":"default","site-content-layout":"default","ast-global-header-display":"","ast-main-header-display":"","ast-hfb-above-header-display":"","ast-hfb-below-header-display":"","ast-hfb-mobile-header-display":"","site-post-title":"","ast-breadcrumbs-content":"","ast-featured-img":"","footer-sml-layout":"","theme-transparent-header-meta":"","adv-header-id-meta":"","stick-header-meta":"","header-above-stick-meta":"","header-main-stick-meta":"","header-below-stick-meta":""},"pwb-brand":[63],"product_cat":[101],"product_tag":[],"class_list":{"0":"post-48583","1":"product","2":"type-product","3":"status-publish","5":"pwb-brand-ernst","6":"product_cat-pakoputken-asennussarja","7":"desktop-align-left","8":"tablet-align-left","9":"mobile-align-left","11":"first","12":"instock","13":"product-type-external"},"brands":[{"id":63,"name":"ERNST","slug":"ernst"}],"_links":{"self":[{"href":"https:\/\/www.autonvaraosahaku.fi\/index.php?rest_route=\/wp\/v2\/product\/48583","targetHints":{"allow":["GET"]}}],"collection":[{"href":"https:\/\/www.autonvaraosahaku.fi\/index.php?rest_route=\/wp\/v2\/product"}],"about":[{"href":"https:\/\/www.autonvaraosahaku.fi\/index.php?rest_route=\/wp\/v2\/types\/product"}],"wp:attachment":[{"href":"https:\/\/www.autonvaraosahaku.fi\/index.php?rest_route=%2Fwp%2Fv2%2Fmedia&parent=48583"}],"wp:term":[{"taxonomy":"pwb-brand","embeddable":true,"href":"https:\/\/www.autonvaraosahaku.fi\/index.php?rest_route=%2Fwp%2Fv2%2Fpwb-brand&post=48583"},{"taxonomy":"product_cat","embeddable":true,"href":"https:\/\/www.autonvaraosahaku.fi\/index.php?rest_route=%2Fwp%2Fv2%2Fproduct_cat&post=48583"},{"taxonomy":"product_tag","embeddable":true,"href":"https:\/\/www.autonvaraosahaku.fi\/index.php?rest_route=%2Fwp%2Fv2%2Fproduct_tag&post=48583"}],"curies":[{"name":"wp","href":"https:\/\/api.w.org\/{rel}","templated":true}]}}