{"id":48591,"date":"2021-02-21T17:22:17","date_gmt":"2021-02-21T17:22:17","guid":{"rendered":"https:\/\/www.autonvaraosahaku.fi\/?product=autofren-seinsa-d4087-jarrusatula-korjaussarja"},"modified":"2021-02-21T17:22:20","modified_gmt":"2021-02-21T17:22:20","slug":"autofren-seinsa-d4087-jarrusatula-korjaussarja","status":"publish","type":"product","link":"https:\/\/www.autonvaraosahaku.fi\/?product=autofren-seinsa-d4087-jarrusatula-korjaussarja","title":{"rendered":"AUTOFREN SEINSA D4087 Jarrusatula korjaussarja"},"content":{"rendered":"<p>Asennuspuoli: Etuakseli; L\u00e4pimitta [mm]: 48; Jarruj\u00e4rjestelm\u00e4: GIRLING; Jarrusatulatyyppi: Bremssattel(2-Kolben); BMW: 3 E21; LADA: 1200-1600,110 2110,NOVA 2105,TOSCANA 2107; HYUNDAI: PONY,PONY Wagon; VOLVO: 340-360 343, 345; OPEL: KADETT C Coupe,MANTA B 58_, 59_,KADETT C,ASCONA B 81_, 86_, 87_, 88_,REKORD E 17_-19_, 11_, 14_, 16_,MANTA A 58_, 59_,REKORD D,ASCONA A 81_, 86_, 87_, 88_,MANTA B CC 53_, 55_,KADETT C City,REKORD E Caravan 61_, 66_, 67_,REKORD D Coupe,KADETT C Caravan,REKORD D Caravan; FORD: ESCORT II ATH,ESCORT I AFH, ATH,ESCORT II Kombi,ESCORT I Kombi ADH; PEUGEOT: 204,204 Cabriolet,304 _04M_,204 Break,204 Coupe; VAUXHALL: CHEVETTE; TRIUMPH: SPITFIRE,HERALD; TALBOT: SIMCA 1100 Schr\u00e4gheck; 34111121203, 444825, 1487676, 1487876, 1487878, 1781871, 543087, 800798, 1605240, 444825, 5001000476, 135179, 136424, 277310; Korjaussarja, Jarrusatula<\/p>\n","protected":false},"excerpt":{"rendered":"<p>AUTOFREN SEINSA Jarrusatula Korjaussarja D4087 Korjaussarja, Jarrusatula BMW,LADA,HYUNDAI,3 E21,1200-1600,110 2110,NOVA 2105,TOSCANA 2107,PONY<\/p>\n","protected":false},"featured_media":0,"template":"","meta":{"site-sidebar-layout":"default","site-content-layout":"default","ast-global-header-display":"","ast-main-header-display":"","ast-hfb-above-header-display":"","ast-hfb-below-header-display":"","ast-hfb-mobile-header-display":"","site-post-title":"","ast-breadcrumbs-content":"","ast-featured-img":"","footer-sml-layout":"","theme-transparent-header-meta":"","adv-header-id-meta":"","stick-header-meta":"","header-above-stick-meta":"","header-main-stick-meta":"","header-below-stick-meta":""},"pwb-brand":[243],"product_cat":[57],"product_tag":[],"class_list":{"0":"post-48591","1":"product","2":"type-product","3":"status-publish","5":"pwb-brand-autofren-seinsa","6":"product_cat-jarrusatula-korjaussarja","7":"desktop-align-left","8":"tablet-align-left","9":"mobile-align-left","11":"first","12":"instock","13":"product-type-external"},"brands":[{"id":243,"name":"AUTOFREN SEINSA","slug":"autofren-seinsa"}],"_links":{"self":[{"href":"https:\/\/www.autonvaraosahaku.fi\/index.php?rest_route=\/wp\/v2\/product\/48591","targetHints":{"allow":["GET"]}}],"collection":[{"href":"https:\/\/www.autonvaraosahaku.fi\/index.php?rest_route=\/wp\/v2\/product"}],"about":[{"href":"https:\/\/www.autonvaraosahaku.fi\/index.php?rest_route=\/wp\/v2\/types\/product"}],"wp:attachment":[{"href":"https:\/\/www.autonvaraosahaku.fi\/index.php?rest_route=%2Fwp%2Fv2%2Fmedia&parent=48591"}],"wp:term":[{"taxonomy":"pwb-brand","embeddable":true,"href":"https:\/\/www.autonvaraosahaku.fi\/index.php?rest_route=%2Fwp%2Fv2%2Fpwb-brand&post=48591"},{"taxonomy":"product_cat","embeddable":true,"href":"https:\/\/www.autonvaraosahaku.fi\/index.php?rest_route=%2Fwp%2Fv2%2Fproduct_cat&post=48591"},{"taxonomy":"product_tag","embeddable":true,"href":"https:\/\/www.autonvaraosahaku.fi\/index.php?rest_route=%2Fwp%2Fv2%2Fproduct_tag&post=48591"}],"curies":[{"name":"wp","href":"https:\/\/api.w.org\/{rel}","templated":true}]}}