{"id":48596,"date":"2021-02-21T17:22:17","date_gmt":"2021-02-21T17:22:17","guid":{"rendered":"https:\/\/www.autonvaraosahaku.fi\/?product=fa1-771-950-pakosarjan-tiivisteet"},"modified":"2021-02-21T17:22:21","modified_gmt":"2021-02-21T17:22:21","slug":"fa1-771-950-pakosarjan-tiivisteet","status":"publish","type":"product","link":"https:\/\/www.autonvaraosahaku.fi\/?product=fa1-771-950-pakosarjan-tiivisteet","title":{"rendered":"FA1 771-950 Pakosarjan tiivisteet"},"content":{"rendered":"<p>Sis\u00e4l\u00e4pimitta [mm]: 50,5; Ulkol\u00e4pimitta [mm]: 65; Korkeus (mm): 5,2; Valmistusvuosi alkaen: 11\/1991; VW: TARO; MAZDA: 5 CR19,6 Station Wagon GY,2 DE,323 F VI BJ,PREMACY CP,6 Hatchback GG,6 GG,MX-5 I NA,5 CW,3 BM,626 V Hatchback GF,FAMILIA V BA,MPV II LW,626 V GF,626 V Station Wagon GW,323 P V BA,FAMILIA VI BJ,3 Stufenheck BM,XEDOS 9 TA,FAMILIA V BG8,2 DL, DJ,CX-3 DK; LEXUS: LX UZJ100; DAIHATSU: FEROZA Soft Top F300,SPORTRAK F300,FOURTRAK F7, F8,ROCKY Soft Top F7, F8,WILDCAT\/ROCKY F70,WILDCAT\/ROCKY F75; SUZUKI: SWIFT III MZ, EZ,GRAND VITARA I FT,VITARA ET, TA,LIANA Schr\u00e4gheck,LIANA ER,BALENO Kombi EG,BALENO EG,BALENO Schr\u00e4gheck EG; TOYOTA: AURIS NRE15_, ZZE15_, ADE15_, ZRE15_, NDE15_,RAV 4 II CLA2_, XA2_, ZCA2_, ACA2_,AURIS NZE18_, ZRE18_,AVENSIS _T22_,COROLLA Liftback _E11_,AURIS TOURING SPORTS ADE18_, ZWE18_, ZRE18_,COROLLA Compact _E11_,AVENSIS Station Wagon _T22_,RAV 4 I SXA1_,PREVIA MCR3_, ACR3_, CLR3_,AVENSIS Liftback _T22_,PICNIC _XM10,MR 2 II SW2_,STARLET _P8_,COROLLA Compact _E10_,CARINA E _T19_,LAND CRUISER PZJ7_, KZJ7_, HZJ7_, BJ7_, LJ7_, RJ7_,LAND CRUISER 100 UZJ100,CELICA ST20_, AT20_,COROLLA _E11_,LAND CRUISER _J4_,CARINA E Stufenheck _T19_,CELICA Coupe AT18_, ST18_,COROLLA Wagon __E11_,CARINA E Sportswagon _T19_,HILUX VI Pick-up _N1_,LAND CRUISER _J6_,RAV 4 \u00a0 SXA1_,CAMRY _CV2_, _XV2_,HILUX V Pick-up LN_, KZN1_, VZN1_,4 RUNNER RN10_, VZN13_, VZN10_, RN13_,COROLLA Liftback _E10_,COROLLA Liftback _E9_,HIACE IV Bus LH1_,MR 2 I AW1_,COROLLA _E10_,HIACE IV Kasten LXH1_, RZH1_, LH1_,COROLLA Stufenheck E15_,CARINA II _T17_,CAMRY _CV1_, _XV1_, _V1_,HIACE III Wagon LH1_, RZH1_,CARINA II Stufenheck ; 9004817011, 90917060008, 9091706008000, 9091706012, 9091706012000, 9091706045, 9091706045000, 9091706047, 9091706047000, FSB840305, KL1440305, L50140305, Z51040305, Z51040305A, 1418460G00, 1418460G00000, 9091706008, 9091706012, 9091706015, 9091706030, 9091706045, 9091706046, 9091706047, 9091706062, 9091706075, J9091706045, J9091706047<\/p>\n","protected":false},"excerpt":{"rendered":"<p>FA1 Tiivisterengas, Pakoputki 771-950  VW,MAZDA,LEXUS,TARO,5 CR19,6 Station Wagon GY,2 DE,323 F VI BJ,PREMACY CP,6 Hatchback GG,6 GG,MX-5 I NA,5 CW<\/p>\n","protected":false},"featured_media":0,"template":"","meta":{"site-sidebar-layout":"default","site-content-layout":"default","ast-global-header-display":"","ast-main-header-display":"","ast-hfb-above-header-display":"","ast-hfb-below-header-display":"","ast-hfb-mobile-header-display":"","site-post-title":"","ast-breadcrumbs-content":"","ast-featured-img":"","footer-sml-layout":"","theme-transparent-header-meta":"","adv-header-id-meta":"","stick-header-meta":"","header-above-stick-meta":"","header-main-stick-meta":"","header-below-stick-meta":""},"pwb-brand":[39],"product_cat":[123],"product_tag":[],"class_list":{"0":"post-48596","1":"product","2":"type-product","3":"status-publish","5":"pwb-brand-fa1","6":"product_cat-pakosarjan-tiivisteet","7":"desktop-align-left","8":"tablet-align-left","9":"mobile-align-left","11":"first","12":"instock","13":"product-type-external"},"brands":[{"id":39,"name":"FA1","slug":"fa1"}],"_links":{"self":[{"href":"https:\/\/www.autonvaraosahaku.fi\/index.php?rest_route=\/wp\/v2\/product\/48596","targetHints":{"allow":["GET"]}}],"collection":[{"href":"https:\/\/www.autonvaraosahaku.fi\/index.php?rest_route=\/wp\/v2\/product"}],"about":[{"href":"https:\/\/www.autonvaraosahaku.fi\/index.php?rest_route=\/wp\/v2\/types\/product"}],"wp:attachment":[{"href":"https:\/\/www.autonvaraosahaku.fi\/index.php?rest_route=%2Fwp%2Fv2%2Fmedia&parent=48596"}],"wp:term":[{"taxonomy":"pwb-brand","embeddable":true,"href":"https:\/\/www.autonvaraosahaku.fi\/index.php?rest_route=%2Fwp%2Fv2%2Fpwb-brand&post=48596"},{"taxonomy":"product_cat","embeddable":true,"href":"https:\/\/www.autonvaraosahaku.fi\/index.php?rest_route=%2Fwp%2Fv2%2Fproduct_cat&post=48596"},{"taxonomy":"product_tag","embeddable":true,"href":"https:\/\/www.autonvaraosahaku.fi\/index.php?rest_route=%2Fwp%2Fv2%2Fproduct_tag&post=48596"}],"curies":[{"name":"wp","href":"https:\/\/api.w.org\/{rel}","templated":true}]}}