{"id":48629,"date":"2021-02-21T17:22:29","date_gmt":"2021-02-21T17:22:29","guid":{"rendered":"https:\/\/www.autonvaraosahaku.fi\/?product=skf-vkjc-4879-vetoakseli"},"modified":"2021-02-21T17:22:31","modified_gmt":"2021-02-21T17:22:31","slug":"skf-vkjc-4879-vetoakseli","status":"publish","type":"product","link":"https:\/\/www.autonvaraosahaku.fi\/?product=skf-vkjc-4879-vetoakseli","title":{"rendered":"SKF VKJC 4879 Vetoakseli"},"content":{"rendered":"<p>Pituus (mm): 624; Reik\u00e4-\u00d8 [mm]: 10,5; Kierremitta: M16x1.5; Ulkohammastus, py\u00f6r\u00e4npuoli: 38; Tiivisteen l\u00e4pimitta [mm]: 59,5; Hammasluku, ABS-keh\u00e4: 45; Reikien m\u00e4\u00e4r\u00e4: 6; Reik\u00e4ympyr\u00e4-\u00d8 [mm]: 114; ABS-keh\u00e4 \u00d8(mm): 81; Uusi osa: ; Nivelen l\u00e4pimitta py\u00f6r\u00e4puoli [mm]: 98; Nivelen l\u00e4pimitta vaihteistopuoli [mm]: 90; Moottorinumero: ABC; VW: PASSAT Variant 3B6,PASSAT Variant 3B5,PASSAT 3B2,PASSAT 3B3; AUDI: A4 8D2, B5,A6 Avant 4B5, C5,A4 Avant 8D5, B5,A6 4B2, C5; SKODA: SUPERB 3U4; 4B0407271C, 4B0407451CX, 8D0407272BB, 8D0407272DT, 8D0407452CX, 8D0407452LX, 8D0407272BB, 8D0407272DT, 8D0407452CX, 8D0407272BB, 8D0407272DT, 8D0407452CX, 8D0407272BB, 8D0407272DT, 8D0407272EC, 8D0407452CX, 8D0407452LX<\/p>\n","protected":false},"excerpt":{"rendered":"<p>SKF Vetoakseli VKJC 4879  VW,AUDI,SKODA,PASSAT Variant 3B6,PASSAT Variant 3B5,PASSAT 3B2,PASSAT 3B3,A4 8D2, B5,A6 Avant 4B5, C5,A4 Avant 8D5, B5<\/p>\n","protected":false},"featured_media":0,"template":"","meta":{"site-sidebar-layout":"default","site-content-layout":"default","ast-global-header-display":"","ast-main-header-display":"","ast-hfb-above-header-display":"","ast-hfb-below-header-display":"","ast-hfb-mobile-header-display":"","site-post-title":"","ast-breadcrumbs-content":"","ast-featured-img":"","footer-sml-layout":"","theme-transparent-header-meta":"","adv-header-id-meta":"","stick-header-meta":"","header-above-stick-meta":"","header-main-stick-meta":"","header-below-stick-meta":""},"pwb-brand":[237],"product_cat":[215],"product_tag":[],"class_list":{"0":"post-48629","1":"product","2":"type-product","3":"status-publish","5":"pwb-brand-skf","6":"product_cat-vetoakseli","7":"desktop-align-left","8":"tablet-align-left","9":"mobile-align-left","11":"first","12":"instock","13":"product-type-external"},"brands":[{"id":237,"name":"SKF","slug":"skf"}],"_links":{"self":[{"href":"https:\/\/www.autonvaraosahaku.fi\/index.php?rest_route=\/wp\/v2\/product\/48629","targetHints":{"allow":["GET"]}}],"collection":[{"href":"https:\/\/www.autonvaraosahaku.fi\/index.php?rest_route=\/wp\/v2\/product"}],"about":[{"href":"https:\/\/www.autonvaraosahaku.fi\/index.php?rest_route=\/wp\/v2\/types\/product"}],"wp:attachment":[{"href":"https:\/\/www.autonvaraosahaku.fi\/index.php?rest_route=%2Fwp%2Fv2%2Fmedia&parent=48629"}],"wp:term":[{"taxonomy":"pwb-brand","embeddable":true,"href":"https:\/\/www.autonvaraosahaku.fi\/index.php?rest_route=%2Fwp%2Fv2%2Fpwb-brand&post=48629"},{"taxonomy":"product_cat","embeddable":true,"href":"https:\/\/www.autonvaraosahaku.fi\/index.php?rest_route=%2Fwp%2Fv2%2Fproduct_cat&post=48629"},{"taxonomy":"product_tag","embeddable":true,"href":"https:\/\/www.autonvaraosahaku.fi\/index.php?rest_route=%2Fwp%2Fv2%2Fproduct_tag&post=48629"}],"curies":[{"name":"wp","href":"https:\/\/api.w.org\/{rel}","templated":true}]}}