{"id":48632,"date":"2021-02-21T17:22:29","date_gmt":"2021-02-21T17:22:29","guid":{"rendered":"https:\/\/www.autonvaraosahaku.fi\/?product=mahle-original-tx-18-79d-termostaatti"},"modified":"2021-02-21T17:22:32","modified_gmt":"2021-02-21T17:22:32","slug":"mahle-original-tx-18-79d-termostaatti","status":"publish","type":"product","link":"https:\/\/www.autonvaraosahaku.fi\/?product=mahle-original-tx-18-79d-termostaatti","title":{"rendered":"MAHLE ORIGINAL TX 18 79D Termostaatti"},"content":{"rendered":"<p>Avausl\u00e4mp\u00f6tila [\u00b0C]: 79; Lis\u00e4tarvike\/lis\u00e4tieto: Tiivisteill\u00e4, Tiivisteill\u00e4; Paino [g]: 0,3; Korkeus (tuumaa): 2,76; Leveys (tuumaa): 2,28; Pituus (tuumaa): 2,56; ei sarjatuotannossa: ; MERCEDES-BENZ: E-CLASS W210,G-CLASS W463,S-CLASS W108, W109,T2\/L Kasten\/Kombi,T2\/L Pritsche\/Fahrgestell,T2\/L Kommunalfahrzeug,O 309,UNIMOG; OPEL: FRONTERA A Sport 5_SUD2,FRONTERA A 5_MWL4; FORD: SCORPIO II GFR, GGR,SCORPIO II Kombi GNR, GGR; IVECO: EUROCARGO I-III,EUROFIRE,EUROSTAR,EUROTECH MH,EUROTECH MP,EUROTECH MT,EUROTRAKKER,P\/PA,P\/PA-Haubenfahrzeuge,TURBOSTAR,TURBOTECH; JEEP: GRAND CHEROKEE II WJ, WG,CHEROKEE KJ,GRAND CHEROKEE I ZJ,CHEROKEE XJ; LAND ROVER: RANGE ROVER I AE, AN, HAA, HAB, HAM, HBM, RE, RN; CHRYSLER: VOYAGER IV RG, RS,VOYAGER III GS,VOYAGER II ES; LANCIA: THEMA 834; SSANGYONG: RODIUS; DODGE: CARAVAN NS; 04778975, 4778975, 7072643, V94DD8575AA, 91153670, 97153670, 0000098420718, 0000098424854, 4738169, 503474271, 503474882, 98420718, 98424854, 98433497, 98467517, 4778975, RTC4942, RTC6673, 0012039075, 0022030275, 0022033575, 0022033775, 0022033875, 0022034675, 0022037275, 0022037875, 0032033575, 0032036875, 0032039175, 0032039275, 0042038575, 0052032775, 1002000715, 1002000815, 1002008715, 12039075, 22033775, 22033875, 22034675, 6022033575, 6162000215, A0012039075, A0022030275, A0022033575, A0022033775, A0022033875, A0022034675, A0022037275, A0022037875, A0032033575, A0032036875, A0032039175, A0032039275, A0042038575, A0052032775, A1002000715, A1002000815, A1002008715, A6022033575, A6162000215, 1338466, 91153670, 5000785355, GTS287, PEL10009EVA, 1338466, 91153670; Termostaatti, J\u00e4\u00e4hdytysneste<\/p>\n","protected":false},"excerpt":{"rendered":"<p>MAHLE ORIGINAL Termostaatti TX 18 79D Termostaatti, J\u00e4\u00e4hdytysneste MERCEDES-BENZ,OPEL,FORD,E-CLASS W210,G-CLASS W463,S-CLASS W108, W109<\/p>\n","protected":false},"featured_media":0,"template":"","meta":{"site-sidebar-layout":"default","site-content-layout":"default","ast-global-header-display":"","ast-main-header-display":"","ast-hfb-above-header-display":"","ast-hfb-below-header-display":"","ast-hfb-mobile-header-display":"","site-post-title":"","ast-breadcrumbs-content":"","ast-featured-img":"","footer-sml-layout":"","theme-transparent-header-meta":"","adv-header-id-meta":"","stick-header-meta":"","header-above-stick-meta":"","header-main-stick-meta":"","header-below-stick-meta":""},"pwb-brand":[153],"product_cat":[174],"product_tag":[],"class_list":{"0":"post-48632","1":"product","2":"type-product","3":"status-publish","5":"pwb-brand-mahle-original","6":"product_cat-termostaatti","7":"desktop-align-left","8":"tablet-align-left","9":"mobile-align-left","11":"first","12":"instock","13":"product-type-external"},"brands":[{"id":153,"name":"MAHLE ORIGINAL","slug":"mahle-original"}],"_links":{"self":[{"href":"https:\/\/www.autonvaraosahaku.fi\/index.php?rest_route=\/wp\/v2\/product\/48632","targetHints":{"allow":["GET"]}}],"collection":[{"href":"https:\/\/www.autonvaraosahaku.fi\/index.php?rest_route=\/wp\/v2\/product"}],"about":[{"href":"https:\/\/www.autonvaraosahaku.fi\/index.php?rest_route=\/wp\/v2\/types\/product"}],"wp:attachment":[{"href":"https:\/\/www.autonvaraosahaku.fi\/index.php?rest_route=%2Fwp%2Fv2%2Fmedia&parent=48632"}],"wp:term":[{"taxonomy":"pwb-brand","embeddable":true,"href":"https:\/\/www.autonvaraosahaku.fi\/index.php?rest_route=%2Fwp%2Fv2%2Fpwb-brand&post=48632"},{"taxonomy":"product_cat","embeddable":true,"href":"https:\/\/www.autonvaraosahaku.fi\/index.php?rest_route=%2Fwp%2Fv2%2Fproduct_cat&post=48632"},{"taxonomy":"product_tag","embeddable":true,"href":"https:\/\/www.autonvaraosahaku.fi\/index.php?rest_route=%2Fwp%2Fv2%2Fproduct_tag&post=48632"}],"curies":[{"name":"wp","href":"https:\/\/api.w.org\/{rel}","templated":true}]}}