{"id":48640,"date":"2021-02-21T17:22:34","date_gmt":"2021-02-21T17:22:34","guid":{"rendered":"https:\/\/www.autonvaraosahaku.fi\/?product=febi-bilstein-29475-iskunvaimentimen-tukilaakeri"},"modified":"2021-02-21T17:22:34","modified_gmt":"2021-02-21T17:22:34","slug":"febi-bilstein-29475-iskunvaimentimen-tukilaakeri","status":"publish","type":"product","link":"https:\/\/www.autonvaraosahaku.fi\/?product=febi-bilstein-29475-iskunvaimentimen-tukilaakeri","title":{"rendered":"FEBI BILSTEIN 29475 Iskunvaimentimen tukilaakeri"},"content":{"rendered":"<p>Leveys (mm): 18,0; Sis\u00e4l\u00e4pimitta [mm]: 82,0; Ulkol\u00e4pimitta [mm]: 126,5; Materiaali: Muovi; Laakerityyppi: Vierint\u00e4laakeri; Asennuspuoli: etuakseli molemminpuoleinen; Paino [kg]: 0,202, 0,202; Jarru-\/ajodynamiikka: f\u00fcr Fahrzeuge ohne Airmatic DC; MERCEDES-BENZ: C-CLASS W204,C-CLASS T-Model S204,E-CLASS W212,B-CLASS W246, W242,E-CLASS T-Model S212,GLK-CLASS X204,A-CLASS W176,E-CLASS Coupe C207,CLA Coupe C117,C-CLASS Coupe C204,SLK R172,E-CLASS Cabriolet A207,CLS C218,CLS Shooting Brake X218,C-CLASS W205,GLA-CLASS X156,CLA Shooting Brake X117,SLC R172; 2049810025, A2049810025<\/p>\n","protected":false},"excerpt":{"rendered":"<p>FEBI BILSTEIN Rullalaakeri, Jousijalkalaakeri 29475  MERCEDES-BENZ,C-CLASS W204,C-CLASS T-Model S204,E-CLASS W212,B-CLASS W246, W242<\/p>\n","protected":false},"featured_media":0,"template":"","meta":{"site-sidebar-layout":"default","site-content-layout":"default","ast-global-header-display":"","ast-main-header-display":"","ast-hfb-above-header-display":"","ast-hfb-below-header-display":"","ast-hfb-mobile-header-display":"","site-post-title":"","ast-breadcrumbs-content":"","ast-featured-img":"","footer-sml-layout":"","theme-transparent-header-meta":"","adv-header-id-meta":"","stick-header-meta":"","header-above-stick-meta":"","header-main-stick-meta":"","header-below-stick-meta":""},"pwb-brand":[50],"product_cat":[106],"product_tag":[],"class_list":{"0":"post-48640","1":"product","2":"type-product","3":"status-publish","5":"pwb-brand-febi-bilstein","6":"product_cat-iskunvaimentimen-tukilaakeri","7":"desktop-align-left","8":"tablet-align-left","9":"mobile-align-left","11":"first","12":"instock","13":"product-type-external"},"brands":[{"id":50,"name":"FEBI BILSTEIN","slug":"febi-bilstein"}],"_links":{"self":[{"href":"https:\/\/www.autonvaraosahaku.fi\/index.php?rest_route=\/wp\/v2\/product\/48640","targetHints":{"allow":["GET"]}}],"collection":[{"href":"https:\/\/www.autonvaraosahaku.fi\/index.php?rest_route=\/wp\/v2\/product"}],"about":[{"href":"https:\/\/www.autonvaraosahaku.fi\/index.php?rest_route=\/wp\/v2\/types\/product"}],"wp:attachment":[{"href":"https:\/\/www.autonvaraosahaku.fi\/index.php?rest_route=%2Fwp%2Fv2%2Fmedia&parent=48640"}],"wp:term":[{"taxonomy":"pwb-brand","embeddable":true,"href":"https:\/\/www.autonvaraosahaku.fi\/index.php?rest_route=%2Fwp%2Fv2%2Fpwb-brand&post=48640"},{"taxonomy":"product_cat","embeddable":true,"href":"https:\/\/www.autonvaraosahaku.fi\/index.php?rest_route=%2Fwp%2Fv2%2Fproduct_cat&post=48640"},{"taxonomy":"product_tag","embeddable":true,"href":"https:\/\/www.autonvaraosahaku.fi\/index.php?rest_route=%2Fwp%2Fv2%2Fproduct_tag&post=48640"}],"curies":[{"name":"wp","href":"https:\/\/api.w.org\/{rel}","templated":true}]}}