{"id":48656,"date":"2021-02-21T17:22:34","date_gmt":"2021-02-21T17:22:34","guid":{"rendered":"https:\/\/www.autonvaraosahaku.fi\/?product=ufi-23-447-00-oljynsuodatin"},"modified":"2021-02-21T17:22:38","modified_gmt":"2021-02-21T17:22:38","slug":"ufi-23-447-00-oljynsuodatin","status":"publish","type":"product","link":"https:\/\/www.autonvaraosahaku.fi\/?product=ufi-23-447-00-oljynsuodatin","title":{"rendered":"UFI 23.447.00 \u00d6ljynsuodatin"},"content":{"rendered":"<p>Ulkol\u00e4pimitta [mm]: 76,0; Sis\u00e4l\u00e4pimitta 1 [mm]: 61,0; Ulkol\u00e4pimitta 2 [mm]: 71,0; Ulkol\u00e4pimitta 1 [mm]: 78,0; Kierremitta: 3\/4-16 UNF; Korkeus (mm): 87,5; Avauspaine ohitusventtiili [bar]: 1,6; Korvaava tuote\/korvaava tiedote 2: 2 peruutuksenestoventtiilill\u00e4; Vaihtoehtoisesti: ; LANCIA: DELTA I 831AB0,THEMA 834,A 112,THEMA SW 834; FIAT: SEICENTO 187,CINQUECENTO 170,PANDA 141A_,UNO 146A\/E,127,SEICENTO Van 187,CROMA 154; ALFA ROMEO: 164 164,145 930,146 930,33 907A,33 Sportwagon 907B; AUTOBIANCHI: A 112; 46805828, 71736162, 71771365<\/p>\n","protected":false},"excerpt":{"rendered":"<p>UFI \u00d6ljynsuodatin 23.447.00  LANCIA,FIAT,ALFA ROMEO,DELTA I 831AB0,THEMA 834,A 112,THEMA SW 834,SEICENTO 187,CINQUECENTO 170,PANDA 141A_,UNO 146A\/E<\/p>\n","protected":false},"featured_media":0,"template":"","meta":{"site-sidebar-layout":"default","site-content-layout":"default","ast-global-header-display":"","ast-main-header-display":"","ast-hfb-above-header-display":"","ast-hfb-below-header-display":"","ast-hfb-mobile-header-display":"","site-post-title":"","ast-breadcrumbs-content":"","ast-featured-img":"","footer-sml-layout":"","theme-transparent-header-meta":"","adv-header-id-meta":"","stick-header-meta":"","header-above-stick-meta":"","header-main-stick-meta":"","header-below-stick-meta":""},"pwb-brand":[109],"product_cat":[30],"product_tag":[],"class_list":{"0":"post-48656","1":"product","2":"type-product","3":"status-publish","5":"pwb-brand-ufi","6":"product_cat-oljynsuodatin","7":"desktop-align-left","8":"tablet-align-left","9":"mobile-align-left","11":"first","12":"instock","13":"product-type-external"},"brands":[{"id":109,"name":"UFI","slug":"ufi"}],"_links":{"self":[{"href":"https:\/\/www.autonvaraosahaku.fi\/index.php?rest_route=\/wp\/v2\/product\/48656","targetHints":{"allow":["GET"]}}],"collection":[{"href":"https:\/\/www.autonvaraosahaku.fi\/index.php?rest_route=\/wp\/v2\/product"}],"about":[{"href":"https:\/\/www.autonvaraosahaku.fi\/index.php?rest_route=\/wp\/v2\/types\/product"}],"wp:attachment":[{"href":"https:\/\/www.autonvaraosahaku.fi\/index.php?rest_route=%2Fwp%2Fv2%2Fmedia&parent=48656"}],"wp:term":[{"taxonomy":"pwb-brand","embeddable":true,"href":"https:\/\/www.autonvaraosahaku.fi\/index.php?rest_route=%2Fwp%2Fv2%2Fpwb-brand&post=48656"},{"taxonomy":"product_cat","embeddable":true,"href":"https:\/\/www.autonvaraosahaku.fi\/index.php?rest_route=%2Fwp%2Fv2%2Fproduct_cat&post=48656"},{"taxonomy":"product_tag","embeddable":true,"href":"https:\/\/www.autonvaraosahaku.fi\/index.php?rest_route=%2Fwp%2Fv2%2Fproduct_tag&post=48656"}],"curies":[{"name":"wp","href":"https:\/\/api.w.org\/{rel}","templated":true}]}}