{"id":48675,"date":"2021-02-21T17:22:39","date_gmt":"2021-02-21T17:22:39","guid":{"rendered":"https:\/\/www.autonvaraosahaku.fi\/?product=ridex-82b1003-jarrulevyt"},"modified":"2021-02-21T17:22:43","modified_gmt":"2021-02-21T17:22:43","slug":"ridex-82b1003-jarrulevyt","status":"publish","type":"product","link":"https:\/\/www.autonvaraosahaku.fi\/?product=ridex-82b1003-jarrulevyt","title":{"rendered":"RIDEX 82B1003 Jarrulevyt"},"content":{"rendered":"<p>Jarrulevyn paksuus (mm): 8; Ulkol\u00e4pimitta [mm]: 247; Jarrulevytyyppi: Vakiomalli; Asennuspuoli: Taka-akseli; Paino [kg]: 2,473; keskitt\u00e4misl\u00e4pimitta [mm]: 71,0; Reik\u00e4kuvio\/-m\u00e4\u00e4r\u00e4: 4\/6; V\u00e4himm\u00e4ispaksuus (mm): 7; Reik\u00e4-\u00d8 [mm]: 13,0; Korkeus (mm): 20,30; Sis\u00e4l\u00e4pimitta [mm]: 133,0; Reik\u00e4ympyr\u00e4-\u00d8 [mm]: 108,0; Moottorinumero: XY7; PEUGEOT: 205 II 20A\/C,205 I Cabriolet 741B, 20D,309 II 3C, 3A,205 I 741A\/C,309 I 10C, 10A,205 Kasten; 424699, 4246H0, 4246H0SK; Jarrulevy<\/p>\n","protected":false},"excerpt":{"rendered":"<p>RIDEX Jarrulevyt 82B1003 Jarrulevy PEUGEOT,205 II 20A\/C,205 I Cabriolet 741B, 20D,309 II 3C, 3A,205 I 741A\/C,309 I 10C, 10A,205 Kasten<\/p>\n","protected":false},"featured_media":0,"template":"","meta":{"site-sidebar-layout":"default","site-content-layout":"default","ast-global-header-display":"","ast-main-header-display":"","ast-hfb-above-header-display":"","ast-hfb-below-header-display":"","ast-hfb-mobile-header-display":"","site-post-title":"","ast-breadcrumbs-content":"","ast-featured-img":"","footer-sml-layout":"","theme-transparent-header-meta":"","adv-header-id-meta":"","stick-header-meta":"","header-above-stick-meta":"","header-main-stick-meta":"","header-below-stick-meta":""},"pwb-brand":[157],"product_cat":[66],"product_tag":[],"class_list":{"0":"post-48675","1":"product","2":"type-product","3":"status-publish","5":"pwb-brand-ridex","6":"product_cat-jarrulevyt","7":"desktop-align-left","8":"tablet-align-left","9":"mobile-align-left","11":"first","12":"instock","13":"product-type-external"},"brands":[{"id":157,"name":"RIDEX","slug":"ridex"}],"_links":{"self":[{"href":"https:\/\/www.autonvaraosahaku.fi\/index.php?rest_route=\/wp\/v2\/product\/48675","targetHints":{"allow":["GET"]}}],"collection":[{"href":"https:\/\/www.autonvaraosahaku.fi\/index.php?rest_route=\/wp\/v2\/product"}],"about":[{"href":"https:\/\/www.autonvaraosahaku.fi\/index.php?rest_route=\/wp\/v2\/types\/product"}],"wp:attachment":[{"href":"https:\/\/www.autonvaraosahaku.fi\/index.php?rest_route=%2Fwp%2Fv2%2Fmedia&parent=48675"}],"wp:term":[{"taxonomy":"pwb-brand","embeddable":true,"href":"https:\/\/www.autonvaraosahaku.fi\/index.php?rest_route=%2Fwp%2Fv2%2Fpwb-brand&post=48675"},{"taxonomy":"product_cat","embeddable":true,"href":"https:\/\/www.autonvaraosahaku.fi\/index.php?rest_route=%2Fwp%2Fv2%2Fproduct_cat&post=48675"},{"taxonomy":"product_tag","embeddable":true,"href":"https:\/\/www.autonvaraosahaku.fi\/index.php?rest_route=%2Fwp%2Fv2%2Fproduct_tag&post=48675"}],"curies":[{"name":"wp","href":"https:\/\/api.w.org\/{rel}","templated":true}]}}