{"id":48686,"date":"2021-02-21T17:22:45","date_gmt":"2021-02-21T17:22:45","guid":{"rendered":"https:\/\/www.autonvaraosahaku.fi\/?product=jp-group-1391800200-hehkutulppa"},"modified":"2021-02-21T17:22:47","modified_gmt":"2021-02-21T17:22:47","slug":"jp-group-1391800200-hehkutulppa","status":"publish","type":"product","link":"https:\/\/www.autonvaraosahaku.fi\/?product=jp-group-1391800200-hehkutulppa","title":{"rendered":"JP GROUP 1391800200 Hehkutulppa"},"content":{"rendered":"<p>Nimellisvirta [A]: 16; Hehkutulppatyyppi: j\u00e4lkihehkutuksenkest\u00e4v\u00e4, Hehkutulppa, puikko; Kokonaispituus (mm): 69; Avainv\u00e4li: 12; Valmistusvuosi alkaen: 02\/1989; DAEWOO: MUSSO FJ,KORANDO KJ,KORANDO Cabrio KJ; SSANGYONG: REXTON GAB_,MUSSO FJ,KORANDO KJ,KORANDO Cabrio KJ; MERCEDES-BENZ: C-CLASS W202,190 W201,Stufenheck W124,KOMBI Kombi S124,E-CLASS W124,G-CLASS W463,VITO Bus 638,G-CLASS W460,S-CLASS W140,E-CLASS Kombi S124,SPRINTER 3-t Kasten 903,SPRINTER 2-t Bus 901, 902,V-CLASS 638\/2,G-CLASS W461,SPRINTER 2-t Kasten 901, 902,SPRINTER 3-t Bus 903,SPRINTER 3-t Pritsche\/Fahrgestell 903,T1 Bus 601,100 Bus 631,VITO Kasten 638,T1 Pritsche\/Fahrgestell 602,T1 Kasten 602,100 Kasten 631,SPRINTER 4-t Pritsche\/Fahrgestell 904,T1 Pritsche\/Fahrgestell 601,T2\/LN1 Kasten\/Kombi,SPRINTER 2-t Pritsche\/Fahrgestell 901, 902,T1 Kasten 601,100 Pritsche\/Fahrgestell 631,SPRINTER 4-t Kasten 904,T1 Bus 602,T1\/TN Pritsche\/Fahrgestell,G-CLASS Cabrio W463,T1\/TN Kasten\/Kombi,T2\/LN1 Kipper; 0011590001, 0011590101, 0011591701, 0011593601, A0011590001, A0011590101, A0011591701, A0011593601, 596034, 7701414107, 7701414157, 6611593001, 6611593101, 66115931A1<\/p>\n","protected":false},"excerpt":{"rendered":"<p>JP GROUP Hehkutulppa JP Group 1391800200  DAEWOO,SSANGYONG,MERCEDES-BENZ,MUSSO FJ,KORANDO KJ,KORANDO Cabrio KJ,REXTON GAB_,MUSSO FJ,KORANDO KJ<\/p>\n","protected":false},"featured_media":0,"template":"","meta":{"site-sidebar-layout":"default","site-content-layout":"default","ast-global-header-display":"","ast-main-header-display":"","ast-hfb-above-header-display":"","ast-hfb-below-header-display":"","ast-hfb-mobile-header-display":"","site-post-title":"","ast-breadcrumbs-content":"","ast-featured-img":"","footer-sml-layout":"","theme-transparent-header-meta":"","adv-header-id-meta":"","stick-header-meta":"","header-above-stick-meta":"","header-main-stick-meta":"","header-below-stick-meta":""},"pwb-brand":[131],"product_cat":[52],"product_tag":[],"class_list":{"0":"post-48686","1":"product","2":"type-product","3":"status-publish","5":"pwb-brand-jp-group","6":"product_cat-hehkutulppa","7":"desktop-align-left","8":"tablet-align-left","9":"mobile-align-left","11":"first","12":"instock","13":"product-type-external"},"brands":[{"id":131,"name":"JP GROUP","slug":"jp-group"}],"_links":{"self":[{"href":"https:\/\/www.autonvaraosahaku.fi\/index.php?rest_route=\/wp\/v2\/product\/48686","targetHints":{"allow":["GET"]}}],"collection":[{"href":"https:\/\/www.autonvaraosahaku.fi\/index.php?rest_route=\/wp\/v2\/product"}],"about":[{"href":"https:\/\/www.autonvaraosahaku.fi\/index.php?rest_route=\/wp\/v2\/types\/product"}],"wp:attachment":[{"href":"https:\/\/www.autonvaraosahaku.fi\/index.php?rest_route=%2Fwp%2Fv2%2Fmedia&parent=48686"}],"wp:term":[{"taxonomy":"pwb-brand","embeddable":true,"href":"https:\/\/www.autonvaraosahaku.fi\/index.php?rest_route=%2Fwp%2Fv2%2Fpwb-brand&post=48686"},{"taxonomy":"product_cat","embeddable":true,"href":"https:\/\/www.autonvaraosahaku.fi\/index.php?rest_route=%2Fwp%2Fv2%2Fproduct_cat&post=48686"},{"taxonomy":"product_tag","embeddable":true,"href":"https:\/\/www.autonvaraosahaku.fi\/index.php?rest_route=%2Fwp%2Fv2%2Fproduct_tag&post=48686"}],"curies":[{"name":"wp","href":"https:\/\/api.w.org\/{rel}","templated":true}]}}