{"id":48708,"date":"2021-02-21T17:22:51","date_gmt":"2021-02-21T17:22:51","guid":{"rendered":"https:\/\/www.autonvaraosahaku.fi\/?product=ridex-402b0605-jarrupalat"},"modified":"2021-02-21T17:22:53","modified_gmt":"2021-02-21T17:22:53","slug":"ridex-402b0605-jarrupalat","status":"publish","type":"product","link":"https:\/\/www.autonvaraosahaku.fi\/?product=ridex-402b0605-jarrupalat","title":{"rendered":"RIDEX 402B0605 Jarrupalat"},"content":{"rendered":"<p>Leveys 1 (mm): 194,3; Leveys 2 (mm): 193,1; Korkeus 1 (mm): 64; Korkeus 2 (mm): 63,9; Paksuus [mm]: 19,0; Kulumisenilmaisimen liitos: akustisella kulumavaroittimella; Kulumisvaroittimia [pro Achse]: 2; Jarruj\u00e4rjestelm\u00e4: Teves; M\u00e4\u00e4r\u00e4yksikk\u00f6: Akselisarja; Korvaava tuote\/korvaava tiedote 2: M\u00e4nn\u00e4n lukoilla; Asennuspuoli: Etuakseli, Vorderachse; JEEP: GRAND CHEROKEE IV WK, WK2; DODGE: DURANGO WD; 00K68052369AB, 068052369AA, 068052370AA, 68052369AA, 68052370AA, 68052370AB, V1012369AA, 0064203820, 0064203920, 0074208020, A0064203820, A0064203920, A0074208020; Jarrupalasarja,Jarrupala, Levyjarru<\/p>\n","protected":false},"excerpt":{"rendered":"<p>RIDEX Jarrupalat 402B0605 Jarrupalasarja,Jarrupala, Levyjarru JEEP,DODGE,GRAND CHEROKEE IV WK, WK2,DURANGO WD<\/p>\n","protected":false},"featured_media":0,"template":"","meta":{"site-sidebar-layout":"default","site-content-layout":"default","ast-global-header-display":"","ast-main-header-display":"","ast-hfb-above-header-display":"","ast-hfb-below-header-display":"","ast-hfb-mobile-header-display":"","site-post-title":"","ast-breadcrumbs-content":"","ast-featured-img":"","footer-sml-layout":"","theme-transparent-header-meta":"","adv-header-id-meta":"","stick-header-meta":"","header-above-stick-meta":"","header-main-stick-meta":"","header-below-stick-meta":""},"pwb-brand":[157],"product_cat":[100],"product_tag":[],"class_list":{"0":"post-48708","1":"product","2":"type-product","3":"status-publish","5":"pwb-brand-ridex","6":"product_cat-jarrupalat","7":"desktop-align-left","8":"tablet-align-left","9":"mobile-align-left","11":"first","12":"instock","13":"product-type-external"},"brands":[{"id":157,"name":"RIDEX","slug":"ridex"}],"_links":{"self":[{"href":"https:\/\/www.autonvaraosahaku.fi\/index.php?rest_route=\/wp\/v2\/product\/48708","targetHints":{"allow":["GET"]}}],"collection":[{"href":"https:\/\/www.autonvaraosahaku.fi\/index.php?rest_route=\/wp\/v2\/product"}],"about":[{"href":"https:\/\/www.autonvaraosahaku.fi\/index.php?rest_route=\/wp\/v2\/types\/product"}],"wp:attachment":[{"href":"https:\/\/www.autonvaraosahaku.fi\/index.php?rest_route=%2Fwp%2Fv2%2Fmedia&parent=48708"}],"wp:term":[{"taxonomy":"pwb-brand","embeddable":true,"href":"https:\/\/www.autonvaraosahaku.fi\/index.php?rest_route=%2Fwp%2Fv2%2Fpwb-brand&post=48708"},{"taxonomy":"product_cat","embeddable":true,"href":"https:\/\/www.autonvaraosahaku.fi\/index.php?rest_route=%2Fwp%2Fv2%2Fproduct_cat&post=48708"},{"taxonomy":"product_tag","embeddable":true,"href":"https:\/\/www.autonvaraosahaku.fi\/index.php?rest_route=%2Fwp%2Fv2%2Fproduct_tag&post=48708"}],"curies":[{"name":"wp","href":"https:\/\/api.w.org\/{rel}","templated":true}]}}