{"id":48720,"date":"2021-02-21T17:22:56","date_gmt":"2021-02-21T17:22:56","guid":{"rendered":"https:\/\/www.autonvaraosahaku.fi\/?product=ridex-402b0266-jarrupalat"},"modified":"2021-02-21T17:22:57","modified_gmt":"2021-02-21T17:22:57","slug":"ridex-402b0266-jarrupalat","status":"publish","type":"product","link":"https:\/\/www.autonvaraosahaku.fi\/?product=ridex-402b0266-jarrupalat","title":{"rendered":"RIDEX 402B0266 Jarrupalat"},"content":{"rendered":"<p>Paksuus [mm]: 16,5; Pituus (mm): 63,5; Korkeus (mm): 57,2; Jarruj\u00e4rjestelm\u00e4: Teves; M\u00e4\u00e4r\u00e4yksikk\u00f6: Akselisarja; Asennuspuoli: Taka-akseli, Hinterachse; Kulumisenilmaisimen liitos: kulumisanturilla; Varoittimen pituus [mm]: 120; Kulumisvaroittimia [pro Achse]: 2; MERCEDES-BENZ: VITO Bus 638,V-CLASS 638\/2,SPRINTER 2-t Kasten 901, 902,VITO Kasten 638,SPRINTER 2-t Pritsche\/Fahrgestell 901, 902; PEUGEOT: 406 Break 8E\/F,406 Coupe 8C,406 8B,605 6B; 0024204820, 0034200020, 6384230110, A0024204820, A0034200020, A6384230110, 1611456880, 425081, 425093, 425193, E172198, E172223, E172280; Jarrupalasarja,Jarrupala, Levyjarru<\/p>\n","protected":false},"excerpt":{"rendered":"<p>RIDEX Jarrupalat 402B0266 Jarrupalasarja,Jarrupala, Levyjarru MERCEDES-BENZ,PEUGEOT,VITO Bus 638,V-CLASS 638\/2,SPRINTER 2-t Kasten 901, 902<\/p>\n","protected":false},"featured_media":0,"template":"","meta":{"site-sidebar-layout":"default","site-content-layout":"default","ast-global-header-display":"","ast-main-header-display":"","ast-hfb-above-header-display":"","ast-hfb-below-header-display":"","ast-hfb-mobile-header-display":"","site-post-title":"","ast-breadcrumbs-content":"","ast-featured-img":"","footer-sml-layout":"","theme-transparent-header-meta":"","adv-header-id-meta":"","stick-header-meta":"","header-above-stick-meta":"","header-main-stick-meta":"","header-below-stick-meta":""},"pwb-brand":[157],"product_cat":[100],"product_tag":[],"class_list":{"0":"post-48720","1":"product","2":"type-product","3":"status-publish","5":"pwb-brand-ridex","6":"product_cat-jarrupalat","7":"desktop-align-left","8":"tablet-align-left","9":"mobile-align-left","11":"first","12":"instock","13":"product-type-external"},"brands":[{"id":157,"name":"RIDEX","slug":"ridex"}],"_links":{"self":[{"href":"https:\/\/www.autonvaraosahaku.fi\/index.php?rest_route=\/wp\/v2\/product\/48720","targetHints":{"allow":["GET"]}}],"collection":[{"href":"https:\/\/www.autonvaraosahaku.fi\/index.php?rest_route=\/wp\/v2\/product"}],"about":[{"href":"https:\/\/www.autonvaraosahaku.fi\/index.php?rest_route=\/wp\/v2\/types\/product"}],"wp:attachment":[{"href":"https:\/\/www.autonvaraosahaku.fi\/index.php?rest_route=%2Fwp%2Fv2%2Fmedia&parent=48720"}],"wp:term":[{"taxonomy":"pwb-brand","embeddable":true,"href":"https:\/\/www.autonvaraosahaku.fi\/index.php?rest_route=%2Fwp%2Fv2%2Fpwb-brand&post=48720"},{"taxonomy":"product_cat","embeddable":true,"href":"https:\/\/www.autonvaraosahaku.fi\/index.php?rest_route=%2Fwp%2Fv2%2Fproduct_cat&post=48720"},{"taxonomy":"product_tag","embeddable":true,"href":"https:\/\/www.autonvaraosahaku.fi\/index.php?rest_route=%2Fwp%2Fv2%2Fproduct_tag&post=48720"}],"curies":[{"name":"wp","href":"https:\/\/api.w.org\/{rel}","templated":true}]}}