{"id":48728,"date":"2021-02-21T17:22:56","date_gmt":"2021-02-21T17:22:56","guid":{"rendered":"https:\/\/www.autonvaraosahaku.fi\/?product=frenkit-257058-jarrusatula-korjaussarja"},"modified":"2021-02-21T17:22:58","modified_gmt":"2021-02-21T17:22:58","slug":"frenkit-257058-jarrusatula-korjaussarja","status":"publish","type":"product","link":"https:\/\/www.autonvaraosahaku.fi\/?product=frenkit-257058-jarrusatula-korjaussarja","title":{"rendered":"FRENKIT 257058 Jarrusatula korjaussarja"},"content":{"rendered":"<p>L\u00e4pimitta [mm]: 57; Asennuspuoli: Etuakseli; Jarruj\u00e4rjestelm\u00e4: Lucas\/Trw; Versio: Made in Hungary; AUDI: A3 Sportback 8VA,A3 Limousine 8VS,A3 8V1,A3 Cabriolet 8V7; SUZUKI: SX4 EY, GY,SX4 Stufenheck GY; MERCEDES-BENZ: C-CLASS W203,A-CLASS W169,B-CLASS W245,C-CLASS T-Model S203,C-CLASS Coupe CL203,SLK R171,CLK C209,VANEO 414,CLK Cabriolet A209,CLC-CLASS CL203; KIA: VENGA YN; MINI: MINI COUNTRYMAN F60; CHRYSLER: PT CRUISER PT_,PT CRUISER Cabriolet; BMW: 2 Active Tourer F45,2 Gran Tourer F46,X1 F48,X2 F39; FIAT: SEDICI; CITRO\u00cbN: C4 II B7; PEUGEOT: 407 SW 6E_,407 6D_; 4427C2, 4427C2; Korjaussarja, Jarrusatula<\/p>\n","protected":false},"excerpt":{"rendered":"<p>FRENKIT Jarrusatula Korjaussarja 257058 Korjaussarja, Jarrusatula AUDI,SUZUKI,MERCEDES-BENZ,A3 Sportback 8VA,A3 Limousine 8VS,A3 8V1,A3 Cabriolet 8V7<\/p>\n","protected":false},"featured_media":0,"template":"","meta":{"site-sidebar-layout":"default","site-content-layout":"default","ast-global-header-display":"","ast-main-header-display":"","ast-hfb-above-header-display":"","ast-hfb-below-header-display":"","ast-hfb-mobile-header-display":"","site-post-title":"","ast-breadcrumbs-content":"","ast-featured-img":"","footer-sml-layout":"","theme-transparent-header-meta":"","adv-header-id-meta":"","stick-header-meta":"","header-above-stick-meta":"","header-main-stick-meta":"","header-below-stick-meta":""},"pwb-brand":[474],"product_cat":[57],"product_tag":[],"class_list":{"0":"post-48728","1":"product","2":"type-product","3":"status-publish","5":"pwb-brand-frenkit","6":"product_cat-jarrusatula-korjaussarja","7":"desktop-align-left","8":"tablet-align-left","9":"mobile-align-left","11":"first","12":"instock","13":"product-type-external"},"brands":[{"id":474,"name":"FRENKIT","slug":"frenkit"}],"_links":{"self":[{"href":"https:\/\/www.autonvaraosahaku.fi\/index.php?rest_route=\/wp\/v2\/product\/48728","targetHints":{"allow":["GET"]}}],"collection":[{"href":"https:\/\/www.autonvaraosahaku.fi\/index.php?rest_route=\/wp\/v2\/product"}],"about":[{"href":"https:\/\/www.autonvaraosahaku.fi\/index.php?rest_route=\/wp\/v2\/types\/product"}],"wp:attachment":[{"href":"https:\/\/www.autonvaraosahaku.fi\/index.php?rest_route=%2Fwp%2Fv2%2Fmedia&parent=48728"}],"wp:term":[{"taxonomy":"pwb-brand","embeddable":true,"href":"https:\/\/www.autonvaraosahaku.fi\/index.php?rest_route=%2Fwp%2Fv2%2Fpwb-brand&post=48728"},{"taxonomy":"product_cat","embeddable":true,"href":"https:\/\/www.autonvaraosahaku.fi\/index.php?rest_route=%2Fwp%2Fv2%2Fproduct_cat&post=48728"},{"taxonomy":"product_tag","embeddable":true,"href":"https:\/\/www.autonvaraosahaku.fi\/index.php?rest_route=%2Fwp%2Fv2%2Fproduct_tag&post=48728"}],"curies":[{"name":"wp","href":"https:\/\/api.w.org\/{rel}","templated":true}]}}