{"id":48734,"date":"2021-02-21T17:22:56","date_gmt":"2021-02-21T17:22:56","guid":{"rendered":"https:\/\/www.autonvaraosahaku.fi\/?product=ridex-123b0048-jarrurumpu"},"modified":"2021-02-21T17:22:59","modified_gmt":"2021-02-21T17:22:59","slug":"ridex-123b0048-jarrurumpu","status":"publish","type":"product","link":"https:\/\/www.autonvaraosahaku.fi\/?product=ridex-123b0048-jarrurumpu","title":{"rendered":"RIDEX 123B0048 Jarrurumpu"},"content":{"rendered":"<p>Rumpul\u00e4pimitta: 228,6; J-rumpu sis\u00e4leveys [mm]: 52,5; J-rumpu ulkoleveys [mm]: 72,5; Reikien m\u00e4\u00e4r\u00e4: 4; Reikien m\u00e4\u00e4r\u00e4: 4; Napa-\u00d8 (mm): 66; Asennuspuoli: Hinterachse; NISSAN: KUBISTAR Kasten X80; RENAULT: KANGOO KC0\/1_,MEGANE Scenic JA0\/1_,KANGOO Express FC0\/1_,LAGUNA I Grandtour K56_,ESPACE II J\/S63_,SAFRANE I B54_,ESPACE I J11_,21 Stufenheck L48_,25 B29_,18 134_,21 Kombi K48_,18 Variable 135_,30 127_,FUEGO 136_,21 B48_,20 127_,21 Kasten S48_,18 Kasten; 4320000QAL, 7700710511, 7700710511<\/p>\n","protected":false},"excerpt":{"rendered":"<p>RIDEX Jarrurumpu 123B0048  NISSAN,RENAULT,KUBISTAR Kasten X80,KANGOO KC0\/1_,MEGANE Scenic JA0\/1_,KANGOO Express FC0\/1_,LAGUNA I Grandtour K56_<\/p>\n","protected":false},"featured_media":0,"template":"","meta":{"site-sidebar-layout":"default","site-content-layout":"default","ast-global-header-display":"","ast-main-header-display":"","ast-hfb-above-header-display":"","ast-hfb-below-header-display":"","ast-hfb-mobile-header-display":"","site-post-title":"","ast-breadcrumbs-content":"","ast-featured-img":"","footer-sml-layout":"","theme-transparent-header-meta":"","adv-header-id-meta":"","stick-header-meta":"","header-above-stick-meta":"","header-main-stick-meta":"","header-below-stick-meta":""},"pwb-brand":[157],"product_cat":[304],"product_tag":[],"class_list":{"0":"post-48734","1":"product","2":"type-product","3":"status-publish","5":"pwb-brand-ridex","6":"product_cat-jarrurumpu","7":"desktop-align-left","8":"tablet-align-left","9":"mobile-align-left","11":"first","12":"instock","13":"product-type-external"},"brands":[{"id":157,"name":"RIDEX","slug":"ridex"}],"_links":{"self":[{"href":"https:\/\/www.autonvaraosahaku.fi\/index.php?rest_route=\/wp\/v2\/product\/48734","targetHints":{"allow":["GET"]}}],"collection":[{"href":"https:\/\/www.autonvaraosahaku.fi\/index.php?rest_route=\/wp\/v2\/product"}],"about":[{"href":"https:\/\/www.autonvaraosahaku.fi\/index.php?rest_route=\/wp\/v2\/types\/product"}],"wp:attachment":[{"href":"https:\/\/www.autonvaraosahaku.fi\/index.php?rest_route=%2Fwp%2Fv2%2Fmedia&parent=48734"}],"wp:term":[{"taxonomy":"pwb-brand","embeddable":true,"href":"https:\/\/www.autonvaraosahaku.fi\/index.php?rest_route=%2Fwp%2Fv2%2Fpwb-brand&post=48734"},{"taxonomy":"product_cat","embeddable":true,"href":"https:\/\/www.autonvaraosahaku.fi\/index.php?rest_route=%2Fwp%2Fv2%2Fproduct_cat&post=48734"},{"taxonomy":"product_tag","embeddable":true,"href":"https:\/\/www.autonvaraosahaku.fi\/index.php?rest_route=%2Fwp%2Fv2%2Fproduct_tag&post=48734"}],"curies":[{"name":"wp","href":"https:\/\/api.w.org\/{rel}","templated":true}]}}