{"id":48748,"date":"2021-02-21T17:23:02","date_gmt":"2021-02-21T17:23:02","guid":{"rendered":"https:\/\/www.autonvaraosahaku.fi\/?product=purflux-fcs477-polttoainesuodatin"},"modified":"2021-02-21T17:23:04","modified_gmt":"2021-02-21T17:23:04","slug":"purflux-fcs477-polttoainesuodatin","status":"publish","type":"product","link":"https:\/\/www.autonvaraosahaku.fi\/?product=purflux-fcs477-polttoainesuodatin","title":{"rendered":"PURFLUX FCS477 Polttoainesuodatin"},"content":{"rendered":"<p>Ulkol\u00e4pimitta [mm]: 80; Sis\u00e4l\u00e4pimitta [mm]: 10; Korkeus (mm): 189; Suodatintyyppi: ohne Wassersensor; KIA: CARNIVAL II GQ,CARNIVAL \/ GRAND CARNIVAL III VQ,K2900; SSANGYONG: REXTON GAB_,KYRON,RODIUS,ACTYON SPORTS I QJ,ACTYON I; HYUNDAI: TERRACAN HP; JAGUAR: X-TYPE CF1,X-TYPE Estate; FORD: MONDEO III Kombi BWY,FOCUS Kombi DNW,FOCUS DAW, DBW,MONDEO III B5Y,MONDEO III Stufenheck B4Y,FOCUS Stufenheck DFW,TRANSIT CONNECT P65_, P70_, P80_,TOURNEO CONNECT; TATA (TELCO): INDIGO 4_V2,INDIGO MARINA 4_V2; 1132631, 1137026, 1230645, 1480561, 1532171, 1709787, 1S419155AC, 2T149155CA, 2T149155CB, 3S719155B1A, 3S719155B1B, 3S719155BA, 4442434, 0K52A13480, 0K52A13480A, 0K52A23570A, 31390H1970, 31395H1950, 31395H1952, J1330319, C2S27643<\/p>\n","protected":false},"excerpt":{"rendered":"<p>PURFLUX Polttoainesuodatin FCS477  KIA,SSANGYONG,HYUNDAI,CARNIVAL II GQ,CARNIVAL \/ GRAND CARNIVAL III VQ,K2900,REXTON GAB_,KYRON,RODIUS<\/p>\n","protected":false},"featured_media":0,"template":"","meta":{"site-sidebar-layout":"default","site-content-layout":"default","ast-global-header-display":"","ast-main-header-display":"","ast-hfb-above-header-display":"","ast-hfb-below-header-display":"","ast-hfb-mobile-header-display":"","site-post-title":"","ast-breadcrumbs-content":"","ast-featured-img":"","footer-sml-layout":"","theme-transparent-header-meta":"","adv-header-id-meta":"","stick-header-meta":"","header-above-stick-meta":"","header-main-stick-meta":"","header-below-stick-meta":""},"pwb-brand":[303],"product_cat":[29],"product_tag":[],"class_list":{"0":"post-48748","1":"product","2":"type-product","3":"status-publish","5":"pwb-brand-purflux","6":"product_cat-polttoainesuodatin","7":"desktop-align-left","8":"tablet-align-left","9":"mobile-align-left","11":"first","12":"instock","13":"product-type-external"},"brands":[{"id":303,"name":"PURFLUX","slug":"purflux"}],"_links":{"self":[{"href":"https:\/\/www.autonvaraosahaku.fi\/index.php?rest_route=\/wp\/v2\/product\/48748","targetHints":{"allow":["GET"]}}],"collection":[{"href":"https:\/\/www.autonvaraosahaku.fi\/index.php?rest_route=\/wp\/v2\/product"}],"about":[{"href":"https:\/\/www.autonvaraosahaku.fi\/index.php?rest_route=\/wp\/v2\/types\/product"}],"wp:attachment":[{"href":"https:\/\/www.autonvaraosahaku.fi\/index.php?rest_route=%2Fwp%2Fv2%2Fmedia&parent=48748"}],"wp:term":[{"taxonomy":"pwb-brand","embeddable":true,"href":"https:\/\/www.autonvaraosahaku.fi\/index.php?rest_route=%2Fwp%2Fv2%2Fpwb-brand&post=48748"},{"taxonomy":"product_cat","embeddable":true,"href":"https:\/\/www.autonvaraosahaku.fi\/index.php?rest_route=%2Fwp%2Fv2%2Fproduct_cat&post=48748"},{"taxonomy":"product_tag","embeddable":true,"href":"https:\/\/www.autonvaraosahaku.fi\/index.php?rest_route=%2Fwp%2Fv2%2Fproduct_tag&post=48748"}],"curies":[{"name":"wp","href":"https:\/\/api.w.org\/{rel}","templated":true}]}}