{"id":48794,"date":"2021-02-21T17:23:13","date_gmt":"2021-02-21T17:23:13","guid":{"rendered":"https:\/\/www.autonvaraosahaku.fi\/?product=hella-6pt-009-107-481-jaahdytysnesteen-lampotila-anturi"},"modified":"2021-02-21T17:23:16","modified_gmt":"2021-02-21T17:23:16","slug":"hella-6pt-009-107-481-jaahdytysnesteen-lampotila-anturi","status":"publish","type":"product","link":"https:\/\/www.autonvaraosahaku.fi\/?product=hella-6pt-009-107-481-jaahdytysnesteen-lampotila-anturi","title":{"rendered":"HELLA 6PT 009 107-481 J\u00e4\u00e4hdytysnesteen l\u00e4mp\u00f6tila anturi"},"content":{"rendered":"<p>Asennusmalli: Poltti\/ruuvi; Lis\u00e4tarvike\/lis\u00e4tieto: Tiivisteill\u00e4; Nimellisj\u00e4nnite (V): 12; Vastus [Ohm]: 2080, 280; Liittimi\u00e4: 2; V\u00e4ri vastaa alkuper\u00e4isosaa: Vihre\u00e4; V\u00e4ri: Vihre\u00e4; V\u00e4rimerkint\u00e4: Harmaa; Kierremitta: M12x1,5; Tunnistinmalli: NTC-anturi; L\u00e4mp\u00f6alue (\u00b0C): 25, 80; Valmistusvuoteen: 10\/1993; MAZDA: 5 CR19,3 BK,6 Station Wagon GY,CX-5 KE, GH,6 Kombi GH,2 DE,323 F VI BJ,PREMACY CP,CX-7 ER,3 BL,3 BM,DEMIO DW,6 Kombi GJ, GH,6 Schr\u00e4gheck GH,RX 8 SE17,3 Stufenheck BK,6 GH,MPV II LW,6 Stufenheck GJ, GH,3 Stufenheck BL,626 IV Hatchback GE,FAMILIA VI BJ,3 Stufenheck BM,B-SERIE UN,XEDOS 6 CA,XEDOS 9 TA,FAMILIA V BA,FAMILIA V BG8,121 II DB; LEXUS: RX MHU3_, GSU3_, MCU3_,IS I JCE1_, GXE1_,IS SportCross,RX MCU15,LS UCF20,LS UCF10,GS JZS147,LX UZJ100,ES F1, F2; VOLVO: V70 II SW,V50 MW,XC60,XC90 I,S60 I,V70 III BW,C30,S80 I TS, XY,S40 II MS,XC70 CROSS COUNTRY,C70 II Cabriolet,XC70 II,S80 II AS,C70 I Cabriolet,C70 I Coupe; JAGUAR: S-TYPE CCX,X-TYPE CF1,X-TYPE Estate,XJ X350, X358,XJ NAW, NBW,XJ X300,XK 8 Convertible QDV,XK 8 Coupe QEV; TOYOTA: YARIS SCP1_, NLP1_, NCP1_,AVENSIS Kombi T25,COROLLA Verso ZER_, ZZE12_, R1_,AURIS NRE15_, ZZE15_, ADE15_, ZRE15_, NDE15_,RAV 4 II CLA2_, XA2_, ZCA2_, ACA2_,COROLLA ZZE12_, NDE12_, ZDE12_,AVENSIS T25_,YARIS VERSO _NLP2_, _NCP2_,STARLET EP91,COROLLA Kombi _E12J_, _E12T_,AVENSIS Stufenheck T25,AVENSIS _T22_,COROLLA Liftback _E11_,COROLLA Compact _E11_,AVENSIS Station Wagon _T22_,RAV 4 I SXA1_,COROLLA Verso ZDE12_, CDE12_,CELICA ZZT23_,PREVIA MCR3_, ACR3_, CLR3_,LAND CRUISER KDJ12_, GRJ12_,COROLLA Stufenheck _E12J_, _E12T_,AVENSIS Liftback _T22_,PICNIC _XM10,LAND CRUISER 90 _J9_,AVENSIS VERSO _CLM2_, _ACM2_,MR 2 II SW2_,MR 2 III ZZW3_,PASEO Coupe EL54,COROLLA Compact _E10_,LAND CRUISER 100 UZJ100,CELICA ST20_, AT20_,LAND CRUISER 80 _J8_,COROLLA _E11_,CELICA Coupe AT18_, ST18_,COROLLA Wagon __E11_,SUPRA JZA80,HILUX VI Pick-up _N1_,CAMRY MCV3_, ACV3_, _XV3_,CAMRY _CV2_, _XV2_,COROLLA Liftback _E10_,COROLLA Liftback _E9_,HIACE IV Bus LH1_,COROLLA _E10_,PRIUS Stufenheck NHW1; 13627791951, 7791951, 3405645, 3465427, 3601374, B3C818840, B59318840A, F32Z12A648A, F42Z10884A, XM3412A648AA, 8942220010, 8942235010, LNA1600AA, MB59318840A, B3C818840, B59318840, B59318840A, N39118840, NF0218840, Y70218840, 13627791951, 7791951, 1365061B00, 1365061B00000, 22630KA020, 1365051G10, 1365057F00000, 1365061B00000, 1365078E00000, 8942220010, 8942235010, 30874172, 8653103, J8942220010; J\u00e4\u00e4hdytysnestel\u00e4mp\u00f6tilan Sensori<\/p>\n","protected":false},"excerpt":{"rendered":"<p>HELLA J\u00e4\u00e4hdytysnesteen L\u00e4mp\u00f6tila Anturi 6PT 009 107-481 J\u00e4\u00e4hdytysnestel\u00e4mp\u00f6tilan Sensori MAZDA,LEXUS,VOLVO,5 CR19,3 BK,6 Station Wagon GY,CX-5 KE, GH<\/p>\n","protected":false},"featured_media":0,"template":"","meta":{"site-sidebar-layout":"default","site-content-layout":"default","ast-global-header-display":"","ast-main-header-display":"","ast-hfb-above-header-display":"","ast-hfb-below-header-display":"","ast-hfb-mobile-header-display":"","site-post-title":"","ast-breadcrumbs-content":"","ast-featured-img":"","footer-sml-layout":"","theme-transparent-header-meta":"","adv-header-id-meta":"","stick-header-meta":"","header-above-stick-meta":"","header-main-stick-meta":"","header-below-stick-meta":""},"pwb-brand":[24],"product_cat":[200],"product_tag":[],"class_list":{"0":"post-48794","1":"product","2":"type-product","3":"status-publish","5":"pwb-brand-hella","6":"product_cat-jaahdytysnesteen-lampotila-anturi","7":"desktop-align-left","8":"tablet-align-left","9":"mobile-align-left","11":"first","12":"instock","13":"product-type-external"},"brands":[{"id":24,"name":"HELLA","slug":"hella"}],"_links":{"self":[{"href":"https:\/\/www.autonvaraosahaku.fi\/index.php?rest_route=\/wp\/v2\/product\/48794","targetHints":{"allow":["GET"]}}],"collection":[{"href":"https:\/\/www.autonvaraosahaku.fi\/index.php?rest_route=\/wp\/v2\/product"}],"about":[{"href":"https:\/\/www.autonvaraosahaku.fi\/index.php?rest_route=\/wp\/v2\/types\/product"}],"wp:attachment":[{"href":"https:\/\/www.autonvaraosahaku.fi\/index.php?rest_route=%2Fwp%2Fv2%2Fmedia&parent=48794"}],"wp:term":[{"taxonomy":"pwb-brand","embeddable":true,"href":"https:\/\/www.autonvaraosahaku.fi\/index.php?rest_route=%2Fwp%2Fv2%2Fpwb-brand&post=48794"},{"taxonomy":"product_cat","embeddable":true,"href":"https:\/\/www.autonvaraosahaku.fi\/index.php?rest_route=%2Fwp%2Fv2%2Fproduct_cat&post=48794"},{"taxonomy":"product_tag","embeddable":true,"href":"https:\/\/www.autonvaraosahaku.fi\/index.php?rest_route=%2Fwp%2Fv2%2Fproduct_tag&post=48794"}],"curies":[{"name":"wp","href":"https:\/\/api.w.org\/{rel}","templated":true}]}}