{"id":48874,"date":"2021-02-21T17:23:36","date_gmt":"2021-02-21T17:23:36","guid":{"rendered":"https:\/\/www.autonvaraosahaku.fi\/?product=meyle-100-512-0028-iskunvaimentimen-suojakumi-pohjaanlyontikumi"},"modified":"2021-02-21T17:23:39","modified_gmt":"2021-02-21T17:23:39","slug":"meyle-100-512-0028-iskunvaimentimen-suojakumi-pohjaanlyontikumi","status":"publish","type":"product","link":"https:\/\/www.autonvaraosahaku.fi\/?product=meyle-100-512-0028-iskunvaimentimen-suojakumi-pohjaanlyontikumi","title":{"rendered":"MEYLE 100 512 0028 Iskunvaimentimen suojakumi &#038; pohjaanly\u00f6ntikumi"},"content":{"rendered":"<p>Asennuspuoli: Taka-akseli, yl\u00e4; Korkeus (mm): 38,9; Jousimalli: Kierrejousi; Ulkol\u00e4pimitta [mm]: 75; lis\u00e4tieto: ORIGINAL Quality; VW: GOLF IV 1J1,POLO 9N_,GOLF IV Variant 1J5,FOX 5Z1, 5Z3,BORA 1J2,NEW BEETLE 9C1, 1C1,BORA Kombi 1J6,NEW BEETLE Cabriolet 1Y7,POLO Stufenheck 9A4; AUDI: A3 8P1,A3 8L1,A2 8Z0,TT 8N3,TT Roadster 8N9; SKODA: OCTAVIA Combi 1Z5,FABIA Combi 6Y5,FABIA 6Y2,OCTAVIA Combi 1U5,ROOMSTER 5J,OCTAVIA 1Z3,OCTAVIA 1U2,FABIA Stufenheck 6Y3; SEAT: IBIZA IV 6L1,LEON 1P1,LEON 1M1,TOLEDO II 1M2,CORDOBA 6L2; 1J0512149B, 1J0512149B, 1J0512149B, 1J0512149B; Vaimennuskumi, Jousitus<\/p>\n","protected":false},"excerpt":{"rendered":"<p>MEYLE Pohjaanly\u00f6ntikumi 100 512 0028 Vaimennuskumi, Jousitus VW,AUDI,SKODA,GOLF IV 1J1,POLO 9N_,GOLF IV Variant 1J5,FOX 5Z1, 5Z3,BORA 1J2<\/p>\n","protected":false},"featured_media":0,"template":"","meta":{"site-sidebar-layout":"default","site-content-layout":"default","ast-global-header-display":"","ast-main-header-display":"","ast-hfb-above-header-display":"","ast-hfb-below-header-display":"","ast-hfb-mobile-header-display":"","site-post-title":"","ast-breadcrumbs-content":"","ast-featured-img":"","footer-sml-layout":"","theme-transparent-header-meta":"","adv-header-id-meta":"","stick-header-meta":"","header-above-stick-meta":"","header-main-stick-meta":"","header-below-stick-meta":""},"pwb-brand":[84],"product_cat":[92],"product_tag":[],"class_list":{"0":"post-48874","1":"product","2":"type-product","3":"status-publish","5":"pwb-brand-meyle","6":"product_cat-iskunvaimentimen-suojakumi-pohjaanlyontikumi","7":"desktop-align-left","8":"tablet-align-left","9":"mobile-align-left","11":"first","12":"instock","13":"product-type-external"},"brands":[{"id":84,"name":"MEYLE","slug":"meyle"}],"_links":{"self":[{"href":"https:\/\/www.autonvaraosahaku.fi\/index.php?rest_route=\/wp\/v2\/product\/48874","targetHints":{"allow":["GET"]}}],"collection":[{"href":"https:\/\/www.autonvaraosahaku.fi\/index.php?rest_route=\/wp\/v2\/product"}],"about":[{"href":"https:\/\/www.autonvaraosahaku.fi\/index.php?rest_route=\/wp\/v2\/types\/product"}],"wp:attachment":[{"href":"https:\/\/www.autonvaraosahaku.fi\/index.php?rest_route=%2Fwp%2Fv2%2Fmedia&parent=48874"}],"wp:term":[{"taxonomy":"pwb-brand","embeddable":true,"href":"https:\/\/www.autonvaraosahaku.fi\/index.php?rest_route=%2Fwp%2Fv2%2Fpwb-brand&post=48874"},{"taxonomy":"product_cat","embeddable":true,"href":"https:\/\/www.autonvaraosahaku.fi\/index.php?rest_route=%2Fwp%2Fv2%2Fproduct_cat&post=48874"},{"taxonomy":"product_tag","embeddable":true,"href":"https:\/\/www.autonvaraosahaku.fi\/index.php?rest_route=%2Fwp%2Fv2%2Fproduct_tag&post=48874"}],"curies":[{"name":"wp","href":"https:\/\/api.w.org\/{rel}","templated":true}]}}