{"id":48896,"date":"2021-02-21T17:23:41","date_gmt":"2021-02-21T17:23:41","guid":{"rendered":"https:\/\/www.autonvaraosahaku.fi\/?product=japanparts-pa-h10af-jarrupalat"},"modified":"2021-02-21T17:23:45","modified_gmt":"2021-02-21T17:23:45","slug":"japanparts-pa-h10af-jarrupalat","status":"publish","type":"product","link":"https:\/\/www.autonvaraosahaku.fi\/?product=japanparts-pa-h10af-jarrupalat","title":{"rendered":"JAPANPARTS PA-H10AF Jarrupalat"},"content":{"rendered":"<p>Asennuspuoli: Etuakseli; Pituus (mm): 131,5; Korkeus (mm): 59,9; Paksuus [mm]: 17,3; Tarkistuskilpi: ECE R90 APPROVED; WVA-numero: 23891, 23892, 23893; M\u00e4\u00e4r\u00e4yksikk\u00f6: Akselisarja; Alustanumero: KNE; HYUNDAI: TUCSON JM,ix20 JC,COUPE GK,SONATA V NF,SONATA IV EF,ELANTRA XD,GRANDEUR TG; KIA: SPORTAGE JE_, KM_,SOUL AM,MAGENTIS GD,MAGENTIS MG,OPTIMA; 581011FA50, 581011FE00, 581011FE01, 581011MA00, 581012CA10, 581012CA11, 581012CA20, 581012EA10, 581012EA11, 581012EA20, 581012EA21, 581012EA30, 581012GA01, 581012GB00, 581012HA00, 581012HA10, 581012KA10, 581012KA51, 5810138A80, 5810138A81, 5810138A90, 5810139A30, 5810139A40, 581013CA80, 581013FA11, 581013KA01, 581013KA20, 581013KA30, 581013KA31, 581013KA40, 581013KA61, 581013KS31, 581013LA20, 58101B2A00, 583021FA50, 583023KA10, 583023KA60, 581011FA00, 581011FE00, 581011FE01, 581011MA00, 581012CA00, 581012CA20, 581012EA10, 581012EA11, 581012EA21, 581012G000, 581012GB00, 581012HA10, 581012KA10, 5810138A80, 5810138A81, 581013CA20, 581013CA70, 581013CA80, 581013FA11, 581013KA40; Jarrupalasarja,Jarrupala, Levyjarru<\/p>\n","protected":false},"excerpt":{"rendered":"<p>JAPANPARTS Jarrupalat PA-H10AF Jarrupalasarja,Jarrupala, Levyjarru HYUNDAI,KIA,TUCSON JM,ix20 JC,COUPE GK,SONATA V NF,SONATA IV EF,ELANTRA XD<\/p>\n","protected":false},"featured_media":0,"template":"","meta":{"site-sidebar-layout":"default","site-content-layout":"default","ast-global-header-display":"","ast-main-header-display":"","ast-hfb-above-header-display":"","ast-hfb-below-header-display":"","ast-hfb-mobile-header-display":"","site-post-title":"","ast-breadcrumbs-content":"","ast-featured-img":"","footer-sml-layout":"","theme-transparent-header-meta":"","adv-header-id-meta":"","stick-header-meta":"","header-above-stick-meta":"","header-main-stick-meta":"","header-below-stick-meta":""},"pwb-brand":[334],"product_cat":[100],"product_tag":[],"class_list":{"0":"post-48896","1":"product","2":"type-product","3":"status-publish","5":"pwb-brand-japanparts","6":"product_cat-jarrupalat","7":"desktop-align-left","8":"tablet-align-left","9":"mobile-align-left","11":"first","12":"instock","13":"product-type-external"},"brands":[{"id":334,"name":"JAPANPARTS","slug":"japanparts"}],"_links":{"self":[{"href":"https:\/\/www.autonvaraosahaku.fi\/index.php?rest_route=\/wp\/v2\/product\/48896","targetHints":{"allow":["GET"]}}],"collection":[{"href":"https:\/\/www.autonvaraosahaku.fi\/index.php?rest_route=\/wp\/v2\/product"}],"about":[{"href":"https:\/\/www.autonvaraosahaku.fi\/index.php?rest_route=\/wp\/v2\/types\/product"}],"wp:attachment":[{"href":"https:\/\/www.autonvaraosahaku.fi\/index.php?rest_route=%2Fwp%2Fv2%2Fmedia&parent=48896"}],"wp:term":[{"taxonomy":"pwb-brand","embeddable":true,"href":"https:\/\/www.autonvaraosahaku.fi\/index.php?rest_route=%2Fwp%2Fv2%2Fpwb-brand&post=48896"},{"taxonomy":"product_cat","embeddable":true,"href":"https:\/\/www.autonvaraosahaku.fi\/index.php?rest_route=%2Fwp%2Fv2%2Fproduct_cat&post=48896"},{"taxonomy":"product_tag","embeddable":true,"href":"https:\/\/www.autonvaraosahaku.fi\/index.php?rest_route=%2Fwp%2Fv2%2Fproduct_tag&post=48896"}],"curies":[{"name":"wp","href":"https:\/\/api.w.org\/{rel}","templated":true}]}}