{"id":48923,"date":"2021-02-21T17:23:53","date_gmt":"2021-02-21T17:23:53","guid":{"rendered":"https:\/\/www.autonvaraosahaku.fi\/?product=sasic-1213463-tiivisteet"},"modified":"2021-02-21T17:23:55","modified_gmt":"2021-02-21T17:23:55","slug":"sasic-1213463-tiivisteet","status":"publish","type":"product","link":"https:\/\/www.autonvaraosahaku.fi\/?product=sasic-1213463-tiivisteet","title":{"rendered":"SASIC 1213463 Tiivisteet"},"content":{"rendered":"<p>Asennuspuoli: Etuakseli, Oikea; Sis\u00e4l\u00e4pimitta [mm]: 29,8; Ulkol\u00e4pimitta [mm]: 48; Paksuus [mm]: 11,3; OE-numerolle: 312146; CITRO\u00cbN: XSARA PICASSO N68,C5 I DC_,C5 III RD_,C5 II RC_,JUMPER Kasten 244,XM Y4,XANTIA X2,XANTIA X1,EVASION 22, U6,XANTIA Break X2,JUMPER Kasten 230L,XM Y3,XANTIA Break X1,XM Break Y4,XM Break Y3; PEUGEOT: 807 E,406 Break 8E\/F,406 Coupe 8C,406 8B,806 221,EXPERT Tepee VF3V_,BOXER Kasten 230L,EXPERT Kasten VF3A_, VF3U_, VF3X_,BOXER Kasten 244,EXPERT Kasten 222,BOXER Bus 230P,BOXER Bus 244, Z_,BOXER Pritsche\/Fahrgestell ZCT_,605 6B,EXPERT 224,BOXER Pritsche\/Fahrgestell 244,EXPERT Pritsche\/Fahrgestell 223; 312146, 312146<\/p>\n","protected":false},"excerpt":{"rendered":"<p>SASIC Akselitiiviste, Tasauspy\u00f6r\u00e4st\u00f6 1213463  CITRO\u00cbN,PEUGEOT,XSARA PICASSO N68,C5 I DC_,C5 III RD_,C5 II RC_,JUMPER Kasten 244,XM Y4,XANTIA X2<\/p>\n","protected":false},"featured_media":0,"template":"","meta":{"site-sidebar-layout":"default","site-content-layout":"default","ast-global-header-display":"","ast-main-header-display":"","ast-hfb-above-header-display":"","ast-hfb-below-header-display":"","ast-hfb-mobile-header-display":"","site-post-title":"","ast-breadcrumbs-content":"","ast-featured-img":"","footer-sml-layout":"","theme-transparent-header-meta":"","adv-header-id-meta":"","stick-header-meta":"","header-above-stick-meta":"","header-main-stick-meta":"","header-below-stick-meta":""},"pwb-brand":[110],"product_cat":[27],"product_tag":[],"class_list":{"0":"post-48923","1":"product","2":"type-product","3":"status-publish","5":"pwb-brand-sasic","6":"product_cat-tiivisteet","7":"desktop-align-left","8":"tablet-align-left","9":"mobile-align-left","11":"first","12":"instock","13":"product-type-external"},"brands":[{"id":110,"name":"SASIC","slug":"sasic"}],"_links":{"self":[{"href":"https:\/\/www.autonvaraosahaku.fi\/index.php?rest_route=\/wp\/v2\/product\/48923","targetHints":{"allow":["GET"]}}],"collection":[{"href":"https:\/\/www.autonvaraosahaku.fi\/index.php?rest_route=\/wp\/v2\/product"}],"about":[{"href":"https:\/\/www.autonvaraosahaku.fi\/index.php?rest_route=\/wp\/v2\/types\/product"}],"wp:attachment":[{"href":"https:\/\/www.autonvaraosahaku.fi\/index.php?rest_route=%2Fwp%2Fv2%2Fmedia&parent=48923"}],"wp:term":[{"taxonomy":"pwb-brand","embeddable":true,"href":"https:\/\/www.autonvaraosahaku.fi\/index.php?rest_route=%2Fwp%2Fv2%2Fpwb-brand&post=48923"},{"taxonomy":"product_cat","embeddable":true,"href":"https:\/\/www.autonvaraosahaku.fi\/index.php?rest_route=%2Fwp%2Fv2%2Fproduct_cat&post=48923"},{"taxonomy":"product_tag","embeddable":true,"href":"https:\/\/www.autonvaraosahaku.fi\/index.php?rest_route=%2Fwp%2Fv2%2Fproduct_tag&post=48923"}],"curies":[{"name":"wp","href":"https:\/\/api.w.org\/{rel}","templated":true}]}}