{"id":48934,"date":"2021-02-21T17:23:53","date_gmt":"2021-02-21T17:23:53","guid":{"rendered":"https:\/\/www.autonvaraosahaku.fi\/?product=topran-720-476-hehkutulppa"},"modified":"2021-02-21T17:23:57","modified_gmt":"2021-02-21T17:23:57","slug":"topran-720-476-hehkutulppa","status":"publish","type":"product","link":"https:\/\/www.autonvaraosahaku.fi\/?product=topran-720-476-hehkutulppa","title":{"rendered":"TOPRAN 720 476 Hehkutulppa"},"content":{"rendered":"<p>Hehkutulppatyyppi: Hehkutulppa, puikko, j\u00e4lkihehkutuksenkest\u00e4v\u00e4; Kierremitta: M 8; Kierrenousu (mm): 1; Korvaava tuote\/korvaava tiedote 2: Eri tuottajien seka-asennus kielletty!; Pituus (mm): 124; Moottorinumero: F6JD; MAZDA: 3 BK,2 DE,3 Stufenheck BK,3 Stufenheck BL; VOLVO: V50 MW,V70 III BW,C30,S40 II MS,S80 II AS; FORD: FIESTA VI,FOCUS C-MAX; TOYOTA: AYGO WNB1_, KGB1_; FIAT: SCUDO 270_,SCUDO Kasten 270_,SCUDO Pritsche\/Fahrgestell 270_; CITRO\u00cbN: C1 PM_, PN_,BERLINGO MF,XSARA PICASSO N68,C2 JM_,C3 I FC_,BERLINGO B9,C5 III Break TD_,C4 I LC_,BERLINGO Kasten M_,C3 Picasso,C5 III RD_,C3 II,C3 Pluriel HB_,JUMPY,BERLINGO Kasten B9,JUMPY Kasten,NEMO Kasten AA_,NEMO Kombi; PEUGEOT: 206 CC 2D,207 WA_, WC_,307 SW 3H,207 CC WD_,407 SW 6E_,307 3A\/C,207 SW WK_,107,308 SW,206 SW 2E\/K,308 4A_, 4C_,5008,307 Break 3E,407 6D_,3008,PARTNER Tepee,1007 KM_,PARTNER Combispace 5F,PARTNER Kasten 5,EXPERT Tepee VF3V_,EXPERT Kasten VF3A_, VF3U_, VF3X_,PARTNER Kasten,BIPPER AA_,BIPPER Tepee,EXPERT Pritsche\/Fahrgestell; 596078, 596079, 5960F9, 9650100080, 1369590, 1447128, 2S6Q6M090BA, 2S6Q6M090BB, Y40418601, Y40418601A, 596078, 596079, 5960F9, SU00100850, SU00100894, 31216248<\/p>\n","protected":false},"excerpt":{"rendered":"<p>TOPRAN Hehkutulppa 720 476  MAZDA,VOLVO,FORD,3 BK,2 DE,3 Stufenheck BK,3 Stufenheck BL,V50 MW,V70 III BW,C30,S40 II MS,S80 II AS,FIESTA VI,FOCUS C-MAX<\/p>\n","protected":false},"featured_media":0,"template":"","meta":{"site-sidebar-layout":"default","site-content-layout":"default","ast-global-header-display":"","ast-main-header-display":"","ast-hfb-above-header-display":"","ast-hfb-below-header-display":"","ast-hfb-mobile-header-display":"","site-post-title":"","ast-breadcrumbs-content":"","ast-featured-img":"","footer-sml-layout":"","theme-transparent-header-meta":"","adv-header-id-meta":"","stick-header-meta":"","header-above-stick-meta":"","header-main-stick-meta":"","header-below-stick-meta":""},"pwb-brand":[18],"product_cat":[52],"product_tag":[],"class_list":{"0":"post-48934","1":"product","2":"type-product","3":"status-publish","5":"pwb-brand-topran","6":"product_cat-hehkutulppa","7":"desktop-align-left","8":"tablet-align-left","9":"mobile-align-left","11":"first","12":"instock","13":"product-type-external"},"brands":[{"id":18,"name":"TOPRAN","slug":"topran"}],"_links":{"self":[{"href":"https:\/\/www.autonvaraosahaku.fi\/index.php?rest_route=\/wp\/v2\/product\/48934","targetHints":{"allow":["GET"]}}],"collection":[{"href":"https:\/\/www.autonvaraosahaku.fi\/index.php?rest_route=\/wp\/v2\/product"}],"about":[{"href":"https:\/\/www.autonvaraosahaku.fi\/index.php?rest_route=\/wp\/v2\/types\/product"}],"wp:attachment":[{"href":"https:\/\/www.autonvaraosahaku.fi\/index.php?rest_route=%2Fwp%2Fv2%2Fmedia&parent=48934"}],"wp:term":[{"taxonomy":"pwb-brand","embeddable":true,"href":"https:\/\/www.autonvaraosahaku.fi\/index.php?rest_route=%2Fwp%2Fv2%2Fpwb-brand&post=48934"},{"taxonomy":"product_cat","embeddable":true,"href":"https:\/\/www.autonvaraosahaku.fi\/index.php?rest_route=%2Fwp%2Fv2%2Fproduct_cat&post=48934"},{"taxonomy":"product_tag","embeddable":true,"href":"https:\/\/www.autonvaraosahaku.fi\/index.php?rest_route=%2Fwp%2Fv2%2Fproduct_tag&post=48934"}],"curies":[{"name":"wp","href":"https:\/\/api.w.org\/{rel}","templated":true}]}}