{"id":48936,"date":"2021-02-21T17:23:53","date_gmt":"2021-02-21T17:23:53","guid":{"rendered":"https:\/\/www.autonvaraosahaku.fi\/?product=triscan-8140-251201-kasijarruvaijeri"},"modified":"2021-02-21T17:23:58","modified_gmt":"2021-02-21T17:23:58","slug":"triscan-8140-251201-kasijarruvaijeri","status":"publish","type":"product","link":"https:\/\/www.autonvaraosahaku.fi\/?product=triscan-8140-251201-kasijarruvaijeri","title":{"rendered":"TRISCAN 8140 251201 K\u00e4sijarruvaijeri"},"content":{"rendered":"<p>Pituus 1 \/ pituus 2: 1x 740 \/ 1x 1000; Tarvittava kappalem\u00e4\u00e4r\u00e4: 1; Jarrutyyppi: Levyjarru; Varusteet: f\u00fcr Fahrzeuge mit elektrischer Feststellbremse; RENAULT: GRAND SC\u00c9NIC II JM0\/1_; 360101216R, 360107441R, 770108732, 7701209682, 7701477064, 7701477675, 7701477676, 8200396850, 8200418648; Jarruvaijeri,Vaijeri, K\u00e4sijarru<\/p>\n","protected":false},"excerpt":{"rendered":"<p>TRISCAN K\u00e4sijarruvaijeri 8140 251201 Jarruvaijeri,Vaijeri, K\u00e4sijarru RENAULT,GRAND SC\u00c9NIC II JM0\/1_<\/p>\n","protected":false},"featured_media":0,"template":"","meta":{"site-sidebar-layout":"default","site-content-layout":"default","ast-global-header-display":"","ast-main-header-display":"","ast-hfb-above-header-display":"","ast-hfb-below-header-display":"","ast-hfb-mobile-header-display":"","site-post-title":"","ast-breadcrumbs-content":"","ast-featured-img":"","footer-sml-layout":"","theme-transparent-header-meta":"","adv-header-id-meta":"","stick-header-meta":"","header-above-stick-meta":"","header-main-stick-meta":"","header-below-stick-meta":""},"pwb-brand":[337],"product_cat":[210],"product_tag":[],"class_list":{"0":"post-48936","1":"product","2":"type-product","3":"status-publish","5":"pwb-brand-triscan","6":"product_cat-kasijarruvaijeri","7":"desktop-align-left","8":"tablet-align-left","9":"mobile-align-left","11":"first","12":"instock","13":"product-type-external"},"brands":[{"id":337,"name":"TRISCAN","slug":"triscan"}],"_links":{"self":[{"href":"https:\/\/www.autonvaraosahaku.fi\/index.php?rest_route=\/wp\/v2\/product\/48936","targetHints":{"allow":["GET"]}}],"collection":[{"href":"https:\/\/www.autonvaraosahaku.fi\/index.php?rest_route=\/wp\/v2\/product"}],"about":[{"href":"https:\/\/www.autonvaraosahaku.fi\/index.php?rest_route=\/wp\/v2\/types\/product"}],"wp:attachment":[{"href":"https:\/\/www.autonvaraosahaku.fi\/index.php?rest_route=%2Fwp%2Fv2%2Fmedia&parent=48936"}],"wp:term":[{"taxonomy":"pwb-brand","embeddable":true,"href":"https:\/\/www.autonvaraosahaku.fi\/index.php?rest_route=%2Fwp%2Fv2%2Fpwb-brand&post=48936"},{"taxonomy":"product_cat","embeddable":true,"href":"https:\/\/www.autonvaraosahaku.fi\/index.php?rest_route=%2Fwp%2Fv2%2Fproduct_cat&post=48936"},{"taxonomy":"product_tag","embeddable":true,"href":"https:\/\/www.autonvaraosahaku.fi\/index.php?rest_route=%2Fwp%2Fv2%2Fproduct_tag&post=48936"}],"curies":[{"name":"wp","href":"https:\/\/api.w.org\/{rel}","templated":true}]}}