{"id":48955,"date":"2021-02-21T17:23:59","date_gmt":"2021-02-21T17:23:59","guid":{"rendered":"https:\/\/www.autonvaraosahaku.fi\/?product=optimal-992723-pyoranlaakerit"},"modified":"2021-02-21T17:24:05","modified_gmt":"2021-02-21T17:24:05","slug":"optimal-992723-pyoranlaakerit","status":"publish","type":"product","link":"https:\/\/www.autonvaraosahaku.fi\/?product=optimal-992723-pyoranlaakerit","title":{"rendered":"OPTIMAL 992723 Py\u00f6r\u00e4nlaakerit"},"content":{"rendered":"<p>Asennuspuoli: Taka-akseli, Oikea, Vasen; Leveys (mm): 21,082; Sis\u00e4l\u00e4pimitta [mm]: 41,17, 64,38; Tasauspy\u00f6r\u00e4st\u00f6-tunnus: 8.8&#8221;; JEEP: CHEROKEE KJ,CHEROKEE XJ; DODGE: RAM 1500 Pick-up BE, BR,DURANGO DN,RAM 2500 Extended Cab Pickup US; FORD USA: EXPLORER U2,MUSTANG Coupe,MUSTANG Convertible,EXPLORER UN46,EXPLORER,RANGER; 3507898AB, 68003414AA, E3TZ1225A, ZZL026175, ZZL126175; Py\u00f6r\u00e4nlaakerisarja<\/p>\n","protected":false},"excerpt":{"rendered":"<p>OPTIMAL Py\u00f6r\u00e4nlaakerit 992723 Py\u00f6r\u00e4nlaakerisarja JEEP,DODGE,FORD USA,CHEROKEE KJ,CHEROKEE XJ,RAM 1500 Pick-up BE, BR,DURANGO DN<\/p>\n","protected":false},"featured_media":0,"template":"","meta":{"site-sidebar-layout":"default","site-content-layout":"default","ast-global-header-display":"","ast-main-header-display":"","ast-hfb-above-header-display":"","ast-hfb-below-header-display":"","ast-hfb-mobile-header-display":"","site-post-title":"","ast-breadcrumbs-content":"","ast-featured-img":"","footer-sml-layout":"","theme-transparent-header-meta":"","adv-header-id-meta":"","stick-header-meta":"","header-above-stick-meta":"","header-main-stick-meta":"","header-below-stick-meta":""},"pwb-brand":[307],"product_cat":[83],"product_tag":[],"class_list":{"0":"post-48955","1":"product","2":"type-product","3":"status-publish","5":"pwb-brand-optimal","6":"product_cat-pyoranlaakerit","7":"desktop-align-left","8":"tablet-align-left","9":"mobile-align-left","11":"first","12":"instock","13":"product-type-external"},"brands":[{"id":307,"name":"OPTIMAL","slug":"optimal"}],"_links":{"self":[{"href":"https:\/\/www.autonvaraosahaku.fi\/index.php?rest_route=\/wp\/v2\/product\/48955","targetHints":{"allow":["GET"]}}],"collection":[{"href":"https:\/\/www.autonvaraosahaku.fi\/index.php?rest_route=\/wp\/v2\/product"}],"about":[{"href":"https:\/\/www.autonvaraosahaku.fi\/index.php?rest_route=\/wp\/v2\/types\/product"}],"wp:attachment":[{"href":"https:\/\/www.autonvaraosahaku.fi\/index.php?rest_route=%2Fwp%2Fv2%2Fmedia&parent=48955"}],"wp:term":[{"taxonomy":"pwb-brand","embeddable":true,"href":"https:\/\/www.autonvaraosahaku.fi\/index.php?rest_route=%2Fwp%2Fv2%2Fpwb-brand&post=48955"},{"taxonomy":"product_cat","embeddable":true,"href":"https:\/\/www.autonvaraosahaku.fi\/index.php?rest_route=%2Fwp%2Fv2%2Fproduct_cat&post=48955"},{"taxonomy":"product_tag","embeddable":true,"href":"https:\/\/www.autonvaraosahaku.fi\/index.php?rest_route=%2Fwp%2Fv2%2Fproduct_tag&post=48955"}],"curies":[{"name":"wp","href":"https:\/\/api.w.org\/{rel}","templated":true}]}}