{"id":48977,"date":"2021-02-21T17:24:08","date_gmt":"2021-02-21T17:24:08","guid":{"rendered":"https:\/\/www.autonvaraosahaku.fi\/?product=freccia-r4974-r-pakoventtiili"},"modified":"2021-02-21T17:24:12","modified_gmt":"2021-02-21T17:24:12","slug":"freccia-r4974-r-pakoventtiili","status":"publish","type":"product","link":"https:\/\/www.autonvaraosahaku.fi\/?product=freccia-r4974-r-pakoventtiili","title":{"rendered":"FRECCIA R4974\/R Pakoventtiili"},"content":{"rendered":"<p>Venttiililautasen l\u00e4pimitta [mm]: 32,6; Venttiilinvarren l\u00e4pimitta [mm]: 7; Pituus (mm): 110,7; venttiiliistukan kulma [astetta]: 45; Materiaali: Kromi-mangani-nikkeliter\u00e4s; Liittimet: E; TECDOC-moottorinumero: 11427; VOLVO: V40 Kombi VW,S40 I VS; SUZUKI: GRAND VITARA II JT; OPEL: VIVARO Kasten F7,VIVARO Combi J7,MOVANO Kasten F9,MOVANO Combi J9,VIVARO Pritsche\/Fahrgestell E7; RENAULT: CLIO II BB0\/1\/2_, CB0\/1\/2_,KANGOO KC0\/1_,MEGANE III Grandtour KZ0\/1,ESPACE IV JK0\/1_,LAGUNA II Grandtour KG0\/1_,MEGANE II Kombi KM0\/1_,SC\u00c9NIC I JA0\/1_,MEGANE II Coup\u00e9-Cabriolet EM0\/1_,SC\u00c9NIC III JZ0\/1_,ESPACE III JE0_,MEGANE Scenic JA0\/1_,MEGANE III Schr\u00e4gheck BZ0_,LAGUNA II BG0\/1_,MEGANE II BM0\/1_, CM0\/1_,TRAFIC II Bus JL,GRAND SC\u00c9NIC III JZ0\/1_,MEGANE I BA0\/1_,MASTER II Kasten FD,TRAFIC II Kasten FL,MEGANE III Coupe DZ0\/1_,KANGOO Express FC0\/1_,MEGANE I Grandtour KA0\/1_,LAGUNA I B56_, 556_,LAGUNA I Grandtour K56_,MEGANE II Stufenheck LM0\/1_,MEGANE I Classic LA0\/1_,MEGANE I Coach DA0\/1_,MEGANE CC EZ0\/1_,MASTER II Bus JD,CLIO II Kasten SB0\/1\/2_,TRAFIC II Pritsche\/Fahrgestell EL; MITSUBISHI: SPACE STAR DG_A,CARISMA DA_,CARISMA Stufenheck DA_; VAUXHALL: VIVARO Kasten F7,MOVANO Mk I A Van FD,MOVANO Mk I A Combi JD,VIVARO Combi J7; 13202AW300, 30889403, 4415922, 7700110389, 7701471703, MW30620686, 1291567JG0<\/p>\n","protected":false},"excerpt":{"rendered":"<p>FRECCIA Pakoventtiili R4974\/R  VOLVO,SUZUKI,OPEL,V40 Kombi VW,S40 I VS,GRAND VITARA II JT,VIVARO Kasten F7,VIVARO Combi J7,MOVANO Kasten F9<\/p>\n","protected":false},"featured_media":0,"template":"","meta":{"site-sidebar-layout":"default","site-content-layout":"default","ast-global-header-display":"","ast-main-header-display":"","ast-hfb-above-header-display":"","ast-hfb-below-header-display":"","ast-hfb-mobile-header-display":"","site-post-title":"","ast-breadcrumbs-content":"","ast-featured-img":"","footer-sml-layout":"","theme-transparent-header-meta":"","adv-header-id-meta":"","stick-header-meta":"","header-above-stick-meta":"","header-main-stick-meta":"","header-below-stick-meta":""},"pwb-brand":[345],"product_cat":[209],"product_tag":[],"class_list":{"0":"post-48977","1":"product","2":"type-product","3":"status-publish","5":"pwb-brand-freccia","6":"product_cat-pakoventtiili","7":"desktop-align-left","8":"tablet-align-left","9":"mobile-align-left","11":"first","12":"instock","13":"product-type-external"},"brands":[{"id":345,"name":"FRECCIA","slug":"freccia"}],"_links":{"self":[{"href":"https:\/\/www.autonvaraosahaku.fi\/index.php?rest_route=\/wp\/v2\/product\/48977","targetHints":{"allow":["GET"]}}],"collection":[{"href":"https:\/\/www.autonvaraosahaku.fi\/index.php?rest_route=\/wp\/v2\/product"}],"about":[{"href":"https:\/\/www.autonvaraosahaku.fi\/index.php?rest_route=\/wp\/v2\/types\/product"}],"wp:attachment":[{"href":"https:\/\/www.autonvaraosahaku.fi\/index.php?rest_route=%2Fwp%2Fv2%2Fmedia&parent=48977"}],"wp:term":[{"taxonomy":"pwb-brand","embeddable":true,"href":"https:\/\/www.autonvaraosahaku.fi\/index.php?rest_route=%2Fwp%2Fv2%2Fpwb-brand&post=48977"},{"taxonomy":"product_cat","embeddable":true,"href":"https:\/\/www.autonvaraosahaku.fi\/index.php?rest_route=%2Fwp%2Fv2%2Fproduct_cat&post=48977"},{"taxonomy":"product_tag","embeddable":true,"href":"https:\/\/www.autonvaraosahaku.fi\/index.php?rest_route=%2Fwp%2Fv2%2Fproduct_tag&post=48977"}],"curies":[{"name":"wp","href":"https:\/\/api.w.org\/{rel}","templated":true}]}}